{"id":4035,"date":"2025-05-19T00:13:24","date_gmt":"2025-05-18T23:13:24","guid":{"rendered":"https:\/\/cdhubs.com\/?post_type=product&#038;p=4035"},"modified":"2025-05-19T00:18:26","modified_gmt":"2025-05-18T23:18:26","slug":"dark-souls-iii-xbox","status":"publish","type":"product","link":"https:\/\/cdhubs.com\/en\/product\/dark-souls-iii-xbox\/","title":{"rendered":"Dark Souls III XBOX"},"content":{"rendered":"<h2>\u00c0 propos de ce jeu<\/h2>\n<div class=\"bb_wide_img_ctn\"><img data-recalc-dims=\"1\" decoding=\"async\" class=\"bb_img\" src=\"https:\/\/i0.wp.com\/shared.fastly.steamstatic.com\/store_item_assets\/steam\/apps\/374320\/extras\/DarkSoulsIII_GIF1.gif?ssl=1\" \/><\/div>\n<p>Achetez le Season Pass de DARK SOULS\u2122\u00a0III d\u00e8s maintenant et mettez-vous au d\u00e9fi avec tout le contenu disponible\u00a0!<\/p>\n<p>Laur\u00e9at du gamescom Award 2015 dans la cat\u00e9gorie &#8220;Meilleur RPG&#8221; et d\u00e9tenteur de plus de 35\u00a0r\u00e9compenses et nominations \u00e0 l&#8217;E3.<\/p>\n<p>Dark\u00a0Souls\u00a0III repousse une fois de plus ses limites avec un nouveau chapitre ambitieux de la s\u00e9rie l\u00e9gendaire et encens\u00e9e par la critique.<\/p>\n<p>Alors que les flammes vacillantes de votre feu de camp r\u00e9v\u00e8lent un monde en ruines, plongez dans un univers immense peupl\u00e9 d&#8217;ennemis colossaux. D\u00e9couvrez un monde \u00e9pique et sombre au gameplay nerveux et aux combats toujours plus intenses. Fans inconditionnels ou nouveaux joueurs, laissez-vous submerger par les graphismes et le gameplay \u00e9poustouflants.<br \/>\nD\u00e9sormais, seules les braises subsistent. Pr\u00e9parez-vous \u00e0 embrasser les t\u00e9n\u00e8bres&#8230; encore une fois\u00a0!<br \/>\n<img data-recalc-dims=\"1\" decoding=\"async\" class=\"bb_img\" src=\"https:\/\/i0.wp.com\/shared.fastly.steamstatic.com\/store_item_assets\/steam\/apps\/374320\/extras\/DarkSoulsIII_GIF2.gif?ssl=1\" \/><\/p>\n","protected":false},"excerpt":{"rendered":"<p>\u0627\u0633\u062a\u0645\u062a\u0639 \u0628\u062a\u062c\u0631\u0628\u0629 \u0644\u0639\u0628 \u0623\u0635\u0644\u064a\u0629 \u0639\u0628\u0631 \u0643\u0648\u062f \u0627\u0633\u062a\u0631\u062f\u0627\u062f \u0631\u0633\u0645\u064a!<br \/>\n\u0627\u0634\u062a\u0631\u0650 \u0627\u0644\u0644\u0639\u0628\u0629 \u0627\u0644\u0622\u0646 \u0648\u0627\u062d\u0635\u0644 \u0639\u0644\u0649 \u0643\u0648\u062f \u0627\u0644\u062a\u0641\u0639\u064a\u0644 \u0627\u0644\u0631\u0642\u0645\u064a \u062e\u0644\u0627\u0644 10 \u0625\u0644\u0649 15 \u062f\u0642\u064a\u0642\u0629 \u0641\u0642\u0637 \u0628\u0639\u062f \u0627\u0644\u062f\u0641\u0639.<br \/>\n\u0642\u0645 \u0628\u0627\u0633\u062a\u062e\u062f\u0627\u0645 \u0627\u0644\u0643\u0648\u062f \u0639\u0644\u0649 \u0627\u0644\u0645\u0646\u0635\u0629 \u0627\u0644\u0645\u0646\u0627\u0633\u0628\u0629 (Steam\u060c Xbox\u060c PSN&#8230;) \u0648\u0633\u064a\u062a\u0645 \u0625\u0636\u0627\u0641\u0629 \u0627\u0644\u0644\u0639\u0628\u0629 \u062a\u0644\u0642\u0627\u0626\u064a\u0627\u064b \u0625\u0644\u0649 \u062d\u0633\u0627\u0628\u0643 \u0645\u062f\u0649 \u0627\u0644\u062d\u064a\u0627\u0629.<\/p>\n<p>\u0645\u0645\u064a\u0632\u0627\u062a \u0627\u0644\u0645\u0646\u062a\u062c:<br \/>\n\u0643\u0648\u062f \u0631\u0633\u0645\u064a \u0648\u0622\u0645\u0646 100%<\/p>\n<p>\u062a\u0633\u0644\u064a\u0645 \u0633\u0631\u064a\u0639 \u062e\u0644\u0627\u0644 10 &#8211; 15 \u062f\u0642\u064a\u0642\u0629<\/p>\n<p>\u062f\u0639\u0645 \u0641\u0646\u064a \u0641\u064a \u062d\u0627\u0644 \u0648\u0627\u062c\u0647\u062a \u0623\u064a \u0645\u0634\u0643\u0644\u0629<\/p>\n<p>\u0628\u062f\u0648\u0646 \u0627\u0634\u062a\u0631\u0627\u0643 \u0634\u0647\u0631\u064a \u2013 \u0634\u0631\u0627\u0621 \u0644\u0645\u0631\u0629 \u0648\u0627\u062d\u062f\u0629 \u0641\u0642\u0637<\/p>\n<p>\u0627\u0644\u0633\u0639\u0631 \u0627\u0644\u0623\u0641\u0636\u0644 \u0641\u064a \u0627\u0644\u0633\u0648\u0642 \u0627\u0644\u062c\u0632\u0627\u0626\u0631\u064a<\/p>\n<p>\u0643\u064a\u0641\u064a\u0629 \u0627\u0644\u0627\u0633\u062a\u0631\u062f\u0627\u062f:<br \/>\n\u0625\u0630\u0627 \u0644\u0645 \u062a\u0643\u0646 \u062a\u0639\u0631\u0641 \u0637\u0631\u064a\u0642\u0629 \u062a\u0641\u0639\u064a\u0644 \u0627\u0644\u0643\u0648\u062f\u060c \u0644\u0627 \u062a\u0642\u0644\u0642!<br \/>\n\u0628\u0639\u062f \u0639\u0645\u0644\u064a\u0629 \u0627\u0644\u0634\u0631\u0627\u0621\u060c \u0633\u064a\u062a\u0645 \u062a\u0648\u062c\u064a\u0647\u0643 \u062a\u0644\u0642\u0627\u0626\u064a\u0627\u064b \u0625\u0644\u0649 \u0635\u0641\u062d\u0629 \u0641\u064a\u0647\u0627 \u0641\u064a\u062f\u064a\u0648\u0647\u0627\u062a \u062a\u0634\u0631\u062d \u062e\u0637\u0648\u0629 \u0628\u062e\u0637\u0648\u0629 \u0643\u064a\u0641\u064a\u0629 \u0627\u0633\u062a\u0631\u062f\u0627\u062f \u0627\u0644\u0643\u0648\u062f \u0639\u0644\u0649 \u0643\u0644 \u0645\u0646\u0635\u0629 (Steam\u060c Xbox\u060c PS&#8230;).<\/p>\n","protected":false},"featured_media":4036,"comment_status":"open","ping_status":"closed","template":"","meta":{"googlesitekit_rrm_CAowv7G7DA:productID":"","om_disable_all_campaigns":false,"_monsterinsights_skip_tracking":false,"_monsterinsights_sitenote_active":false,"_monsterinsights_sitenote_note":"","_monsterinsights_sitenote_category":0,"jetpack_post_was_ever_published":false},"product_brand":[63],"product_cat":[48],"product_tag":[],"class_list":{"0":"post-4035","1":"product","2":"type-product","3":"status-publish","4":"has-post-thumbnail","6":"product_brand-xbox","7":"product_cat-xbox-one","9":"first","10":"instock","11":"sale","12":"virtual","13":"taxable","14":"purchasable","15":"product-type-simple"},"jetpack_sharing_enabled":true,"jetpack_likes_enabled":true,"_links":{"self":[{"href":"https:\/\/cdhubs.com\/en\/wp-json\/wp\/v2\/product\/4035","targetHints":{"allow":["GET"]}}],"collection":[{"href":"https:\/\/cdhubs.com\/en\/wp-json\/wp\/v2\/product"}],"about":[{"href":"https:\/\/cdhubs.com\/en\/wp-json\/wp\/v2\/types\/product"}],"replies":[{"embeddable":true,"href":"https:\/\/cdhubs.com\/en\/wp-json\/wp\/v2\/comments?post=4035"}],"version-history":[{"count":1,"href":"https:\/\/cdhubs.com\/en\/wp-json\/wp\/v2\/product\/4035\/revisions"}],"predecessor-version":[{"id":4037,"href":"https:\/\/cdhubs.com\/en\/wp-json\/wp\/v2\/product\/4035\/revisions\/4037"}],"wp:featuredmedia":[{"embeddable":true,"href":"https:\/\/cdhubs.com\/en\/wp-json\/wp\/v2\/media\/4036"}],"wp:attachment":[{"href":"https:\/\/cdhubs.com\/en\/wp-json\/wp\/v2\/media?parent=4035"}],"wp:term":[{"taxonomy":"product_brand","embeddable":true,"href":"https:\/\/cdhubs.com\/en\/wp-json\/wp\/v2\/product_brand?post=4035"},{"taxonomy":"product_cat","embeddable":true,"href":"https:\/\/cdhubs.com\/en\/wp-json\/wp\/v2\/product_cat?post=4035"},{"taxonomy":"product_tag","embeddable":true,"href":"https:\/\/cdhubs.com\/en\/wp-json\/wp\/v2\/product_tag?post=4035"}],"curies":[{"name":"wp","href":"https:\/\/api.w.org\/{rel}","templated":true}]}}