{"id":3756,"date":"2025-05-16T14:50:36","date_gmt":"2025-05-16T13:50:36","guid":{"rendered":"https:\/\/cdhubs.com\/?post_type=product&#038;p=3756"},"modified":"2025-05-16T14:50:36","modified_gmt":"2025-05-16T13:50:36","slug":"the-elder-scrolls-iv-remastered-pc","status":"publish","type":"product","link":"https:\/\/cdhubs.com\/en\/product\/the-elder-scrolls-iv-remastered-pc\/","title":{"rendered":"The Elder Scrolls IV Remastered PC"},"content":{"rendered":"<div id=\"aboutThisGame\" class=\"game_page_autocollapse\" data-panel=\"{&quot;type&quot;:&quot;PanelGroup&quot;}\">\n<div id=\"game_area_description\" class=\"game_area_description\">\n<h2>\u00c0 propos de ce jeu<\/h2>\n<p class=\"bb_paragraph\">Avec The Elder Scrolls IV: Oblivion\u2122 Remastered, le Jeu de l&#8217;ann\u00e9e 2006 se refait une beaut\u00e9 gr\u00e2ce \u00e0 de tout nouveaux visuels et un gameplay am\u00e9lior\u00e9. Explorez comme jamais les vastes paysages de Cyrodiil et emp\u00eachez les forces d&#8217;Oblivion d&#8217;envahir le monde, dans l&#8217;un des plus grands RPG du d\u00e9veloppeur multir\u00e9compens\u00e9 Bethesda Game Studios.<\/p>\n<div class=\"bb_wide_img_ctn\"><img data-recalc-dims=\"1\" decoding=\"async\" class=\"bb_img\" src=\"https:\/\/i0.wp.com\/shared.fastly.steamstatic.com\/store_item_assets\/steam\/apps\/2623190\/extras\/JAWS_Rediscover_for_Steam.gif?ssl=1\" \/><\/div>\n<p class=\"bb_paragraph\"><strong>Red\u00e9couvrez Cyrodiil<\/strong><\/p>\n<p class=\"bb_paragraph\">Arpentez l&#8217;environnement foisonnant de Tamriel et battez-vous \u00e0 travers les diff\u00e9rents plans d&#8217;Oblivion\u00a0: de nombreux \u00e9l\u00e9ments y ont \u00e9t\u00e9 m\u00e9ticuleusement recr\u00e9\u00e9s \u00e0 la main par les d\u00e9veloppeurs, afin de vous assurer des moments d&#8217;exploration grandioses.<\/p>\n<div class=\"bb_wide_img_ctn\"><img data-recalc-dims=\"1\" decoding=\"async\" class=\"bb_img\" src=\"https:\/\/i0.wp.com\/shared.fastly.steamstatic.com\/store_item_assets\/steam\/apps\/2623190\/extras\/JAWS_Your_Story_for_Steam.gif?ssl=1\" \/><\/div>\n<p class=\"bb_paragraph\"><strong>\u00c9crivez votre histoire<\/strong><\/p>\n<p class=\"bb_paragraph\">Tracez votre propre chemin et jouez comme vous l&#8217;entendez, sous les traits d&#8217;une noble guerri\u00e8re, d&#8217;un sinistre assassin, d&#8217;un vieil ensorceleur ou encore d&#8217;une forgeronne bagarreuse.<\/p>\n<div class=\"bb_wide_img_ctn\"><img data-recalc-dims=\"1\" decoding=\"async\" class=\"bb_img\" src=\"https:\/\/i0.wp.com\/shared.fastly.steamstatic.com\/store_item_assets\/steam\/apps\/2623190\/extras\/JAWS_Adventure_for_Steam.gif?ssl=1\" \/><\/div>\n<p class=\"bb_paragraph\"><strong>Vivez une aventure \u00e9pique<\/strong><\/p>\n<p class=\"bb_paragraph\">Posez le pied dans un univers in\u00e9puisable d&#8217;histoires captivantes et rencontrez une inoubliable cohorte de personnages. Ma\u00eetrisez le combat \u00e0 l&#8217;\u00e9p\u00e9e et maniez une puissante magie pour sauver Tamriel de l&#8217;invasion daedrique.<\/p>\n<div class=\"bb_wide_img_ctn\"><img data-recalc-dims=\"1\" decoding=\"async\" class=\"bb_img\" src=\"https:\/\/i0.wp.com\/shared.fastly.steamstatic.com\/store_item_assets\/steam\/apps\/2623190\/extras\/JAWS_Complete_Story_for_Steam.gif?ssl=1\" \/><\/div>\n<p class=\"bb_paragraph\"><strong>L&#8217;histoire compl\u00e8te<\/strong><\/p>\n<p class=\"bb_paragraph\">Ne vivez pas Oblivion \u00e0 moiti\u00e9 gr\u00e2ce aux extensions Shivering Isles et Knights of the Nine, ainsi qu&#8217;au contenu t\u00e9l\u00e9chargeable suppl\u00e9mentaire inclus dans The Elder Scrolls IV: Oblivion Remastered.<\/p>\n<\/div>\n<\/div>\n<div class=\"game_page_autocollapse_fade\"><\/div>\n","protected":false},"excerpt":{"rendered":"<p>\u0627\u0633\u062a\u0645\u062a\u0639 \u0628\u062a\u062c\u0631\u0628\u0629 \u0644\u0639\u0628 \u0623\u0635\u0644\u064a\u0629 \u0639\u0628\u0631 \u0643\u0648\u062f \u0627\u0633\u062a\u0631\u062f\u0627\u062f \u0631\u0633\u0645\u064a!<br \/>\n\u0627\u0634\u062a\u0631\u0650 \u0627\u0644\u0644\u0639\u0628\u0629 \u0627\u0644\u0622\u0646 \u0648\u0627\u062d\u0635\u0644 \u0639\u0644\u0649 \u0643\u0648\u062f \u0627\u0644\u062a\u0641\u0639\u064a\u0644 \u0627\u0644\u0631\u0642\u0645\u064a \u062e\u0644\u0627\u0644 10 \u0625\u0644\u0649 15 \u062f\u0642\u064a\u0642\u0629 \u0641\u0642\u0637 \u0628\u0639\u062f \u0627\u0644\u062f\u0641\u0639.<br \/>\n\u0642\u0645 \u0628\u0627\u0633\u062a\u062e\u062f\u0627\u0645 \u0627\u0644\u0643\u0648\u062f \u0639\u0644\u0649 \u0627\u0644\u0645\u0646\u0635\u0629 \u0627\u0644\u0645\u0646\u0627\u0633\u0628\u0629 (Steam\u060c Xbox\u060c PSN&#8230;) \u0648\u0633\u064a\u062a\u0645 \u0625\u0636\u0627\u0641\u0629 \u0627\u0644\u0644\u0639\u0628\u0629 \u062a\u0644\u0642\u0627\u0626\u064a\u0627\u064b \u0625\u0644\u0649 \u062d\u0633\u0627\u0628\u0643 \u0645\u062f\u0649 \u0627\u0644\u062d\u064a\u0627\u0629.<\/p>\n<p>\u0645\u0645\u064a\u0632\u0627\u062a \u0627\u0644\u0645\u0646\u062a\u062c:<br \/>\n\u0643\u0648\u062f \u0631\u0633\u0645\u064a \u0648\u0622\u0645\u0646 100%<\/p>\n<p>\u062a\u0633\u0644\u064a\u0645 \u0633\u0631\u064a\u0639 \u062e\u0644\u0627\u0644 10 &#8211; 15 \u062f\u0642\u064a\u0642\u0629<\/p>\n<p>\u062f\u0639\u0645 \u0641\u0646\u064a \u0641\u064a \u062d\u0627\u0644 \u0648\u0627\u062c\u0647\u062a \u0623\u064a \u0645\u0634\u0643\u0644\u0629<\/p>\n<p>\u0628\u062f\u0648\u0646 \u0627\u0634\u062a\u0631\u0627\u0643 \u0634\u0647\u0631\u064a \u2013 \u0634\u0631\u0627\u0621 \u0644\u0645\u0631\u0629 \u0648\u0627\u062d\u062f\u0629 \u0641\u0642\u0637<\/p>\n<p>\u0627\u0644\u0633\u0639\u0631 \u0627\u0644\u0623\u0641\u0636\u0644 \u0641\u064a \u0627\u0644\u0633\u0648\u0642 \u0627\u0644\u062c\u0632\u0627\u0626\u0631\u064a<\/p>\n<p>\u0643\u064a\u0641\u064a\u0629 \u0627\u0644\u0627\u0633\u062a\u0631\u062f\u0627\u062f:<br \/>\n\u0625\u0630\u0627 \u0644\u0645 \u062a\u0643\u0646 \u062a\u0639\u0631\u0641 \u0637\u0631\u064a\u0642\u0629 \u062a\u0641\u0639\u064a\u0644 \u0627\u0644\u0643\u0648\u062f\u060c \u0644\u0627 \u062a\u0642\u0644\u0642!<br \/>\n\u0628\u0639\u062f \u0639\u0645\u0644\u064a\u0629 \u0627\u0644\u0634\u0631\u0627\u0621\u060c \u0633\u064a\u062a\u0645 \u062a\u0648\u062c\u064a\u0647\u0643 \u062a\u0644\u0642\u0627\u0626\u064a\u0627\u064b \u0625\u0644\u0649 \u0635\u0641\u062d\u0629 \u0641\u064a\u0647\u0627 \u0641\u064a\u062f\u064a\u0648\u0647\u0627\u062a \u062a\u0634\u0631\u062d \u062e\u0637\u0648\u0629 \u0628\u062e\u0637\u0648\u0629 \u0643\u064a\u0641\u064a\u0629 \u0627\u0633\u062a\u0631\u062f\u0627\u062f \u0627\u0644\u0643\u0648\u062f \u0639\u0644\u0649 \u0643\u0644 \u0645\u0646\u0635\u0629 (Steam\u060c Xbox\u060c PS&#8230;).<\/p>\n","protected":false},"featured_media":3757,"comment_status":"open","ping_status":"closed","template":"","meta":{"googlesitekit_rrm_CAowv7G7DA:productID":"","om_disable_all_campaigns":false,"_monsterinsights_skip_tracking":false,"_monsterinsights_sitenote_active":false,"_monsterinsights_sitenote_note":"","_monsterinsights_sitenote_category":0,"jetpack_post_was_ever_published":false},"product_brand":[],"product_cat":[],"product_tag":[],"class_list":{"0":"post-3756","1":"product","2":"type-product","3":"status-publish","4":"has-post-thumbnail","7":"first","8":"instock","9":"sale","10":"virtual","11":"taxable","12":"purchasable","13":"product-type-simple"},"jetpack_sharing_enabled":true,"jetpack_likes_enabled":true,"_links":{"self":[{"href":"https:\/\/cdhubs.com\/en\/wp-json\/wp\/v2\/product\/3756","targetHints":{"allow":["GET"]}}],"collection":[{"href":"https:\/\/cdhubs.com\/en\/wp-json\/wp\/v2\/product"}],"about":[{"href":"https:\/\/cdhubs.com\/en\/wp-json\/wp\/v2\/types\/product"}],"replies":[{"embeddable":true,"href":"https:\/\/cdhubs.com\/en\/wp-json\/wp\/v2\/comments?post=3756"}],"version-history":[{"count":2,"href":"https:\/\/cdhubs.com\/en\/wp-json\/wp\/v2\/product\/3756\/revisions"}],"predecessor-version":[{"id":3759,"href":"https:\/\/cdhubs.com\/en\/wp-json\/wp\/v2\/product\/3756\/revisions\/3759"}],"wp:featuredmedia":[{"embeddable":true,"href":"https:\/\/cdhubs.com\/en\/wp-json\/wp\/v2\/media\/3757"}],"wp:attachment":[{"href":"https:\/\/cdhubs.com\/en\/wp-json\/wp\/v2\/media?parent=3756"}],"wp:term":[{"taxonomy":"product_brand","embeddable":true,"href":"https:\/\/cdhubs.com\/en\/wp-json\/wp\/v2\/product_brand?post=3756"},{"taxonomy":"product_cat","embeddable":true,"href":"https:\/\/cdhubs.com\/en\/wp-json\/wp\/v2\/product_cat?post=3756"},{"taxonomy":"product_tag","embeddable":true,"href":"https:\/\/cdhubs.com\/en\/wp-json\/wp\/v2\/product_tag?post=3756"}],"curies":[{"name":"wp","href":"https:\/\/api.w.org\/{rel}","templated":true}]}}