{"id":3706,"date":"2025-05-15T21:17:21","date_gmt":"2025-05-15T20:17:21","guid":{"rendered":"https:\/\/cdhubs.com\/?post_type=product&#038;p=3706"},"modified":"2025-05-15T21:20:55","modified_gmt":"2025-05-15T20:20:55","slug":"rust-xbox","status":"publish","type":"product","link":"https:\/\/cdhubs.com\/en\/product\/rust-xbox\/","title":{"rendered":"Rust XBOX"},"content":{"rendered":"<div id=\"aboutThisGame\" class=\"game_page_autocollapse\" data-panel=\"{&quot;type&quot;:&quot;PanelGroup&quot;}\">\n<div id=\"game_area_description\" class=\"game_area_description\">\n<h2>\u00c0 propos de ce jeu<\/h2>\n<p class=\"bb_paragraph\">Dans Rust, le seul but est de survivre. Sur cette \u00eele, tout ce qui vous entoure est une menace\u00a0: la faune, la nature, les autochtones, sans oublier les survivants eux-m\u00eames. Il ne vous faudra reculer devant rien, si vous voulez voir un nouveau jour se lever.<\/p>\n<div class=\"bb_wide_img_ctn\"><img data-recalc-dims=\"1\" decoding=\"async\" class=\"bb_img\" src=\"https:\/\/i0.wp.com\/shared.cloudflare.steamstatic.com\/store_item_assets\/steam\/apps\/252490\/extras\/Rust_Gif_Opt.gif?ssl=1\" \/><\/div>\n<h2 class=\"bb_tag\">\u00c0 PROPOS DU JEU<\/h2>\n<p class=\"bb_paragraph\">Dans Rust, le seul but est de survivre. Sur cette \u00eele, tout ce qui vous entoure est une menace\u00a0: la faune, la nature, les autochtones, sans oublier les survivants eux-m\u00eames. Il ne vous faudra reculer devant rien, si vous voulez voir un nouveau jour se lever.<\/p>\n<p class=\"bb_paragraph\">Depuis maintenant 11\u00a0ans et avec plus de 385\u00a0mises \u00e0 jour de contenu, \u00e0 raison d&#8217;une par mois minimum, Rust ne cesse de s&#8217;am\u00e9liorer. Ces mises \u00e0 jour comprennent des ajustements r\u00e9guliers de l&#8217;\u00e9quilibrage, des am\u00e9liorations de l&#8217;IA, des graphismes et de l&#8217;environnement, mais aussi un flot continu de nouveaut\u00e9s avec des v\u00e9hicules, de nouvelles cartes, toujours plus d&#8217;armes et toute une vari\u00e9t\u00e9 d&#8217;objets utilitaires. Nous organisons \u00e9galement r\u00e9guli\u00e8rement des \u00e9v\u00e9nements saisonniers. Il se passe toujours quelque chose de dangereux ou d&#8217;int\u00e9ressant sur l&#8217;\u00eele&#8230; et souvent les deux\u00a0!<\/p>\n<p class=\"bb_paragraph\">Parmi les nouveaut\u00e9s apport\u00e9es au jeu\u00a0:<\/p>\n<ul class=\"bb_ul\">\n<li>\n<p class=\"bb_paragraph\">Des mondes g\u00e9n\u00e9r\u00e9s de mani\u00e8re proc\u00e9durale et un \u00e9diteur de cartes accessible \u00e0 la communaut\u00e9.<\/p>\n<\/li>\n<li>\n<p class=\"bb_paragraph\">La possibilit\u00e9 d&#8217;h\u00e9berger vos propres serveurs avec les mods de votre choix.<\/p>\n<\/li>\n<li>\n<p class=\"bb_paragraph\">Des moyens de transport\u00a0: chevaux, voitures modulables, montgolfi\u00e8res, h\u00e9licopt\u00e8res, motos, trains, bateaux et plus encore&#8230;\u00a0!<\/p>\n<\/li>\n<li>\n<p class=\"bb_paragraph\">Des syst\u00e8mes complexes d&#8217;alimentation \u00e9lectrique, d&#8217;agriculture et d&#8217;automatisation.<\/p>\n<\/li>\n<li>\n<p class=\"bb_paragraph\">La construction de bases et tout l&#8217;\u00e9quipement n\u00e9cessaire pour attaquer celles des autres.<\/p>\n<\/li>\n<li>\n<p class=\"bb_paragraph\">Des factions, ennemis et animaux in\u00e9dits.<\/p>\n<\/li>\n<li>\n<p class=\"bb_paragraph\">De nouveaux monuments, environnements et zones \u00e0 explorer.<\/p>\n<\/li>\n<li>\n<p class=\"bb_paragraph\">Des zones sous-marines fascinantes \u00e0 d\u00e9couvrir.<\/p>\n<\/li>\n<li>\n<p class=\"bb_paragraph\">Des instruments de musique et la possibilit\u00e9 d&#8217;en jouer devant les autres.<\/p>\n<\/li>\n<li>\n<p class=\"bb_paragraph\">Un vaste r\u00e9seau ferroviaire, aussi bien sous terre qu&#8217;\u00e0 ciel ouvert.<\/p>\n<\/li>\n<li>\n<p class=\"bb_paragraph\">Une refonte r\u00e9cente des graphismes et un remaniement total des environnements.<\/p>\n<\/li>\n<li>\n<p class=\"bb_paragraph\">Seulement depuis 2025\u00a0: l&#8217;ajout du mode Primitif, accompagn\u00e9 d&#8217;armes et de v\u00e9hicules exclusifs.<\/p>\n<\/li>\n<li>\n<p class=\"bb_paragraph\">&#8230; et bien plus\u00a0!<\/p>\n<\/li>\n<\/ul>\n<h2 class=\"bb_tag\">EXPLOREZ<\/h2>\n<div class=\"bb_wide_img_ctn\"><img data-recalc-dims=\"1\" decoding=\"async\" class=\"bb_img\" src=\"https:\/\/i0.wp.com\/shared.cloudflare.steamstatic.com\/store_item_assets\/steam\/apps\/252490\/extras\/explore.jpg?ssl=1\" \/><\/div>\n<p class=\"bb_paragraph\">Vous vous r\u00e9veillez sur une \u00eele myst\u00e9rieuse, sans le moindre v\u00eatement, avec un rocher et une torche pour seuls outils. Il vous faudra survivre aux dangers de l&#8217;environnement, satisfaire vos besoins vitaux pour ne pas mourir de froid, de faim ou de soif, puis b\u00e2tir un abri, manger (de pr\u00e9f\u00e9rence avant qu&#8217;on ne vous mange) et r\u00e9colter des mat\u00e9riaux. Partez \u00e0 la d\u00e9couverte de l&#8217;\u00eele, de ses villages abandonn\u00e9s, de ses myst\u00e9rieux monuments et des factions qui y ont \u00e9tabli leur territoire.<br \/>\nMais surtout, m\u00e9fiez-vous des autres survivants&#8230;<\/p>\n<h2 class=\"bb_tag\">CONSTRUISEZ<\/h2>\n<div class=\"bb_wide_img_ctn\"><img data-recalc-dims=\"1\" decoding=\"async\" class=\"bb_img\" src=\"https:\/\/i0.wp.com\/shared.cloudflare.steamstatic.com\/store_item_assets\/steam\/apps\/252490\/extras\/build.jpg?ssl=1\" \/><\/div>\n<p class=\"bb_paragraph\">Imaginez et b\u00e2tissez des bases o\u00f9 mettre votre butin \u00e0 l&#8217;abri, d\u00e9fendez votre territoire et prenez le contr\u00f4le des ressources de l&#8217;\u00eele. Progressez dans l&#8217;arbre de recherche, \u00e9tablissez votre propre ferme, domptez l&#8217;\u00e9lectricit\u00e9 et utilisez tous les moyens de transport \u00e0 votre disposition pour arpenter l&#8217;\u00eele. Tous les moyens sont bons pour avoir une longueur d&#8217;avance.<\/p>\n<h2 class=\"bb_tag\">SURVIVEZ<\/h2>\n<div class=\"bb_wide_img_ctn\"><img data-recalc-dims=\"1\" decoding=\"async\" class=\"bb_img\" src=\"https:\/\/i0.wp.com\/shared.cloudflare.steamstatic.com\/store_item_assets\/steam\/apps\/252490\/extras\/survive.jpg?ssl=1\" \/><\/div>\n<p class=\"bb_paragraph\">Dans Rust, c&#8217;est vous qui imposez les r\u00e8gles. Fabriquez des outils, des armes et des armures pour vous d\u00e9fendre. Travaillez main dans la main avec vos amis, forgez des alliances et construisez de v\u00e9ritables villages ensemble. Parcourez l&#8217;\u00eele et observez ce qui s&#8217;y trame, \u00e9changez avec les autres joueurs\u2026 ou traquez-les pour piller leur base et leurs pr\u00e9cieuses ressources.<\/p>\n<p class=\"bb_paragraph\">\n<\/div>\n<\/div>\n<div class=\"game_page_autocollapse_fade\"><\/div>\n","protected":false},"excerpt":{"rendered":"<p>\u0627\u0633\u062a\u0645\u062a\u0639 \u0628\u062a\u062c\u0631\u0628\u0629 \u0644\u0639\u0628 \u0623\u0635\u0644\u064a\u0629 \u0639\u0628\u0631 \u0643\u0648\u062f \u0627\u0633\u062a\u0631\u062f\u0627\u062f \u0631\u0633\u0645\u064a!<br \/>\n\u0627\u0634\u062a\u0631\u0650 \u0627\u0644\u0644\u0639\u0628\u0629 \u0627\u0644\u0622\u0646 \u0648\u0627\u062d\u0635\u0644 \u0639\u0644\u0649 \u0643\u0648\u062f \u0627\u0644\u062a\u0641\u0639\u064a\u0644 \u0627\u0644\u0631\u0642\u0645\u064a \u062e\u0644\u0627\u0644 10 \u0625\u0644\u0649 15 \u062f\u0642\u064a\u0642\u0629 \u0641\u0642\u0637 \u0628\u0639\u062f \u0627\u0644\u062f\u0641\u0639.<br \/>\n\u0642\u0645 \u0628\u0627\u0633\u062a\u062e\u062f\u0627\u0645 \u0627\u0644\u0643\u0648\u062f \u0639\u0644\u0649 \u0627\u0644\u0645\u0646\u0635\u0629 \u0627\u0644\u0645\u0646\u0627\u0633\u0628\u0629 (Steam\u060c Xbox\u060c PSN&#8230;) \u0648\u0633\u064a\u062a\u0645 \u0625\u0636\u0627\u0641\u0629 \u0627\u0644\u0644\u0639\u0628\u0629 \u062a\u0644\u0642\u0627\u0626\u064a\u0627\u064b \u0625\u0644\u0649 \u062d\u0633\u0627\u0628\u0643 \u0645\u062f\u0649 \u0627\u0644\u062d\u064a\u0627\u0629.<\/p>\n<p>\u0645\u0645\u064a\u0632\u0627\u062a \u0627\u0644\u0645\u0646\u062a\u062c:<br \/>\n\u0643\u0648\u062f \u0631\u0633\u0645\u064a \u0648\u0622\u0645\u0646 100%<\/p>\n<p>\u062a\u0633\u0644\u064a\u0645 \u0633\u0631\u064a\u0639 \u062e\u0644\u0627\u0644 10 &#8211; 15 \u062f\u0642\u064a\u0642\u0629<\/p>\n<p>\u062f\u0639\u0645 \u0641\u0646\u064a \u0641\u064a \u062d\u0627\u0644 \u0648\u0627\u062c\u0647\u062a \u0623\u064a \u0645\u0634\u0643\u0644\u0629<\/p>\n<p>\u0628\u062f\u0648\u0646 \u0627\u0634\u062a\u0631\u0627\u0643 \u0634\u0647\u0631\u064a \u2013 \u0634\u0631\u0627\u0621 \u0644\u0645\u0631\u0629 \u0648\u0627\u062d\u062f\u0629 \u0641\u0642\u0637<\/p>\n<p>\u0627\u0644\u0633\u0639\u0631 \u0627\u0644\u0623\u0641\u0636\u0644 \u0641\u064a \u0627\u0644\u0633\u0648\u0642 \u0627\u0644\u062c\u0632\u0627\u0626\u0631\u064a<\/p>\n<p>\u0643\u064a\u0641\u064a\u0629 \u0627\u0644\u0627\u0633\u062a\u0631\u062f\u0627\u062f:<br \/>\n\u0625\u0630\u0627 \u0644\u0645 \u062a\u0643\u0646 \u062a\u0639\u0631\u0641 \u0637\u0631\u064a\u0642\u0629 \u062a\u0641\u0639\u064a\u0644 \u0627\u0644\u0643\u0648\u062f\u060c \u0644\u0627 \u062a\u0642\u0644\u0642!<br \/>\n\u0628\u0639\u062f \u0639\u0645\u0644\u064a\u0629 \u0627\u0644\u0634\u0631\u0627\u0621\u060c \u0633\u064a\u062a\u0645 \u062a\u0648\u062c\u064a\u0647\u0643 \u062a\u0644\u0642\u0627\u0626\u064a\u0627\u064b \u0625\u0644\u0649 \u0635\u0641\u062d\u0629 \u0641\u064a\u0647\u0627 \u0641\u064a\u062f\u064a\u0648\u0647\u0627\u062a \u062a\u0634\u0631\u062d \u062e\u0637\u0648\u0629 \u0628\u062e\u0637\u0648\u0629 \u0643\u064a\u0641\u064a\u0629 \u0627\u0633\u062a\u0631\u062f\u0627\u062f \u0627\u0644\u0643\u0648\u062f \u0639\u0644\u0649 \u0643\u0644 \u0645\u0646\u0635\u0629 (Steam\u060c Xbox\u060c PS&#8230;).<\/p>\n","protected":false},"featured_media":3707,"comment_status":"open","ping_status":"closed","template":"","meta":{"googlesitekit_rrm_CAowv7G7DA:productID":"","om_disable_all_campaigns":false,"_monsterinsights_skip_tracking":false,"_monsterinsights_sitenote_active":false,"_monsterinsights_sitenote_note":"","_monsterinsights_sitenote_category":0,"jetpack_post_was_ever_published":false},"product_brand":[63],"product_cat":[48,49],"product_tag":[],"class_list":{"0":"post-3706","1":"product","2":"type-product","3":"status-publish","4":"has-post-thumbnail","6":"product_brand-xbox","7":"product_cat-xbox-one","8":"product_cat-xbox-series-xs","10":"first","11":"instock","12":"sale","13":"virtual","14":"taxable","15":"purchasable","16":"product-type-simple"},"jetpack_sharing_enabled":true,"jetpack_likes_enabled":true,"_links":{"self":[{"href":"https:\/\/cdhubs.com\/en\/wp-json\/wp\/v2\/product\/3706","targetHints":{"allow":["GET"]}}],"collection":[{"href":"https:\/\/cdhubs.com\/en\/wp-json\/wp\/v2\/product"}],"about":[{"href":"https:\/\/cdhubs.com\/en\/wp-json\/wp\/v2\/types\/product"}],"replies":[{"embeddable":true,"href":"https:\/\/cdhubs.com\/en\/wp-json\/wp\/v2\/comments?post=3706"}],"version-history":[{"count":2,"href":"https:\/\/cdhubs.com\/en\/wp-json\/wp\/v2\/product\/3706\/revisions"}],"predecessor-version":[{"id":3710,"href":"https:\/\/cdhubs.com\/en\/wp-json\/wp\/v2\/product\/3706\/revisions\/3710"}],"wp:featuredmedia":[{"embeddable":true,"href":"https:\/\/cdhubs.com\/en\/wp-json\/wp\/v2\/media\/3707"}],"wp:attachment":[{"href":"https:\/\/cdhubs.com\/en\/wp-json\/wp\/v2\/media?parent=3706"}],"wp:term":[{"taxonomy":"product_brand","embeddable":true,"href":"https:\/\/cdhubs.com\/en\/wp-json\/wp\/v2\/product_brand?post=3706"},{"taxonomy":"product_cat","embeddable":true,"href":"https:\/\/cdhubs.com\/en\/wp-json\/wp\/v2\/product_cat?post=3706"},{"taxonomy":"product_tag","embeddable":true,"href":"https:\/\/cdhubs.com\/en\/wp-json\/wp\/v2\/product_tag?post=3706"}],"curies":[{"name":"wp","href":"https:\/\/api.w.org\/{rel}","templated":true}]}}