{"id":3674,"date":"2025-05-10T21:18:29","date_gmt":"2025-05-10T20:18:29","guid":{"rendered":"https:\/\/cdhubs.com\/?post_type=product&#038;p=3674"},"modified":"2025-05-10T21:22:47","modified_gmt":"2025-05-10T20:22:47","slug":"split-fiction-psn","status":"publish","type":"product","link":"https:\/\/cdhubs.com\/en\/product\/split-fiction-psn\/","title":{"rendered":"Split Fiction PSN"},"content":{"rendered":"<div id=\"aboutThisGame\" class=\"game_page_autocollapse\" data-panel=\"{&quot;type&quot;:&quot;PanelGroup&quot;}\">\n<div id=\"game_area_description\" class=\"game_area_description\">\n<h2>\u00c0 propos de ce jeu<\/h2>\n<p>Vivez des moments inoubliables en explorant les diff\u00e9rents mondes de Split Fiction, un jeu d&#8217;aventure en coop\u00e9ration qui repousse les limites du genre avec son univers original et bourr\u00e9 d&#8217;action imagin\u00e9 par le studio ayant cr\u00e9\u00e9 It Takes Two, le Jeu de l&#8217;ann\u00e9e 2021. Rencontrez Mio et Zo\u00e9, deux sc\u00e9naristes aux profils contrast\u00e9s sp\u00e9cialis\u00e9es respectivement dans la science-fiction et la fantasy, qui se retrouvent prises au pi\u00e8ge dans leurs propres histoires apr\u00e8s avoir \u00e9t\u00e9 happ\u00e9es au sein d&#8217;une machine con\u00e7ue pour voler leurs id\u00e9es cr\u00e9atives. Elles pourront uniquement compter l&#8217;une sur l&#8217;autre pour en r\u00e9chapper sans perdre la m\u00e9moire, en collaborant pour ma\u00eetriser diverses capacit\u00e9s et relever des d\u00e9fis vari\u00e9s dans des mondes fascinants de science-fiction et de fantasy, imbriqu\u00e9s dans un r\u00e9cit d&#8217;amiti\u00e9 inattendu.<\/p>\n<p>Split Fiction est une exp\u00e9rience d&#8217;action-aventure unique en son genre qui vous tiendra en haleine sur votre canap\u00e9 avec ses moments inattendus, qui vous am\u00e8neront aussi bien \u00e0 apprivoiser d&#8217;adorables dragons qu&#8217;\u00e0 combattre en tant que cyberninjas, quand il ne s&#8217;agira pas d&#8217;\u00e9chapper \u00e0 des trolls terrifiants ou d&#8217;esquiver les voitures qu&#8217;un robot-voiturier vous lance \u00e0 la figure. Partagez une exp\u00e9rience aussi \u00e9trange que d\u00e9cal\u00e9e !<\/p>\n<p>Jouez en coop\u00e9ration avec votre partenaire pour surmonter une kyrielle d&#8217;obstacles !<\/p>\n<div class=\"bb_wide_img_ctn\"><img data-recalc-dims=\"1\" decoding=\"async\" class=\"bb_img\" src=\"https:\/\/i0.wp.com\/shared.fastly.steamstatic.com\/store_item_assets\/steam\/apps\/2001120\/extras\/EA_GLO_STEAM_SPLIT_FICTION_BLADES_LOCA_UPDATE_FR.gif?ssl=1\" \/><\/div>\n<\/div>\n<\/div>\n<div class=\"game_page_autocollapse_fade\"><\/div>\n","protected":false},"excerpt":{"rendered":"<p>\u0627\u0633\u062a\u0645\u062a\u0639 \u0628\u062a\u062c\u0631\u0628\u0629 \u0644\u0639\u0628 \u0623\u0635\u0644\u064a\u0629 \u0639\u0628\u0631 \u0643\u0648\u062f \u0627\u0633\u062a\u0631\u062f\u0627\u062f \u0631\u0633\u0645\u064a!<br \/>\n\u0627\u0634\u062a\u0631\u0650 \u0627\u0644\u0644\u0639\u0628\u0629 \u0627\u0644\u0622\u0646 \u0648\u0627\u062d\u0635\u0644 \u0639\u0644\u0649 \u0643\u0648\u062f \u0627\u0644\u062a\u0641\u0639\u064a\u0644 \u0627\u0644\u0631\u0642\u0645\u064a \u062e\u0644\u0627\u0644 10 \u0625\u0644\u0649 15 \u062f\u0642\u064a\u0642\u0629 \u0641\u0642\u0637 \u0628\u0639\u062f \u0627\u0644\u062f\u0641\u0639.<br \/>\n\u0642\u0645 \u0628\u0627\u0633\u062a\u062e\u062f\u0627\u0645 \u0627\u0644\u0643\u0648\u062f \u0639\u0644\u0649 \u0627\u0644\u0645\u0646\u0635\u0629 \u0627\u0644\u0645\u0646\u0627\u0633\u0628\u0629 (Steam\u060c Xbox\u060c PSN&#8230;) \u0648\u0633\u064a\u062a\u0645 \u0625\u0636\u0627\u0641\u0629 \u0627\u0644\u0644\u0639\u0628\u0629 \u062a\u0644\u0642\u0627\u0626\u064a\u0627\u064b \u0625\u0644\u0649 \u062d\u0633\u0627\u0628\u0643 \u0645\u062f\u0649 \u0627\u0644\u062d\u064a\u0627\u0629.<\/p>\n<p>\u0645\u0645\u064a\u0632\u0627\u062a \u0627\u0644\u0645\u0646\u062a\u062c:<br \/>\n\u0643\u0648\u062f \u0631\u0633\u0645\u064a \u0648\u0622\u0645\u0646 100%<\/p>\n<p>\u062a\u0633\u0644\u064a\u0645 \u0633\u0631\u064a\u0639 \u062e\u0644\u0627\u0644 10 &#8211; 15 \u062f\u0642\u064a\u0642\u0629<\/p>\n<p>\u062f\u0639\u0645 \u0641\u0646\u064a \u0641\u064a \u062d\u0627\u0644 \u0648\u0627\u062c\u0647\u062a \u0623\u064a \u0645\u0634\u0643\u0644\u0629<\/p>\n<p>\u0628\u062f\u0648\u0646 \u0627\u0634\u062a\u0631\u0627\u0643 \u0634\u0647\u0631\u064a \u2013 \u0634\u0631\u0627\u0621 \u0644\u0645\u0631\u0629 \u0648\u0627\u062d\u062f\u0629 \u0641\u0642\u0637<\/p>\n<p>\u0627\u0644\u0633\u0639\u0631 \u0627\u0644\u0623\u0641\u0636\u0644 \u0641\u064a \u0627\u0644\u0633\u0648\u0642 \u0627\u0644\u062c\u0632\u0627\u0626\u0631\u064a<\/p>\n<p>\u0643\u064a\u0641\u064a\u0629 \u0627\u0644\u0627\u0633\u062a\u0631\u062f\u0627\u062f:<br \/>\n\u0625\u0630\u0627 \u0644\u0645 \u062a\u0643\u0646 \u062a\u0639\u0631\u0641 \u0637\u0631\u064a\u0642\u0629 \u062a\u0641\u0639\u064a\u0644 \u0627\u0644\u0643\u0648\u062f\u060c \u0644\u0627 \u062a\u0642\u0644\u0642!<br \/>\n\u0628\u0639\u062f \u0639\u0645\u0644\u064a\u0629 \u0627\u0644\u0634\u0631\u0627\u0621\u060c \u0633\u064a\u062a\u0645 \u062a\u0648\u062c\u064a\u0647\u0643 \u062a\u0644\u0642\u0627\u0626\u064a\u0627\u064b \u0625\u0644\u0649 \u0635\u0641\u062d\u0629 \u0641\u064a\u0647\u0627 \u0641\u064a\u062f\u064a\u0648\u0647\u0627\u062a \u062a\u0634\u0631\u062d \u062e\u0637\u0648\u0629 \u0628\u062e\u0637\u0648\u0629 \u0643\u064a\u0641\u064a\u0629 \u0627\u0633\u062a\u0631\u062f\u0627\u062f \u0627\u0644\u0643\u0648\u062f \u0639\u0644\u0649 \u0643\u0644 \u0645\u0646\u0635\u0629 (Steam\u060c Xbox\u060c PS&#8230;).<\/p>\n","protected":false},"featured_media":3676,"comment_status":"open","ping_status":"closed","template":"","meta":{"googlesitekit_rrm_CAowv7G7DA:productID":"","om_disable_all_campaigns":false,"_monsterinsights_skip_tracking":false,"_monsterinsights_sitenote_active":false,"_monsterinsights_sitenote_note":"","_monsterinsights_sitenote_category":0,"jetpack_post_was_ever_published":false},"product_brand":[],"product_cat":[58],"product_tag":[],"class_list":{"0":"post-3674","1":"product","2":"type-product","3":"status-publish","4":"has-post-thumbnail","6":"product_cat-ps5","8":"first","9":"instock","10":"sale","11":"virtual","12":"taxable","13":"purchasable","14":"product-type-simple"},"jetpack_sharing_enabled":true,"jetpack_likes_enabled":true,"_links":{"self":[{"href":"https:\/\/cdhubs.com\/en\/wp-json\/wp\/v2\/product\/3674","targetHints":{"allow":["GET"]}}],"collection":[{"href":"https:\/\/cdhubs.com\/en\/wp-json\/wp\/v2\/product"}],"about":[{"href":"https:\/\/cdhubs.com\/en\/wp-json\/wp\/v2\/types\/product"}],"replies":[{"embeddable":true,"href":"https:\/\/cdhubs.com\/en\/wp-json\/wp\/v2\/comments?post=3674"}],"version-history":[{"count":1,"href":"https:\/\/cdhubs.com\/en\/wp-json\/wp\/v2\/product\/3674\/revisions"}],"predecessor-version":[{"id":3677,"href":"https:\/\/cdhubs.com\/en\/wp-json\/wp\/v2\/product\/3674\/revisions\/3677"}],"wp:featuredmedia":[{"embeddable":true,"href":"https:\/\/cdhubs.com\/en\/wp-json\/wp\/v2\/media\/3676"}],"wp:attachment":[{"href":"https:\/\/cdhubs.com\/en\/wp-json\/wp\/v2\/media?parent=3674"}],"wp:term":[{"taxonomy":"product_brand","embeddable":true,"href":"https:\/\/cdhubs.com\/en\/wp-json\/wp\/v2\/product_brand?post=3674"},{"taxonomy":"product_cat","embeddable":true,"href":"https:\/\/cdhubs.com\/en\/wp-json\/wp\/v2\/product_cat?post=3674"},{"taxonomy":"product_tag","embeddable":true,"href":"https:\/\/cdhubs.com\/en\/wp-json\/wp\/v2\/product_tag?post=3674"}],"curies":[{"name":"wp","href":"https:\/\/api.w.org\/{rel}","templated":true}]}}