{"id":3001,"date":"2025-04-24T22:33:48","date_gmt":"2025-04-24T22:33:48","guid":{"rendered":"https:\/\/cdhubs.com\/?post_type=product&#038;p=3001"},"modified":"2025-04-26T14:15:26","modified_gmt":"2025-04-26T14:15:26","slug":"fabledom-xbox","status":"publish","type":"product","link":"https:\/\/cdhubs.com\/en\/product\/fabledom-xbox\/","title":{"rendered":"Fabledom XBOX"},"content":{"rendered":"<div id=\"aboutThisGame\" class=\"game_page_autocollapse\" data-panel=\"{&quot;type&quot;:&quot;PanelGroup&quot;}\">\n<div id=\"game_area_description\" class=\"game_area_description\">\n<h2>\u00c0 propos de ce jeu<\/h2>\n<div class=\"bb_wide_img_ctn\"><img data-recalc-dims=\"1\" decoding=\"async\" class=\"bb_img\" src=\"https:\/\/i0.wp.com\/shared.fastly.steamstatic.com\/store_item_assets\/steam\/apps\/1651560\/extras\/Banner_Discord_V2.png?ssl=1\" \/><\/div>\n<p><img data-recalc-dims=\"1\" decoding=\"async\" class=\"bb_img\" src=\"https:\/\/i0.wp.com\/shared.fastly.steamstatic.com\/store_item_assets\/steam\/apps\/1651560\/extras\/FAB_Steam.gif?ssl=1\" \/><\/p>\n<p>Bienvenue, Votre Altesse\u00a0! De vastes terres n&#8217;attendent qu\u2019\u00e0 \u00eatre colonis\u00e9es par vos hommes.<\/p>\n<p>Fabledom est un jeu de construction de ville accessible et intuitif,\u00a0facile \u00e0 prendre en main et jouable par tous, mais qui peut \u00e9galement offrir un d\u00e9fi aux joueurs plus exp\u00e9riment\u00e9s gr\u00e2ce \u00e0 ses param\u00e8tres de difficult\u00e9.<\/p>\n<p>Dans un monde \u00e9trange o\u00f9 les r\u00eaves deviennent r\u00e9alit\u00e9, assistez \u00e0 la croissance de votre village. Suivez le quotidien de vos citoyens et observez vos relations avec les empires voisins na\u00eetre et faner.<\/p>\n<h2 class=\"bb_tag\">Transformez votre petit village en royaume florissant de contes de f\u00e9es.<\/h2>\n<div class=\"bb_wide_img_ctn\"><img data-recalc-dims=\"1\" decoding=\"async\" class=\"bb_img\" src=\"https:\/\/i0.wp.com\/shared.fastly.steamstatic.com\/store_item_assets\/steam\/apps\/1651560\/extras\/FAB_STEAM_GIF_01.gif?ssl=1\" \/><\/div>\n<p>Trouvez la terre promise, installez-vous et prosp\u00e9rez\u00a0! Vous devrez vous servir de toutes les ressources disponibles pour agrandir votre ville et prosp\u00e9rer. Construisez et fa\u00e7onnez une ville digne de vos citoyens\u202f!<\/p>\n<h2 class=\"bb_tag\">Rencontrez et interagissez avec des cr\u00e9atures magiques.<\/h2>\n<p><img data-recalc-dims=\"1\" decoding=\"async\" class=\"bb_img\" src=\"https:\/\/i0.wp.com\/shared.fastly.steamstatic.com\/store_item_assets\/steam\/apps\/1651560\/extras\/FAB_STEAM_GIF_2_v02.gif?ssl=1\" \/><\/p>\n<p>D\u00e9couvrez un monde de conte de f\u00e9es rempli de cochons volants, de g\u00e9ants, de gnomes et bien plus encore. Explorez chaque recoin de ce monde magique, mais m\u00e9fiez-vous des s\u0153urs sorci\u00e8res et du dragon mena\u00e7ant si vous ne voulez pas que le conte de f\u00e9e se transforme en cauchemar !<\/p>\n<h2 class=\"bb_tag\">Adaptez votre style de jeu pour trouver le grand amour !<\/h2>\n<p><img data-recalc-dims=\"1\" decoding=\"async\" class=\"bb_img\" src=\"https:\/\/i0.wp.com\/shared.fastly.steamstatic.com\/store_item_assets\/steam\/apps\/1651560\/extras\/FAB_STEAM_GIF_3.gif?ssl=1\" \/><\/p>\n<p>Votre fa\u00e7on de jouer sera fortement influenc\u00e9e par l&#8217;aspect romantique du jeu. L\u2019accent mis par Fabledom sur l\u2019amour et la candeur offre des m\u00e9caniques de construction de ville novatrices puisque vous pourrez choisir entre 6 souverains diff\u00e9rents avec lesquels interagir, obtenir des qu\u00eates et des b\u00e2timents uniques pour votre royaume !<\/p>\n<h2 class=\"bb_tag\">Formez une arm\u00e9e pour prot\u00e9ger votre royaume.<\/h2>\n<p><img data-recalc-dims=\"1\" decoding=\"async\" class=\"bb_img\" src=\"https:\/\/i0.wp.com\/shared.fastly.steamstatic.com\/store_item_assets\/steam\/apps\/1651560\/extras\/FAB_STEAM_GIF_4.gif?ssl=1\" \/><\/p>\n<p>Abreuvez vos Fablings de pi\u00e8ces en construisant une mine mystique, mais gare aux trolls qui sont tr\u00e8s friands de ce genre de projets. Rassemblez votre arm\u00e9e et vos h\u00e9ros pour prot\u00e9ger votre royaume de leur invasion malveillante !<\/p>\n<h2 class=\"bb_tag\">Des contes pleins d\u2019\u00e9changes, de conflits et d\u2019alliances.<\/h2>\n<p><img data-recalc-dims=\"1\" decoding=\"async\" class=\"bb_img\" src=\"https:\/\/i0.wp.com\/shared.fastly.steamstatic.com\/store_item_assets\/steam\/apps\/1651560\/extras\/FAB_STEAM_GIF_5_v02.gif?ssl=1\" \/><\/p>\n<p>D\u00e9finissez votre \u00e9conomie et \u00e9changez des ressources rares pour \u00e9tendre et d\u00e9velopper votre empire. Fabledom propose de nombreuses fa\u00e7ons d&#8217;interagir avec les autres royaumes. Votre fa\u00e7on de g\u00e9rer la diplomatie fa\u00e7onnera vos progr\u00e8s.<\/p>\n<p>Fabledom s&#8217;inspire de jeux extraordinaires tels que :<br \/>\n&#8211; The Settlers<br \/>\n&#8211; Foundation<br \/>\n&#8211; Kingdoms and Castles<\/p>\n<div class=\"bb_wide_img_ctn\"><img data-recalc-dims=\"1\" decoding=\"async\" class=\"bb_img\" src=\"https:\/\/i0.wp.com\/shared.fastly.steamstatic.com\/store_item_assets\/steam\/apps\/1651560\/extras\/addtowishlist.gif?ssl=1\" \/><\/div>\n<div class=\"bb_wide_img_ctn\"><\/div>\n<\/div>\n<\/div>\n<div class=\"game_page_autocollapse_fade\">\n<div class=\"game_page_autocollapse_readmore\">E<\/div>\n<\/div>\n","protected":false},"excerpt":{"rendered":"<p>\u0627\u0633\u062a\u0645\u062a\u0639 \u0628\u062a\u062c\u0631\u0628\u0629 \u0644\u0639\u0628 \u0623\u0635\u0644\u064a\u0629 \u0639\u0628\u0631 \u0643\u0648\u062f \u0627\u0633\u062a\u0631\u062f\u0627\u062f \u0631\u0633\u0645\u064a!<br \/>\n\u0627\u0634\u062a\u0631\u0650 \u0627\u0644\u0644\u0639\u0628\u0629 \u0627\u0644\u0622\u0646 \u0648\u0627\u062d\u0635\u0644 \u0639\u0644\u0649 \u0643\u0648\u062f \u0627\u0644\u062a\u0641\u0639\u064a\u0644 \u0627\u0644\u0631\u0642\u0645\u064a \u062e\u0644\u0627\u0644 10 \u0625\u0644\u0649 15 \u062f\u0642\u064a\u0642\u0629 \u0641\u0642\u0637 \u0628\u0639\u062f \u0627\u0644\u062f\u0641\u0639.<br \/>\n\u0642\u0645 \u0628\u0627\u0633\u062a\u062e\u062f\u0627\u0645 \u0627\u0644\u0643\u0648\u062f \u0639\u0644\u0649 \u0627\u0644\u0645\u0646\u0635\u0629 \u0627\u0644\u0645\u0646\u0627\u0633\u0628\u0629 (Steam\u060c Xbox\u060c PSN&#8230;) \u0648\u0633\u064a\u062a\u0645 \u0625\u0636\u0627\u0641\u0629 \u0627\u0644\u0644\u0639\u0628\u0629 \u062a\u0644\u0642\u0627\u0626\u064a\u0627\u064b \u0625\u0644\u0649 \u062d\u0633\u0627\u0628\u0643 \u0645\u062f\u0649 \u0627\u0644\u062d\u064a\u0627\u0629.<\/p>\n<p>\u0645\u0645\u064a\u0632\u0627\u062a \u0627\u0644\u0645\u0646\u062a\u062c:<br \/>\n\u0643\u0648\u062f \u0631\u0633\u0645\u064a \u0648\u0622\u0645\u0646 100%<\/p>\n<p>\u062a\u0633\u0644\u064a\u0645 \u0633\u0631\u064a\u0639 \u062e\u0644\u0627\u0644 10 &#8211; 15 \u062f\u0642\u064a\u0642\u0629<\/p>\n<p>\u062f\u0639\u0645 \u0641\u0646\u064a \u0641\u064a \u062d\u0627\u0644 \u0648\u0627\u062c\u0647\u062a \u0623\u064a \u0645\u0634\u0643\u0644\u0629<\/p>\n<p>\u0628\u062f\u0648\u0646 \u0627\u0634\u062a\u0631\u0627\u0643 \u0634\u0647\u0631\u064a \u2013 \u0634\u0631\u0627\u0621 \u0644\u0645\u0631\u0629 \u0648\u0627\u062d\u062f\u0629 \u0641\u0642\u0637<\/p>\n<p>\u0627\u0644\u0633\u0639\u0631 \u0627\u0644\u0623\u0641\u0636\u0644 \u0641\u064a \u0627\u0644\u0633\u0648\u0642 \u0627\u0644\u062c\u0632\u0627\u0626\u0631\u064a<\/p>\n<p>\u0643\u064a\u0641\u064a\u0629 \u0627\u0644\u0627\u0633\u062a\u0631\u062f\u0627\u062f:<br \/>\n\u0625\u0630\u0627 \u0644\u0645 \u062a\u0643\u0646 \u062a\u0639\u0631\u0641 \u0637\u0631\u064a\u0642\u0629 \u062a\u0641\u0639\u064a\u0644 \u0627\u0644\u0643\u0648\u062f\u060c \u0644\u0627 \u062a\u0642\u0644\u0642!<br \/>\n\u0628\u0639\u062f \u0639\u0645\u0644\u064a\u0629 \u0627\u0644\u0634\u0631\u0627\u0621\u060c \u0633\u064a\u062a\u0645 \u062a\u0648\u062c\u064a\u0647\u0643 \u062a\u0644\u0642\u0627\u0626\u064a\u0627\u064b \u0625\u0644\u0649 \u0635\u0641\u062d\u0629 \u0641\u064a\u0647\u0627 \u0641\u064a\u062f\u064a\u0648\u0647\u0627\u062a \u062a\u0634\u0631\u062d \u062e\u0637\u0648\u0629 \u0628\u062e\u0637\u0648\u0629 \u0643\u064a\u0641\u064a\u0629 \u0627\u0633\u062a\u0631\u062f\u0627\u062f \u0627\u0644\u0643\u0648\u062f \u0639\u0644\u0649 \u0643\u0644 \u0645\u0646\u0635\u0629 (Steam\u060c Xbox\u060c PS&#8230;).<\/p>\n<div id=\"aboutThisGame\" class=\"game_page_autocollapse\" data-panel=\"{&quot;type&quot;:&quot;PanelGroup&quot;}\">\n<div id=\"game_area_description\" class=\"game_area_description\"><\/div>\n<\/div>\n<div class=\"game_page_autocollapse_fade\">\n<div class=\"game_page_autocollapse_readmore\"><\/div>\n<\/div>\n","protected":false},"featured_media":3002,"comment_status":"open","ping_status":"closed","template":"","meta":{"googlesitekit_rrm_CAowv7G7DA:productID":"","om_disable_all_campaigns":false,"_monsterinsights_skip_tracking":false,"_monsterinsights_sitenote_active":false,"_monsterinsights_sitenote_note":"","_monsterinsights_sitenote_category":0,"jetpack_post_was_ever_published":false},"product_brand":[63],"product_cat":[48,49],"product_tag":[],"class_list":{"0":"post-3001","1":"product","2":"type-product","3":"status-publish","4":"has-post-thumbnail","6":"product_brand-xbox","7":"product_cat-xbox-one","8":"product_cat-xbox-series-xs","10":"first","11":"instock","12":"sale","13":"virtual","14":"taxable","15":"purchasable","16":"product-type-simple"},"jetpack_sharing_enabled":true,"jetpack_likes_enabled":true,"_links":{"self":[{"href":"https:\/\/cdhubs.com\/en\/wp-json\/wp\/v2\/product\/3001","targetHints":{"allow":["GET"]}}],"collection":[{"href":"https:\/\/cdhubs.com\/en\/wp-json\/wp\/v2\/product"}],"about":[{"href":"https:\/\/cdhubs.com\/en\/wp-json\/wp\/v2\/types\/product"}],"replies":[{"embeddable":true,"href":"https:\/\/cdhubs.com\/en\/wp-json\/wp\/v2\/comments?post=3001"}],"version-history":[{"count":3,"href":"https:\/\/cdhubs.com\/en\/wp-json\/wp\/v2\/product\/3001\/revisions"}],"predecessor-version":[{"id":3043,"href":"https:\/\/cdhubs.com\/en\/wp-json\/wp\/v2\/product\/3001\/revisions\/3043"}],"wp:featuredmedia":[{"embeddable":true,"href":"https:\/\/cdhubs.com\/en\/wp-json\/wp\/v2\/media\/3002"}],"wp:attachment":[{"href":"https:\/\/cdhubs.com\/en\/wp-json\/wp\/v2\/media?parent=3001"}],"wp:term":[{"taxonomy":"product_brand","embeddable":true,"href":"https:\/\/cdhubs.com\/en\/wp-json\/wp\/v2\/product_brand?post=3001"},{"taxonomy":"product_cat","embeddable":true,"href":"https:\/\/cdhubs.com\/en\/wp-json\/wp\/v2\/product_cat?post=3001"},{"taxonomy":"product_tag","embeddable":true,"href":"https:\/\/cdhubs.com\/en\/wp-json\/wp\/v2\/product_tag?post=3001"}],"curies":[{"name":"wp","href":"https:\/\/api.w.org\/{rel}","templated":true}]}}