{"id":2975,"date":"2025-04-24T17:14:49","date_gmt":"2025-04-24T17:14:49","guid":{"rendered":"https:\/\/cdhubs.com\/?post_type=product&#038;p=2975"},"modified":"2025-04-26T14:20:15","modified_gmt":"2025-04-26T14:20:15","slug":"tiny-tinas-wonderlands-xbox","status":"publish","type":"product","link":"https:\/\/cdhubs.com\/en\/product\/tiny-tinas-wonderlands-xbox\/","title":{"rendered":"Tiny Tina&#8217;s Wonderlands XBOX"},"content":{"rendered":"<div id=\"aboutThisGame\" class=\"game_page_autocollapse\" data-panel=\"{&quot;type&quot;:&quot;PanelGroup&quot;}\">\n<div id=\"game_area_description\" class=\"game_area_description\">\n<h2>\u00c0 propos de ce jeu<\/h2>\n<p>Amusez-vous entre amis en mode multijoueur cross-platforme\u00a0!<\/p>\n<p>Lancez-vous dans une aventure \u00e9pique riche en \u00e9merveillement, fantaisie et armes surpuissantes\u00a0! Les balles rencontrent la magie et les \u00e9p\u00e9es dans ce monde aussi chaotique que fantastique anim\u00e9 par l&#8217;impr\u00e9visible Tina.<br \/>\nCr\u00e9ez votre propre h\u00e9ros multiclasse, puis tirez, pillez, lac\u00e9rez et lancez des sorts pour vous frayer un chemin parmi d&#8217;\u00e9tranges monstres et des donjons remplis de butin dans votre qu\u00eate pour arr\u00eater le tyrannique Seigneur Dragon. Tout le monde est bienvenu, alors prenez part aux festivit\u00e9s, enfilez vos bottes d&#8217;aventurier et admirez le merveilleux chaos\u00a0!<\/p>\n<h2 class=\"bb_tag\">UN MONDE FANTASTIQUE IMPR\u00c9VISIBLE<\/h2>\n<p>Tina fait office de guide \u00e0 travers un incroyable jeu de r\u00f4le dans lequel ne s&#8217;appliquent que peu de r\u00e8gles. Explorez une vaste carte du monde sur laquelle vous d\u00e9couvrirez des villes majestueuses, des for\u00eats humides et remplies de champignons, de sinistres forteresses et bien plus\u00a0!<\/p>\n<h2 class=\"bb_tag\">ARMES, SORTS ET PLUS ENCORE<\/h2>\n<p>Faites face aux m\u00e9chants avec de puissantes armes et des sorts d\u00e9vastateurs au cours d&#8217;intenses combats \u00e0 la premi\u00e8re personne. Utilisez votre puissance de feu pour vaincre des l\u00e9gions enti\u00e8res d&#8217;ennemis, parmi lesquels vous retrouverez des squelettes particuli\u00e8rement arrogants, des requins qui marchent sur la terre ferme ainsi que de gigantesques boss. Puis, plongez au plus profond de terribles donjons pour obtenir du butin \u00e9pique\u00a0!<\/p>\n<h2 class=\"bb_tag\">AFFRONTEZ LE MAL EN \u00c9QUIPE<\/h2>\n<p>L&#8217;obstin\u00e9 Capitaine Valentine et Frette, le robot obs\u00e9d\u00e9 par les r\u00e8gles, seront \u00e9galement de la partie. Alors que vous tentez de vaincre le Seigneur Dragon, vous ferez la rencontre de sympathiques marginaux, tels qu&#8217;un bardebare arm\u00e9 d&#8217;un luth et votre propre Tonton Bonne f\u00e9e.<\/p>\n<h2 class=\"bb_tag\">PERSONNALISEZ VOTRE H\u00c9ROS<\/h2>\n<p>Cr\u00e9ez votre h\u00e9ros id\u00e9al gr\u00e2ce \u00e0 des options de personnalisation avanc\u00e9es, avec notamment un syst\u00e8me de multiclasse qui vous permet de combiner six arbres de talents uniques, comprenant chacun d&#8217;incroyables comp\u00e9tences. Gagnez des niveaux, am\u00e9liorez votre personnage, d\u00e9veloppez votre arsenal et devenez l&#8217;aventurier ultime.<\/p>\n<h2 class=\"bb_tag\">JOUEZ EN \u00c9QUIPE AVEC UN MODE COOP CHAOTIQUE<\/h2>\n<p>D\u00e9couvrez l&#8217;histoire en solo ou lancez-vous en \u00e9quipe avec jusqu&#8217;\u00e0 trois amis avec un mode coop en ligne instantan\u00e9. Partagez vos tr\u00e9sors ou distancez vos amis pour obtenir le meilleur butin. \u00c0 vous de voir comment vous souhaitez jouer\u00a0!<\/p>\n<\/div>\n<\/div>\n<div class=\"game_page_autocollapse_fade\"><\/div>\n","protected":false},"excerpt":{"rendered":"<p>\u0627\u0633\u062a\u0645\u062a\u0639 \u0628\u062a\u062c\u0631\u0628\u0629 \u0644\u0639\u0628 \u0623\u0635\u0644\u064a\u0629 \u0639\u0628\u0631 \u0643\u0648\u062f \u0627\u0633\u062a\u0631\u062f\u0627\u062f \u0631\u0633\u0645\u064a!<br \/>\n\u0627\u0634\u062a\u0631\u0650 \u0627\u0644\u0644\u0639\u0628\u0629 \u0627\u0644\u0622\u0646 \u0648\u0627\u062d\u0635\u0644 \u0639\u0644\u0649 \u0643\u0648\u062f \u0627\u0644\u062a\u0641\u0639\u064a\u0644 \u0627\u0644\u0631\u0642\u0645\u064a \u062e\u0644\u0627\u0644 10 \u0625\u0644\u0649 15 \u062f\u0642\u064a\u0642\u0629 \u0641\u0642\u0637 \u0628\u0639\u062f \u0627\u0644\u062f\u0641\u0639.<br \/>\n\u0642\u0645 \u0628\u0627\u0633\u062a\u062e\u062f\u0627\u0645 \u0627\u0644\u0643\u0648\u062f \u0639\u0644\u0649 \u0627\u0644\u0645\u0646\u0635\u0629 \u0627\u0644\u0645\u0646\u0627\u0633\u0628\u0629 (Steam\u060c Xbox\u060c PSN&#8230;) \u0648\u0633\u064a\u062a\u0645 \u0625\u0636\u0627\u0641\u0629 \u0627\u0644\u0644\u0639\u0628\u0629 \u062a\u0644\u0642\u0627\u0626\u064a\u0627\u064b \u0625\u0644\u0649 \u062d\u0633\u0627\u0628\u0643 \u0645\u062f\u0649 \u0627\u0644\u062d\u064a\u0627\u0629.<\/p>\n<p>\u0645\u0645\u064a\u0632\u0627\u062a \u0627\u0644\u0645\u0646\u062a\u062c:<br \/>\n\u0643\u0648\u062f \u0631\u0633\u0645\u064a \u0648\u0622\u0645\u0646 100%<\/p>\n<p>\u062a\u0633\u0644\u064a\u0645 \u0633\u0631\u064a\u0639 \u062e\u0644\u0627\u0644 10 &#8211; 15 \u062f\u0642\u064a\u0642\u0629<\/p>\n<p>\u062f\u0639\u0645 \u0641\u0646\u064a \u0641\u064a \u062d\u0627\u0644 \u0648\u0627\u062c\u0647\u062a \u0623\u064a \u0645\u0634\u0643\u0644\u0629<\/p>\n<p>\u0628\u062f\u0648\u0646 \u0627\u0634\u062a\u0631\u0627\u0643 \u0634\u0647\u0631\u064a \u2013 \u0634\u0631\u0627\u0621 \u0644\u0645\u0631\u0629 \u0648\u0627\u062d\u062f\u0629 \u0641\u0642\u0637<\/p>\n<p>\u0627\u0644\u0633\u0639\u0631 \u0627\u0644\u0623\u0641\u0636\u0644 \u0641\u064a \u0627\u0644\u0633\u0648\u0642 \u0627\u0644\u062c\u0632\u0627\u0626\u0631\u064a<\/p>\n<p>\u0643\u064a\u0641\u064a\u0629 \u0627\u0644\u0627\u0633\u062a\u0631\u062f\u0627\u062f:<br \/>\n\u0625\u0630\u0627 \u0644\u0645 \u062a\u0643\u0646 \u062a\u0639\u0631\u0641 \u0637\u0631\u064a\u0642\u0629 \u062a\u0641\u0639\u064a\u0644 \u0627\u0644\u0643\u0648\u062f\u060c \u0644\u0627 \u062a\u0642\u0644\u0642!<br \/>\n\u0628\u0639\u062f \u0639\u0645\u0644\u064a\u0629 \u0627\u0644\u0634\u0631\u0627\u0621\u060c \u0633\u064a\u062a\u0645 \u062a\u0648\u062c\u064a\u0647\u0643 \u062a\u0644\u0642\u0627\u0626\u064a\u0627\u064b \u0625\u0644\u0649 \u0635\u0641\u062d\u0629 \u0641\u064a\u0647\u0627 \u0641\u064a\u062f\u064a\u0648\u0647\u0627\u062a \u062a\u0634\u0631\u062d \u062e\u0637\u0648\u0629 \u0628\u062e\u0637\u0648\u0629 \u0643\u064a\u0641\u064a\u0629 \u0627\u0633\u062a\u0631\u062f\u0627\u062f \u0627\u0644\u0643\u0648\u062f \u0639\u0644\u0649 \u0643\u0644 \u0645\u0646\u0635\u0629 (Steam\u060c Xbox\u060c PS&#8230;).<\/p>\n<div id=\"aboutThisGame\" class=\"game_page_autocollapse\" data-panel=\"{&quot;type&quot;:&quot;PanelGroup&quot;}\">\n<div id=\"game_area_description\" class=\"game_area_description\"><\/div>\n<\/div>\n","protected":false},"featured_media":2976,"comment_status":"open","ping_status":"closed","template":"","meta":{"googlesitekit_rrm_CAowv7G7DA:productID":"","om_disable_all_campaigns":false,"_monsterinsights_skip_tracking":false,"_monsterinsights_sitenote_active":false,"_monsterinsights_sitenote_note":"","_monsterinsights_sitenote_category":0,"jetpack_post_was_ever_published":false},"product_brand":[63],"product_cat":[48,49],"product_tag":[],"class_list":{"0":"post-2975","1":"product","2":"type-product","3":"status-publish","4":"has-post-thumbnail","6":"product_brand-xbox","7":"product_cat-xbox-one","8":"product_cat-xbox-series-xs","10":"first","11":"instock","12":"sale","13":"virtual","14":"taxable","15":"purchasable","16":"product-type-simple"},"jetpack_sharing_enabled":true,"jetpack_likes_enabled":true,"_links":{"self":[{"href":"https:\/\/cdhubs.com\/en\/wp-json\/wp\/v2\/product\/2975","targetHints":{"allow":["GET"]}}],"collection":[{"href":"https:\/\/cdhubs.com\/en\/wp-json\/wp\/v2\/product"}],"about":[{"href":"https:\/\/cdhubs.com\/en\/wp-json\/wp\/v2\/types\/product"}],"replies":[{"embeddable":true,"href":"https:\/\/cdhubs.com\/en\/wp-json\/wp\/v2\/comments?post=2975"}],"version-history":[{"count":3,"href":"https:\/\/cdhubs.com\/en\/wp-json\/wp\/v2\/product\/2975\/revisions"}],"predecessor-version":[{"id":3048,"href":"https:\/\/cdhubs.com\/en\/wp-json\/wp\/v2\/product\/2975\/revisions\/3048"}],"wp:featuredmedia":[{"embeddable":true,"href":"https:\/\/cdhubs.com\/en\/wp-json\/wp\/v2\/media\/2976"}],"wp:attachment":[{"href":"https:\/\/cdhubs.com\/en\/wp-json\/wp\/v2\/media?parent=2975"}],"wp:term":[{"taxonomy":"product_brand","embeddable":true,"href":"https:\/\/cdhubs.com\/en\/wp-json\/wp\/v2\/product_brand?post=2975"},{"taxonomy":"product_cat","embeddable":true,"href":"https:\/\/cdhubs.com\/en\/wp-json\/wp\/v2\/product_cat?post=2975"},{"taxonomy":"product_tag","embeddable":true,"href":"https:\/\/cdhubs.com\/en\/wp-json\/wp\/v2\/product_tag?post=2975"}],"curies":[{"name":"wp","href":"https:\/\/api.w.org\/{rel}","templated":true}]}}