{"id":3836,"date":"2025-05-17T22:12:10","date_gmt":"2025-05-17T21:12:10","guid":{"rendered":"https:\/\/cdhubs.com\/?post_type=product&#038;p=3836"},"modified":"2025-05-17T23:52:44","modified_gmt":"2025-05-17T22:52:44","slug":"elden-ring-pc-ps4","status":"publish","type":"product","link":"https:\/\/cdhubs.com\/ar\/product\/elden-ring-pc-ps4\/","title":{"rendered":"\u0625\u064a\u0644\u062f\u0646 \u0631\u064a\u0646\u062c \u0644\u0644\u0643\u0645\u0628\u064a\u0648\u062a\u0631 \u0627\u0644\u0634\u062e\u0635\u064a PS4"},"content":{"rendered":"<div id=\"aboutThisGame\" class=\"game_page_autocollapse\" data-panel=\"{&quot;type&quot;:&quot;PanelGroup&quot;}\">\n<div id=\"game_area_description\" class=\"game_area_description\">\n<h2>\u00c0 propos de ce jeu<\/h2>\n<p><strong>LE RPG D&#039;ACTION FANTASTIQUE ACCLAM\u00c9 PAR LA CRITIQUE.<\/strong><br \/>\n<i>Levez-vous\u060c Sans-\u00e9clat. \u062f\u0639\u0643 \u0645\u0646 \u0627\u0644\u0646\u0639\u0645\u0629 \u0627\u0644\u062a\u064a \u062a\u0645\u0643\u0646\u0643 \u0645\u0646 \u062a\u0645\u0643\u064a\u0646 Cercle d&#039;Elden.<\/i><\/p>\n<h2 class=\"bb_tag\">\u2022 \u0639\u0627\u0644\u0645 \u0645\u0644\u064a\u0621 \u0628\u0627\u0644\u0645\u063a\u0627\u0645\u0631\u0627\u062a \u0648\u0627\u0644\u0623\u0633\u0631\u0627\u0631<\/h2>\n<p>\u062a\u0639\u062a\u0628\u0631 \u0627\u0644\u0623\u0631\u0636 \u0628\u0623\u0643\u0645\u0644\u0647\u0627 \u062c\u0632\u0621\u064b\u0627 \u0645\u0646 \u0642\u0627\u0631\u0629 \u0634\u0627\u0633\u0639\u0629 \u062a\u0636\u0645 \u0645\u0646\u062a\u0632\u0647\u064b\u0627 \u0631\u0627\u0626\u0639\u064b\u0627 \u064a\u062a\u0645\u062a\u0639 \u0628\u0631\u0624\u064a\u0629 \u0648\u0627\u0633\u0639\u0629 \u0648\u062d\u062f\u0627\u0626\u0642 \u0647\u0627\u0626\u0644\u0629 \u0641\u064a \u0645\u062c\u0645\u0639 \u0627\u0644\u0647\u0646\u062f\u0633\u0629 \u0627\u0644\u0645\u0639\u0645\u0627\u0631\u064a\u0629 \u0648\u0627\u0644\u0645\u062a\u0631\u0627\u0628\u0637. \u0623\u062b\u0646\u0627\u0621 \u0633\u064a\u0631\u0643 \u0639\u0644\u0649 \u0627\u0644\u0637\u0631\u064a\u0642\u060c \u0633\u062a\u0634\u0627\u0631\u0643 \u0641\u064a \u0627\u0643\u062a\u0634\u0627\u0641 \u0627\u0644\u062c\u0647\u0644 \u0648\u062a\u0648\u0627\u062c\u0647 \u062a\u0647\u062f\u064a\u062f\u0627\u062a \u0645\u0647\u0645\u0629.<br \/>\n\u0625\u0646 \u0627\u0644\u0645\u0639\u0631\u0641\u0629 \u0627\u0644\u062c\u064a\u062f\u0629 \u0628\u0627\u0644\u062a\u0636\u0627\u0631\u064a\u0633 \u0648\u0623\u0633\u0631\u0627\u0631\u0647\u0627 \u0633\u062a\u0633\u0645\u062d \u0644\u0643 \u0628\u062e\u062f\u0627\u0639 \u0623\u0639\u062f\u0627\u0626\u0643\u060c \u0623\u0648 \u0627\u0644\u0633\u064a\u0637\u0631\u0629 \u0639\u0644\u0649 \u0623\u0631\u0636 \u0631\u0626\u064a\u0633\u0629 \u063a\u064a\u0631 \u0639\u0627\u062f\u064a\u0629\u060c \u0623\u0648 \u0631\u0639\u0627\u064a\u0629 \u062d\u0645\u0627\u0645 \u0633\u0628\u0627\u062d\u0629 \u0644\u0644\u063a\u0648\u0627\u0635\u064a\u0646.<\/p>\n<p><img data-recalc-dims=\"1\" decoding=\"async\" class=\"bb_img\" src=\"https:\/\/i0.wp.com\/shared.fastly.steamstatic.com\/store_item_assets\/steam\/apps\/1245620\/extras\/ER_STEAM_GIF_01.gif?ssl=1\" \/><\/p>\n<h2 class=\"bb_tag\">\u2022 \u0645\u0648\u0627\u062c\u0647\u0629 \u0627\u0644\u0623\u0639\u062f\u0627\u0621 \u0641\u064a \u0627\u0644\u0645\u0639\u0627\u0631\u0643 \u0627\u0644\u0639\u0646\u064a\u0641\u0629<\/h2>\n<p>\u0627\u0644\u0642\u062a\u0627\u0644 \u0641\u064a ELDEN RING \u0645\u062a\u0627\u062d \u0644\u0644\u062c\u0645\u064a\u0639\u060c \u0648\u0644\u0643\u0646\u0647 \u064a\u062a\u0642\u0646 \u0643\u0644 \u0625\u0645\u0643\u0627\u0646\u064a\u0627\u062a \u0647\u0630\u0627 \u0627\u0644\u0641\u0646 \u0627\u0644\u0630\u064a \u064a\u062a\u0637\u0644\u0628\u0647 \u0627\u0644\u0648\u0642\u062a. \u0641\u064a \u0645\u0647\u0645\u062a\u0643 \u0645\u0646 \u0623\u062c\u0644 \u0627\u0644\u0639\u062b\u0648\u0631 \u0639\u0644\u0649 Seigneur d&#039;Elden\u060c \u0633\u062a\u062a\u0639\u0644\u0645 \u0643\u064a\u0641\u064a\u0629 \u0627\u0644\u062a\u0628\u062f\u064a\u0644 \u0628\u064a\u0646 \u0627\u0644\u0647\u062c\u0648\u0645 \u0648\u0627\u0644\u0645\u0647\u0631\u0628\u060c \u0648\u0627\u0633\u062a\u062e\u062f\u0627\u0645 \u062c\u0645\u064a\u0639 \u0623\u0646\u0648\u0627\u0639 \u0627\u0644\u0623\u0633\u0644\u062d\u0629 \u0648\u0627\u0644\u0623\u0646\u0648\u0627\u0639 \u0648\u0627\u0644\u0627\u0633\u062a\u062f\u0639\u0627\u0621\u0627\u062a\u060c \u0648\u0645\u0632\u0627\u0645\u0646\u0629 \u0623\u062c\u0632\u0627\u0621 \u0645\u0646 \u0647\u062c\u0645\u0627\u062a\u0643 \u0644\u0644\u0627\u0633\u062a\u0641\u0627\u062f\u0629 \u0645\u0646 \u0641\u0634\u0644 \u0623\u0639\u062f\u0627\u0626\u0643.<\/p>\n<p><img data-recalc-dims=\"1\" decoding=\"async\" class=\"bb_img\" src=\"https:\/\/i0.wp.com\/shared.fastly.steamstatic.com\/store_item_assets\/steam\/apps\/1245620\/extras\/ER_STEAM_GIF_02.gif?ssl=1\" \/><\/p>\n<h2 class=\"bb_tag\">\u2022 \u0625\u0646\u0634\u0627\u0621 \u0648\u062a\u062e\u0635\u064a\u0635 \u0634\u062e\u0635\u064a\u062a\u0643<\/h2>\n<p>\u0628\u0639\u064a\u062f\u064b\u0627 \u0639\u0646 \u0625\u0645\u0643\u0627\u0646\u064a\u0629 \u062a\u0639\u062f\u064a\u0644 \u0645\u0638\u0647\u0631 \u0634\u062e\u0635\u064a\u062a\u0643\u060c \u064a\u0645\u0643\u0646\u0643 \u0627\u0644\u062a\u062e\u0644\u0635 \u0645\u0646 \u0627\u0644\u0639\u062f\u064a\u062f \u0645\u0646 \u0645\u062c\u0645\u0648\u0639\u0627\u062a \u0627\u0644\u0623\u0633\u0644\u062d\u0629 \u0648\u0627\u0644\u062f\u0631\u0648\u0639 \u0648\u0627\u0644\u0623\u0634\u064a\u0627\u0621 \u0627\u0644\u0642\u0627\u0628\u0644\u0629 \u0644\u0644\u0627\u0633\u062a\u0647\u0644\u0627\u0643 \u0648\u0627\u0644\u0623\u0646\u0648\u0627\u0639. \u0642\u0645 \u0628\u062a\u062e\u0635\u064a\u0635 \u0634\u062e\u0635\u064a\u062a\u0643 \u0628\u0646\u0627\u0621\u064b \u0639\u0644\u0649 \u0623\u0633\u0644\u0648\u0628 \u0627\u0644\u0644\u0639\u0628\u0629 \u0627\u0644\u062e\u0627\u0635 \u0628\u0643.<br \/>\n\u0625\u0630\u0627 \u0643\u0646\u062a \u062a\u0641\u0636\u0644 \u0627\u0644\u0645\u0648\u0627\u062c\u0647\u0629 \u0627\u0644\u0628\u062f\u0646\u064a\u0629\u060c \u0623\u0648 \u0627\u0644\u0631\u0645\u064a \u0645\u0646 \u0646\u0648\u0639 \u0645\u0627\u060c \u0623\u0648 \u0627\u0644\u0641\u0646 \u0627\u0644\u062f\u0642\u064a\u0642 \u062d\u0633\u0628 \u0627\u0644\u062a\u0642\u062f\u064a\u0631\u060c \u0641\u0633\u0648\u0641 \u062a\u062c\u062f \u0627\u0644\u0645\u0639\u062f\u0627\u062a \u0627\u0644\u0645\u0646\u0627\u0633\u0628\u0629 \u0644\u0627\u062d\u062a\u064a\u0627\u062c\u0627\u062a\u0643.<\/p>\n<p><img data-recalc-dims=\"1\" decoding=\"async\" class=\"bb_img\" src=\"https:\/\/i0.wp.com\/shared.fastly.steamstatic.com\/store_item_assets\/steam\/apps\/1245620\/extras\/ER_STEAM_GIF_03.gif?ssl=1\" \/><\/p>\n<h2 class=\"bb_tag\">\u2022 \u0645\u0644\u062d\u0645\u0629 \u062f\u0631\u0627\u0645\u064a\u0629 \u062a\u062f\u0648\u0631 \u062d\u0648\u0644 \u0623\u0633\u0637\u0648\u0631\u0629 \u062a\u062e\u064a\u0644\u0647\u0627 \u062c\u0648\u0631\u062c \u0622\u0631 \u0622\u0631 \u0645\u0627\u0631\u062a\u0646<\/h2>\n<p>\u062a\u0645 \u0643\u062a\u0627\u0628\u0629 \u0627\u0644\u0623\u0633\u0627\u0637\u064a\u0631 \u0627\u0644\u0623\u0633\u0627\u0633\u064a\u0629 \u0644\u0640 Elden Ring \u0628\u0648\u0627\u0633\u0637\u0629 \u062c\u0648\u0631\u062c \u0622\u0631 \u0622\u0631 \u0645\u0627\u0631\u062a\u0646\u060c \u062b\u0645 \u062a\u0645 \u062a\u0643\u064a\u064a\u0641\u0647\u0627 \u0641\u064a \u062a\u0627\u0631\u064a\u062e \u063a\u0646\u064a \u0648\u0645\u0639\u0642\u062f. \u0625\u0646 \u0627\u0644\u0631\u063a\u0628\u0627\u062a \u0648\u0623\u0647\u062f\u0627\u0641 \u0627\u0644\u0634\u062e\u0635\u064a\u0627\u062a \u0634\u062f\u064a\u062f\u0629 \u0627\u0644\u0623\u0647\u0645\u064a\u0629 \u0644\u0625\u0646\u0634\u0627\u0621 \u0623\u063a\u0646\u064a\u0629 \u0645\u0643\u062b\u0641\u0629 \u0645\u0646 \u0627\u0644\u0631\u0633\u0648\u0645 \u0627\u0644\u0645\u062a\u062d\u0631\u0643\u0629 \u0641\u064a \u062c\u0645\u064a\u0639 \u0623\u0646\u062d\u0627\u0621 \u0627\u0644\u0645\u0646\u0637\u0642\u0629. \u0627\u062e\u062a\u064a\u0627\u0631\u0643 \u0647\u0648 \u0627\u0644\u0630\u064a \u064a\u062d\u062f\u062f \u0637\u0628\u064a\u0639\u0629 \u0627\u0644\u0623\u062d\u062f\u0627\u062b \u0627\u0644\u062a\u064a \u064a\u062a\u0645 \u062a\u063a\u064a\u064a\u0631\u0647\u0627 \u0641\u064a \u0627\u0644\u0644\u0639\u0628\u0629.<\/p>\n<p><img data-recalc-dims=\"1\" decoding=\"async\" class=\"bb_img\" src=\"https:\/\/i0.wp.com\/shared.fastly.steamstatic.com\/store_item_assets\/steam\/apps\/1245620\/extras\/ER_STEAM_GIF_04.gif?ssl=1\" \/><\/p>\n<h2 class=\"bb_tag\">\u2022 \u0627\u0633\u062a\u0645\u062a\u0639 \u0628\u0645\u062c\u062a\u0645\u0639 \u0639\u0627\u0644\u0645\u064a \u0647\u0627\u0626\u0644<\/h2>\n<p>\u062c\u0645\u0627\u0639\u0629 Sans-\u00e9clat \u0648\u0627\u0633\u0639\u0629 \u0648\u0646\u0634\u0637\u0629. Vos amis en Font peut-\u00eatre d\u00e9j\u00e0 Parti. \u0627\u0644\u0639\u0628 \u0645\u0639 \u0627\u062b\u0646\u064a\u0646 \u0645\u0646 Sans-\u00e9clat en coop\u00e9ratif\u060c \u0641\u064a \u062f\u0639\u0648\u0629 \u0644\u0644\u0645\u0633\u0627\u0639\u062f\u0629 \u0641\u064a \u0643\u0644\u0645\u0629 \u0645\u0631\u0648\u0631 \u0645\u0634\u0627\u0631\u0643\u0629 \u0623\u0648 \u0641\u064a \u062f\u0639\u0648\u0629 \u0623\u0639\u0636\u0627\u0621 \u0627\u0644\u0645\u062c\u062a\u0645\u0639 \u0627\u0644\u0642\u0631\u064a\u0628.<br \/>\n\u0633\u062a\u062a\u0627\u062d \u0644\u0643 \u0623\u064a\u0636\u064b\u0627 \u0627\u0644\u0639\u062f\u064a\u062f \u0645\u0646 \u0627\u0644\u0645\u0646\u0627\u0633\u0628\u0627\u062a \u0644\u0645\u0648\u0627\u062c\u0647\u0629 \u0644\u0627\u0639\u0628\u064a\u0646 \u0622\u062e\u0631\u064a\u0646\u060c \u0648\u0630\u0644\u0643 \u0645\u0646 \u062e\u0644\u0627\u0644 \u0627\u0644\u063a\u0632\u0648 \u0627\u0644\u062a\u0639\u0627\u0648\u0646\u064a\u060c \u0633\u0648\u0627\u0621 \u0645\u0646 \u062e\u0644\u0627\u0644 \u062f\u0639\u0648\u0627\u062a \u0644\u0644\u0645\u0628\u0627\u0631\u0632\u0627\u062a \u0623\u0648 \u0627\u0644\u0645\u0634\u0627\u0631\u0643\u0629 \u0641\u064a \u0645\u0639\u0627\u0631\u0643 \u0645\u062e\u062a\u0644\u0641\u0629 \u0628\u064a\u0646 \u0627\u0644\u0644\u0627\u0639\u0628\u064a\u0646 \u0627\u0644\u0645\u0642\u062a\u0631\u062d\u064a\u0646 \u0641\u064a \u0627\u0644\u0645\u062c\u0645\u0648\u0639\u0627\u062a \u0627\u0644\u062b\u0644\u0627\u062b.<\/p>\n<p><img data-recalc-dims=\"1\" decoding=\"async\" class=\"bb_img\" src=\"https:\/\/i0.wp.com\/shared.fastly.steamstatic.com\/store_item_assets\/steam\/apps\/1245620\/extras\/ER_STEAM_GIF_05.gif?ssl=1\" \/><\/p>\n<\/div>\n<\/div>\n<div class=\"game_page_autocollapse_fade\"><\/div>","protected":false},"excerpt":{"rendered":"<p>\u0644\u0639\u0628\u0629 \u0623\u0635\u0644\u064a\u0629 \u0645\u062c\u0633\u0645\u0629 \u0644\u0644\u0639\u0628\u0629 \u0645\u062c\u0633\u0645\u0629 \u0644\u0634\u062e\u0635\u064a\u0629!<br \/>\n\u0627\u0634\u062a\u0631\u0650 \u0627\u0644\u0644\u0639\u0628\u0629 \u0627\u0644\u0622\u0646 \u0648\u0627\u062d\u0635\u0644 \u0639\u0644\u0649 \u0631\u0645\u0632 \u0627\u0644\u062a\u0641\u0639\u064a\u0644 \u0627\u0644\u0631\u0642\u0645\u064a \u062e\u0644\u0627\u0644 10 \u0625\u0644\u0649 15 \u062f\u0642\u064a\u0642\u0629 \u0641\u0642\u0637 \u0628\u0639\u062f \u0627\u0644\u062f\u0641\u0639.<br \/>\n\u0642\u0645 \u0628\u0627\u0633\u062a\u062e\u062f\u0627\u0645 \u0627\u0644\u0643\u0648\u062f \u0627\u0644\u0645\u0648\u062c\u0648\u062f \u0639\u0644\u0649 \u0627\u0644\u0645\u0646\u0635\u0629 \u0627\u0644\u0623\u0633\u0627\u0633\u064a (Steam\u060c Xbox\u060c PSN\u2026) \u0648\u0633\u064a\u062a\u0645 \u0625\u0636\u0627\u0641\u0629 \u0627\u0644\u0644\u0639\u0628\u0629 \u062a\u0644\u0642\u0627\u0626\u064a\u064b\u0627 \u0625\u0644\u0649 \u062d\u0633\u0627\u0628\u0643 \u0645\u062f\u0649 \u0627\u0644\u062d\u064a\u0627\u0629.<\/p>\n<p>\u0645\u0645\u064a\u0632\u0627\u062a \u0627\u0644\u0645\u0646\u062a\u062c<br \/>\n\u0643\u0648\u062f \u0631\u0633\u0645\u064a \u0648\u0622\u0645\u0646 100%<\/p>\n<p>\u0627\u0644\u062a\u0633\u0644\u064a\u0645 \u0627\u0644\u0633\u0631\u064a\u0639 \u062e\u0644\u0627\u0644 10 \u2013 15 \u062f\u0642\u064a\u0642\u0629<\/p>\n<p>\u062f\u0639\u0645 \u0641\u0646\u064a \u0641\u064a \u062d\u0627\u0644 \u0648\u0627\u062c\u0647\u062a \u0623\u064a \u0645\u0634\u0643\u0644\u0629<\/p>\n<p>\u0628\u062f\u0648\u0646 \u0627\u0634\u062a\u0631\u0627\u0643 \u0634\u0647\u0631\u064a - \u0634\u0631\u0627\u0621 \u0644\u0645\u0631\u0629 \u0648\u0627\u062d\u062f\u0629 \u0641\u0642\u0637<\/p>\n<p>\u0627\u0644\u0633\u0639\u0631 \u0627\u0644\u0623\u0641\u0636\u0644 \u0641\u064a \u0627\u0644\u0633\u0648\u0642 \u0627\u0644\u062c\u0632\u0627\u0626\u0631\u064a<\/p>\n<p>\u0643\u064a\u0641\u064a\u0629 \u0627\u0644\u0627\u0633\u062a\u0631\u062f\u0627\u062f:<br \/>\n\u0625\u0630\u0627 \u0644\u0645 \u062a\u0643\u0646 \u062a\u0639\u0631\u0641 \u0637\u0631\u064a\u0642\u0629 \u062a\u0641\u0639\u064a\u0644 \u0627\u0644\u0643\u0648\u062f\u060c \u0641\u0644\u0627 \u062a\u0642\u0644\u0642!<br \/>\n\u0628\u0639\u062f \u0639\u0645\u0644\u064a\u0629 \u0627\u0644\u0634\u0631\u0627\u0621\u060c \u0633\u064a\u062a\u0645 \u062a\u0648\u062c\u064a\u0647\u0643 \u062a\u0644\u0642\u0627\u0626\u064a\u064b\u0627 \u0625\u0644\u0649 \u0635\u0641\u062d\u0629 \u0627\u0644\u0641\u064a\u062f\u064a\u0648\u0647\u0627\u062a \u0627\u0644\u062a\u064a \u062a\u0634\u0631\u062d \u062e\u0637\u0648\u0629 \u0628\u062e\u0637\u0648\u0629 \u0643\u064a\u0641\u064a\u0629 \u0627\u0633\u062a\u0631\u062f\u0627\u062f \u0627\u0644\u0643\u0648\u062f \u0639\u0644\u0649 \u0643\u0644 \u0645\u0646\u0635\u0629 (Steam\u060c Xbox\u060c PS...).<\/p>\n<p>&nbsp;<\/p>\n<div id=\"aboutThisGame\" class=\"game_page_autocollapse\" data-panel=\"{&quot;type&quot;:&quot;PanelGroup&quot;}\">\n<div id=\"game_area_description\" class=\"game_area_description\"><\/div>\n<\/div>\n<div class=\"game_page_autocollapse_fade\"><\/div>","protected":false},"featured_media":3905,"comment_status":"open","ping_status":"closed","template":"","meta":{"googlesitekit_rrm_CAowv7G7DA:productID":"","om_disable_all_campaigns":false,"_monsterinsights_skip_tracking":false,"_monsterinsights_sitenote_active":false,"_monsterinsights_sitenote_note":"","_monsterinsights_sitenote_category":0,"jetpack_post_was_ever_published":false},"product_brand":[59],"product_cat":[57],"product_tag":[],"class_list":{"0":"post-3836","1":"product","2":"type-product","3":"status-publish","4":"has-post-thumbnail","6":"product_brand-playstation-4","7":"product_cat-ps4","9":"first","10":"instock","11":"sale","12":"featured","13":"virtual","14":"taxable","15":"purchasable","16":"product-type-simple"},"jetpack_sharing_enabled":true,"jetpack_likes_enabled":true,"_links":{"self":[{"href":"https:\/\/cdhubs.com\/ar\/wp-json\/wp\/v2\/product\/3836","targetHints":{"allow":["GET"]}}],"collection":[{"href":"https:\/\/cdhubs.com\/ar\/wp-json\/wp\/v2\/product"}],"about":[{"href":"https:\/\/cdhubs.com\/ar\/wp-json\/wp\/v2\/types\/product"}],"replies":[{"embeddable":true,"href":"https:\/\/cdhubs.com\/ar\/wp-json\/wp\/v2\/comments?post=3836"}],"version-history":[{"count":3,"href":"https:\/\/cdhubs.com\/ar\/wp-json\/wp\/v2\/product\/3836\/revisions"}],"predecessor-version":[{"id":3840,"href":"https:\/\/cdhubs.com\/ar\/wp-json\/wp\/v2\/product\/3836\/revisions\/3840"}],"wp:featuredmedia":[{"embeddable":true,"href":"https:\/\/cdhubs.com\/ar\/wp-json\/wp\/v2\/media\/3905"}],"wp:attachment":[{"href":"https:\/\/cdhubs.com\/ar\/wp-json\/wp\/v2\/media?parent=3836"}],"wp:term":[{"taxonomy":"product_brand","embeddable":true,"href":"https:\/\/cdhubs.com\/ar\/wp-json\/wp\/v2\/product_brand?post=3836"},{"taxonomy":"product_cat","embeddable":true,"href":"https:\/\/cdhubs.com\/ar\/wp-json\/wp\/v2\/product_cat?post=3836"},{"taxonomy":"product_tag","embeddable":true,"href":"https:\/\/cdhubs.com\/ar\/wp-json\/wp\/v2\/product_tag?post=3836"}],"curies":[{"name":"wp","href":"https:\/\/api.w.org\/{rel}","templated":true}]}}