{"id":3706,"date":"2025-05-15T21:17:21","date_gmt":"2025-05-15T20:17:21","guid":{"rendered":"https:\/\/cdhubs.com\/?post_type=product&#038;p=3706"},"modified":"2025-05-15T21:20:55","modified_gmt":"2025-05-15T20:20:55","slug":"rust-xbox","status":"publish","type":"product","link":"https:\/\/cdhubs.com\/ar\/product\/rust-xbox\/","title":{"rendered":"\u0635\u062f\u0623 \u0627\u0643\u0633 \u0628\u0648\u0643\u0633"},"content":{"rendered":"<div id=\"aboutThisGame\" class=\"game_page_autocollapse\" data-panel=\"{&quot;type&quot;:&quot;PanelGroup&quot;}\">\n<div id=\"game_area_description\" class=\"game_area_description\">\n<h2>\u00c0 propos de ce jeu<\/h2>\n<p class=\"bb_paragraph\">\u0641\u064a \u0627\u0644\u0635\u062f\u0623\u060c \u0627\u0644\u0648\u062d\u064a\u062f \u0647\u0648 \u0627\u0644\u0628\u0642\u0627\u0621 \u0639\u0644\u0649 \u0642\u064a\u062f \u0627\u0644\u062d\u064a\u0627\u0629. \u0639\u0644\u0649 \u0647\u0630\u0647 \u0627\u0644\u062c\u0632\u064a\u0631\u0629\u060c \u0643\u0644 \u0645\u0627 \u064a\u062d\u064a\u0637 \u0628\u0643 \u064a\u0645\u062b\u0644 \u062a\u0647\u062f\u064a\u062f\u064b\u0627: \u0627\u0644\u062d\u064a\u0648\u0627\u0646\u0627\u062a\u060c \u0648\u0627\u0644\u0637\u0628\u064a\u0639\u0629\u060c \u0648\u0627\u0644\u0623\u0648\u0637\u0627\u0646 \u0627\u0644\u0623\u0635\u0644\u064a\u0629\u060c \u062f\u0648\u0646 \u0627\u0644\u0643\u0634\u0641 \u0639\u0646 \u0627\u0644\u0646\u0627\u062c\u064a\u0646 \u0645\u0646 \u0627\u0644\u0635\u0648\u0631 \u0627\u0644\u0645\u062a\u062d\u0631\u0643\u0629. Il ne vous faudra reculer devant rien, si vous voulez voir un nouveau jour se Lever.<\/p>\n<div class=\"bb_wide_img_ctn\"><img data-recalc-dims=\"1\" decoding=\"async\" class=\"bb_img\" src=\"https:\/\/i0.wp.com\/shared.cloudflare.steamstatic.com\/store_item_assets\/steam\/apps\/252490\/extras\/Rust_Gif_Opt.gif?ssl=1\" \/><\/div>\n<h2 class=\"bb_tag\">\u00c0 PROPOS DU JEU<\/h2>\n<p class=\"bb_paragraph\">\u0641\u064a \u0627\u0644\u0635\u062f\u0623\u060c \u0627\u0644\u0648\u062d\u064a\u062f \u0647\u0648 \u0627\u0644\u0628\u0642\u0627\u0621 \u0639\u0644\u0649 \u0642\u064a\u062f \u0627\u0644\u062d\u064a\u0627\u0629. \u0639\u0644\u0649 \u0647\u0630\u0647 \u0627\u0644\u062c\u0632\u064a\u0631\u0629\u060c \u0643\u0644 \u0645\u0627 \u064a\u062d\u064a\u0637 \u0628\u0643 \u064a\u0645\u062b\u0644 \u062a\u0647\u062f\u064a\u062f\u064b\u0627: \u0627\u0644\u062d\u064a\u0648\u0627\u0646\u0627\u062a\u060c \u0648\u0627\u0644\u0637\u0628\u064a\u0639\u0629\u060c \u0648\u0627\u0644\u0623\u0648\u0637\u0627\u0646 \u0627\u0644\u0623\u0635\u0644\u064a\u0629\u060c \u062f\u0648\u0646 \u0627\u0644\u0643\u0634\u0641 \u0639\u0646 \u0627\u0644\u0646\u0627\u062c\u064a\u0646 \u0645\u0646 \u0627\u0644\u0635\u0648\u0631 \u0627\u0644\u0645\u062a\u062d\u0631\u0643\u0629. Il ne vous faudra reculer devant rien, si vous voulez voir un nouveau jour se Lever.<\/p>\n<p class=\"bb_paragraph\">\u0645\u0646\u0630 11 \u0639\u0627\u0645\u064b\u0627 \u0648\u0645\u0639 \u0623\u0643\u062b\u0631 \u0645\u0646 385 \u062f\u0642\u064a\u0642\u0629 \u0641\u064a \u0627\u0644\u064a\u0648\u0645 \u0645\u0646 \u0627\u0644\u0645\u062d\u062a\u0648\u0649\u060c \u0628\u0633\u0628\u0628 \u0634\u0647\u0631 \u0648\u0627\u062d\u062f \u0639\u0644\u0649 \u0627\u0644\u0623\u0642\u0644\u060c \u0644\u0645 \u064a\u0639\u062f \u0627\u0644\u0635\u062f\u0623 \u064a\u062a\u062d\u0633\u0646. \u062a\u0634\u062a\u0645\u0644 \u0647\u0630\u0647 \u0627\u0644\u0623\u064a\u0627\u0645 \u0639\u0644\u0649 \u062a\u0639\u062f\u064a\u0644\u0627\u062a \u0645\u0646\u062a\u0638\u0645\u0629 \u0644\u0644\u062a\u0648\u0627\u0632\u0646\u060c \u0648\u062a\u062d\u0633\u064a\u0646\u0627\u062a \u0641\u064a IA\u060c \u0648\u0627\u0644\u0631\u0633\u0648\u0645\u0627\u062a\u060c \u0648\u0627\u0644\u0628\u064a\u0626\u0629\u060c \u0628\u0627\u0644\u0625\u0636\u0627\u0641\u0629 \u0625\u0644\u0649 \u0623\u0633\u0637\u0648\u0644 \u0645\u0633\u062a\u0645\u0631 \u0645\u0646 \u0627\u0644\u0645\u0631\u0643\u0628\u0627\u062a \u0627\u0644\u062c\u062f\u064a\u062f\u0629\u060c \u0648\u0627\u0644\u0628\u0637\u0627\u0642\u0627\u062a \u0627\u0644\u062c\u062f\u064a\u062f\u0629\u060c \u0648\u0627\u0644\u0623\u0633\u0644\u062d\u0629 \u0627\u0644\u062d\u062f\u064a\u062b\u0629 \u0648\u0627\u0644\u0645\u062a\u0646\u0648\u0639\u0629. \u0627\u0644\u0643\u0627\u0626\u0646\u0627\u062a \u0627\u0644\u0645\u0633\u0627\u0639\u062f\u0629. \u062a\u0646\u0638\u0645 \u0645\u0646\u0638\u0645\u062a\u0646\u0627 \u0623\u064a\u0636\u064b\u0627 \u0627\u0644\u0623\u062d\u062f\u0627\u062b \u0627\u0644\u0645\u0648\u0633\u0645\u064a\u0629. Il se passe toujours quelque\u062e\u062a\u0627\u0631 \u062f\u064a \u062e\u0637\u0631 \u0623\u0648 \u0627\u0647\u062a\u0645\u0627\u0645 \u0639\u0644\u0649 l&#039;\u00eele... \u0648 souvent les deux!<\/p>\n<p class=\"bb_paragraph\">Parmi les noveaut\u00e9s appport\u00e9es au jeu :<\/p>\n<ul class=\"bb_ul\">\n<li>\n<p class=\"bb_paragraph\">\u0639\u0627\u0644\u0645 \u0645\u0646 \u0627\u0644\u0623\u0633\u0627\u0644\u064a\u0628 \u0627\u0644\u0625\u062c\u0631\u0627\u0626\u064a\u0629 \u0648\u0645\u062d\u0631\u0631 \u0628\u0637\u0627\u0642\u0627\u062a \u064a\u0645\u0643\u0646 \u0627\u0644\u0648\u0635\u0648\u0644 \u0625\u0644\u064a\u0647 \u0639\u0628\u0631 \u0627\u0644\u0645\u062c\u062a\u0645\u0639.<\/p>\n<\/li>\n<li>\n<p class=\"bb_paragraph\">La possibilit\u00e9 d&#039;h\u00e9berger votre servers avec les mods de votre choix.<\/p>\n<\/li>\n<li>\n<p class=\"bb_paragraph\">\u0648\u0633\u0627\u0626\u0644 \u0627\u0644\u0646\u0642\u0644: \u0627\u0644\u0645\u0638\u0644\u0627\u062a\u060c \u0648\u0627\u0644\u0633\u064a\u0627\u0631\u0627\u062a \u0627\u0644\u0642\u0627\u0628\u0644\u0629 \u0644\u0644\u062a\u0639\u062f\u064a\u0644\u060c \u0648\u0645\u0631\u0643\u0628\u0627\u062a \u0627\u0644\u062c\u0648\u0644\u0641\u060c \u0648\u0637\u0627\u0626\u0631\u0627\u062a \u0627\u0644\u0647\u0644\u064a\u0643\u0648\u0628\u062a\u0631\u060c \u0648\u0627\u0644\u062f\u0631\u0627\u062c\u0627\u062a \u0627\u0644\u0646\u0627\u0631\u064a\u0629\u060c \u0648\u0627\u0644\u0642\u0637\u0627\u0631\u0627\u062a\u060c \u0648\u0627\u0644\u0642\u0648\u0627\u0631\u0628\u060c \u0648\u0627\u0644\u0645\u0632\u064a\u062f...!<\/p>\n<\/li>\n<li>\n<p class=\"bb_paragraph\">\u0627\u0644\u0623\u0646\u0638\u0645\u0629 \u0627\u0644\u0645\u0639\u0642\u062f\u0629 \u0644\u0644\u062a\u063a\u0630\u064a\u0629 \u0627\u0644\u0643\u0647\u0631\u0628\u0627\u0626\u064a\u0629 \u0648\u0627\u0644\u0632\u0631\u0627\u0639\u0629 \u0648\u0627\u0644\u0623\u062a\u0645\u062a\u0629.<\/p>\n<\/li>\n<li>\n<p class=\"bb_paragraph\">\u0628\u0646\u0627\u0621 \u0627\u0644\u0642\u0648\u0627\u0639\u062f \u0648\u062c\u0645\u064a\u0639 \u0627\u0644\u0645\u0639\u062f\u0627\u062a \u0627\u0644\u0644\u0627\u0632\u0645\u0629 \u0644\u0645\u0647\u0627\u062c\u0645\u0629 \u0627\u0644\u062e\u0644\u0627\u064a\u0627 \u0627\u0644\u0623\u062e\u0631\u0649.<\/p>\n<\/li>\n<li>\n<p class=\"bb_paragraph\">\u0627\u0644\u0641\u0635\u0627\u0626\u0644 \u0648\u0627\u0644\u0623\u0639\u062f\u0627\u0621 \u0648\u0627\u0644\u062d\u064a\u0648\u0627\u0646\u0627\u062a \u063a\u064a\u0631 \u0645\u0643\u062a\u0645\u0644\u0629.<\/p>\n<\/li>\n<li>\n<p class=\"bb_paragraph\">\u0627\u0644\u0622\u062b\u0627\u0631 \u0648\u0627\u0644\u0628\u064a\u0626\u0627\u062a \u0648\u0627\u0644\u0645\u0646\u0627\u0637\u0642 \u0627\u0644\u062c\u062f\u064a\u062f\u0629 \u0644\u0644\u0645\u0633\u062a\u0643\u0634\u0641\u064a\u0646.<\/p>\n<\/li>\n<li>\n<p class=\"bb_paragraph\">\u0645\u0646\u0627\u0637\u0642 \u0627\u0644\u0628\u062d\u0627\u0631\u0629 \u0627\u0644\u0628\u062d\u0631\u064a\u0629 \u0627\u0644\u0631\u0627\u0626\u0639\u0629 \u0627\u0644\u062a\u064a \u064a\u0645\u0643\u0646\u0643 \u0627\u0643\u062a\u0634\u0627\u0641\u0647\u0627.<\/p>\n<\/li>\n<li>\n<p class=\"bb_paragraph\">\u0627\u0644\u0622\u0644\u0627\u062a \u0627\u0644\u0645\u0648\u0633\u064a\u0642\u064a\u0629 \u0648\u0625\u0645\u0643\u0627\u0646\u064a\u0629 \u0627\u0644\u0644\u0639\u0628 \u0623\u0645\u0627\u0645 \u0627\u0644\u0622\u062e\u0631\u064a\u0646.<\/p>\n<\/li>\n<li>\n<p class=\"bb_paragraph\">\u0634\u0628\u0643\u0629 \u062d\u062f\u064a\u062f\u064a\u0629 \u0648\u0627\u0633\u0639\u0629\u060c \u0628\u0627\u0644\u0625\u0636\u0627\u0641\u0629 \u0625\u0644\u0649 \u0623\u0646\u0647\u0627 \u0645\u0641\u062a\u0648\u062d\u0629 \u0639\u0644\u0649 \u0627\u0644\u0623\u0631\u0636.<\/p>\n<\/li>\n<li>\n<p class=\"bb_paragraph\">\u062a\u062d\u062f\u064a\u062b \u062c\u062f\u064a\u062f \u0644\u0644\u0631\u0633\u0648\u0645\u0627\u062a \u0648\u0627\u0633\u062a\u0639\u0627\u062f\u0629 \u0643\u0627\u0645\u0644\u0629 \u0644\u0644\u0628\u064a\u0626\u0627\u062a.<\/p>\n<\/li>\n<li>\n<p class=\"bb_paragraph\">\u0628\u0639\u062f \u0639\u0627\u0645 2025 \u0641\u0642\u0637: \u0625\u0636\u0627\u0641\u0629 \u0627\u0644\u0648\u0636\u0639 \u0627\u0644\u0628\u062f\u0627\u0626\u064a \u0627\u0644\u0645\u0635\u0627\u062d\u0628 \u0644\u0644\u0623\u0633\u0644\u062d\u0629 \u0648\u0627\u0644\u0645\u0631\u0643\u0628\u0627\u062a \u0627\u0644\u062d\u0635\u0631\u064a\u0629.<\/p>\n<\/li>\n<li>\n<p class=\"bb_paragraph\">\u2026 et bien plus !<\/p>\n<\/li>\n<\/ul>\n<h2 class=\"bb_tag\">\u0627\u0633\u062a\u0643\u0634\u0641<\/h2>\n<div class=\"bb_wide_img_ctn\"><img data-recalc-dims=\"1\" decoding=\"async\" class=\"bb_img\" src=\"https:\/\/i0.wp.com\/shared.cloudflare.steamstatic.com\/store_item_assets\/steam\/apps\/252490\/extras\/explore.jpg?ssl=1\" \/><\/div>\n<p class=\"bb_paragraph\">Vous vous r\u00e9veillez sur une \u00eele mysterieuse\u060c sans le moindre v\u00eatement\u060c avec un rocher et une torche pour seuls Tools. Il vous faudra survivre aux d&#039;environnement Risks, satisfaire vos besoins vitaux pour ne pas moir de frroid, de faim ou de soif, puis b\u00e2tir un abri, manger (de pref\u00e9rence avant qu&#039;on ne vous mange) et r\u00e9colter des mat\u00e9riaux. \u0634\u0627\u0631\u0643 \u0641\u064a \u0627\u0643\u062a\u0634\u0627\u0641 \u0627\u0644\u062c\u0632\u064a\u0631\u0629 \u0648\u0642\u0631\u0627\u0647\u0627 \u0627\u0644\u0645\u0647\u062c\u0648\u0631\u0629 \u0648\u0622\u062b\u0627\u0631\u0647\u0627 \u0627\u0644\u063a\u0627\u0645\u0636\u0629 \u0648\u0627\u0644\u0641\u0635\u0627\u0626\u0644 \u0627\u0644\u062a\u064a \u0648\u0635\u0644\u062a \u0625\u0644\u0649 \u0623\u0631\u0627\u0636\u064a\u0647\u0627.<br \/>\nMais surtout, m\u00e9fiez-vous des autres survivants\u2026<\/p>\n<h2 class=\"bb_tag\">\u0628\u0646\u0627\u0621<\/h2>\n<div class=\"bb_wide_img_ctn\"><img data-recalc-dims=\"1\" decoding=\"async\" class=\"bb_img\" src=\"https:\/\/i0.wp.com\/shared.cloudflare.steamstatic.com\/store_item_assets\/steam\/apps\/252490\/extras\/build.jpg?ssl=1\" \/><\/div>\n<p class=\"bb_paragraph\">\u062a\u062e\u064a\u0644 \u0648\u0636\u0631\u0628 \u0627\u0644\u0642\u0648\u0627\u0639\u062f \u0627\u0644\u062a\u064a \u062a\u0645\u0643\u0646\u0643 \u0645\u0646 \u0627\u0644\u0648\u0635\u0648\u0644 \u0625\u0644\u0649 \u0627\u0644\u0639\u0628\u0631 \u0648\u0627\u0644\u062f\u0641\u0627\u0639 \u0639\u0646 \u0645\u0646\u0637\u0642\u062a\u0643 \u0648\u0627\u0644\u062a\u062d\u0643\u0645 \u0641\u064a \u0645\u0648\u0627\u0631\u062f \u0627\u0644\u062c\u0632\u064a\u0631\u0629. \u0627\u0644\u062a\u0642\u062f\u0645 \u0641\u064a \u0634\u062c\u0631\u0629 \u0627\u0644\u0628\u062d\u062b\u060c \u0648\u062a\u0645\u0643\u064a\u0646 \u0632\u0631\u0627\u0639\u062a\u0643 \u0627\u0644\u062e\u0627\u0635\u0629\u060c \u0648\u062a\u0641\u0631\u064a\u063a \u0627\u0644\u0643\u0647\u0631\u0628\u0627\u0621\u060c \u0648\u0627\u0633\u062a\u062e\u062f\u0627\u0645 \u062c\u0645\u064a\u0639 \u0648\u0633\u0627\u0626\u0644 \u0627\u0644\u0646\u0642\u0644 \u0627\u0644\u0645\u062a\u0627\u062d\u0629 \u0644\u0643 \u0644\u0632\u0631\u0627\u0639\u0629 \u0627\u0644\u0634\u062c\u0631\u0629. \u062c\u0645\u064a\u0639 \u0627\u0644\u0637\u0631\u0642 \u062c\u064a\u062f\u0629 \u0644\u062a\u062c\u0646\u0628 \u0637\u0648\u0644 \u0627\u0644\u062a\u0642\u062f\u0645.<\/p>\n<h2 class=\"bb_tag\">\u0633\u0648\u0631\u0641\u064a\u0641\u064a\u0632<\/h2>\n<div class=\"bb_wide_img_ctn\"><img data-recalc-dims=\"1\" decoding=\"async\" class=\"bb_img\" src=\"https:\/\/i0.wp.com\/shared.cloudflare.steamstatic.com\/store_item_assets\/steam\/apps\/252490\/extras\/survive.jpg?ssl=1\" \/><\/div>\n<p class=\"bb_paragraph\">\u0641\u064a \u0627\u0644\u0635\u062f\u0623\u060c \u0647\u0630\u0627 \u0647\u0648 \u0627\u0644\u0645\u0643\u0627\u0646 \u0627\u0644\u0630\u064a \u062a\u0641\u0631\u0636 \u0641\u064a\u0647 \u0627\u0644\u0642\u0648\u0627\u0639\u062f. \u0642\u0645 \u0628\u062a\u0635\u0646\u064a\u0639 \u0627\u0644\u0623\u062f\u0648\u0627\u062a \u0648\u0627\u0644\u0623\u0633\u0644\u062d\u0629 \u0648\u0627\u0644\u062f\u0631\u0648\u0639 \u0644\u0644\u062f\u0641\u0627\u0639 \u0639\u0646\u0643. \u0627\u0644\u0639\u0645\u0644 \u0627\u0644\u0631\u0626\u064a\u0633\u064a \u0645\u0639 \u0623\u0635\u062f\u0642\u0627\u0626\u0643\u060c \u0648\u062a\u0643\u0648\u064a\u0646 \u062a\u062d\u0627\u0644\u0641\u0627\u062a \u0648\u0628\u0646\u0627\u0621 \u0645\u062c\u0645\u0648\u0639\u0629 \u0642\u0631\u0649 \u062d\u0642\u064a\u0642\u064a\u0629. Parcourez l&#039;\u00eele et \u0644\u0627\u062d\u0638 \u0645\u0627 \u0627\u0644\u0630\u064a \u064a\u062d\u062f\u062b\u060c \u0642\u0645 \u0628\u0627\u0644\u062a\u063a\u064a\u064a\u0631 \u0645\u0639 \u0627\u0644\u0644\u0627\u0639\u0628\u064a\u0646 \u0627\u0644\u0622\u062e\u0631\u064a\u0646... \u0623\u0648 \u0631\u0643\u0632 \u0639\u0644\u0649 \u0642\u0627\u0639\u062f\u062a\u0647\u0645 \u0648\u0645\u0648\u0627\u0631\u062f\u0647\u0645 \u0627\u0644\u062b\u0645\u064a\u0646\u0629.<\/p>\n<p class=\"bb_paragraph\">\n<\/div>\n<\/div>\n<div class=\"game_page_autocollapse_fade\"><\/div>","protected":false},"excerpt":{"rendered":"<p>\u0644\u0639\u0628\u0629 \u0623\u0635\u0644\u064a\u0629 \u0645\u062c\u0633\u0645\u0629 \u0644\u0644\u0639\u0628\u0629 \u0645\u062c\u0633\u0645\u0629 \u0644\u0634\u062e\u0635\u064a\u0629!<br \/>\n\u0627\u0634\u062a\u0631\u0650 \u0627\u0644\u0644\u0639\u0628\u0629 \u0627\u0644\u0622\u0646 \u0648\u0627\u062d\u0635\u0644 \u0639\u0644\u0649 \u0631\u0645\u0632 \u0627\u0644\u062a\u0641\u0639\u064a\u0644 \u0627\u0644\u0631\u0642\u0645\u064a \u062e\u0644\u0627\u0644 10 \u0625\u0644\u0649 15 \u062f\u0642\u064a\u0642\u0629 \u0641\u0642\u0637 \u0628\u0639\u062f \u0627\u0644\u062f\u0641\u0639.<br \/>\n\u0642\u0645 \u0628\u0627\u0633\u062a\u062e\u062f\u0627\u0645 \u0627\u0644\u0643\u0648\u062f \u0627\u0644\u0645\u0648\u062c\u0648\u062f \u0639\u0644\u0649 \u0627\u0644\u0645\u0646\u0635\u0629 \u0627\u0644\u0623\u0633\u0627\u0633\u064a (Steam\u060c Xbox\u060c PSN\u2026) \u0648\u0633\u064a\u062a\u0645 \u0625\u0636\u0627\u0641\u0629 \u0627\u0644\u0644\u0639\u0628\u0629 \u062a\u0644\u0642\u0627\u0626\u064a\u064b\u0627 \u0625\u0644\u0649 \u062d\u0633\u0627\u0628\u0643 \u0645\u062f\u0649 \u0627\u0644\u062d\u064a\u0627\u0629.<\/p>\n<p>\u0645\u0645\u064a\u0632\u0627\u062a \u0627\u0644\u0645\u0646\u062a\u062c<br \/>\n\u0643\u0648\u062f \u0631\u0633\u0645\u064a \u0648\u0622\u0645\u0646 100%<\/p>\n<p>\u0627\u0644\u062a\u0633\u0644\u064a\u0645 \u0627\u0644\u0633\u0631\u064a\u0639 \u062e\u0644\u0627\u0644 10 \u2013 15 \u062f\u0642\u064a\u0642\u0629<\/p>\n<p>\u062f\u0639\u0645 \u0641\u0646\u064a \u0641\u064a \u062d\u0627\u0644 \u0648\u0627\u062c\u0647\u062a \u0623\u064a \u0645\u0634\u0643\u0644\u0629<\/p>\n<p>\u0628\u062f\u0648\u0646 \u0627\u0634\u062a\u0631\u0627\u0643 \u0634\u0647\u0631\u064a - \u0634\u0631\u0627\u0621 \u0644\u0645\u0631\u0629 \u0648\u0627\u062d\u062f\u0629 \u0641\u0642\u0637<\/p>\n<p>\u0627\u0644\u0633\u0639\u0631 \u0627\u0644\u0623\u0641\u0636\u0644 \u0641\u064a \u0627\u0644\u0633\u0648\u0642 \u0627\u0644\u062c\u0632\u0627\u0626\u0631\u064a<\/p>\n<p>\u0643\u064a\u0641\u064a\u0629 \u0627\u0644\u0627\u0633\u062a\u0631\u062f\u0627\u062f:<br \/>\n\u0625\u0630\u0627 \u0644\u0645 \u062a\u0643\u0646 \u062a\u0639\u0631\u0641 \u0637\u0631\u064a\u0642\u0629 \u062a\u0641\u0639\u064a\u0644 \u0627\u0644\u0643\u0648\u062f\u060c \u0641\u0644\u0627 \u062a\u0642\u0644\u0642!<br \/>\n\u0628\u0639\u062f \u0639\u0645\u0644\u064a\u0629 \u0627\u0644\u0634\u0631\u0627\u0621\u060c \u0633\u064a\u062a\u0645 \u062a\u0648\u062c\u064a\u0647\u0643 \u062a\u0644\u0642\u0627\u0626\u064a\u064b\u0627 \u0625\u0644\u0649 \u0635\u0641\u062d\u0629 \u0627\u0644\u0641\u064a\u062f\u064a\u0648\u0647\u0627\u062a \u0627\u0644\u062a\u064a \u062a\u0634\u0631\u062d \u062e\u0637\u0648\u0629 \u0628\u062e\u0637\u0648\u0629 \u0643\u064a\u0641\u064a\u0629 \u0627\u0633\u062a\u0631\u062f\u0627\u062f \u0627\u0644\u0643\u0648\u062f \u0639\u0644\u0649 \u0643\u0644 \u0645\u0646\u0635\u0629 (Steam\u060c Xbox\u060c PS...).<\/p>","protected":false},"featured_media":3707,"comment_status":"open","ping_status":"closed","template":"","meta":{"googlesitekit_rrm_CAowv7G7DA:productID":"","om_disable_all_campaigns":false,"_monsterinsights_skip_tracking":false,"_monsterinsights_sitenote_active":false,"_monsterinsights_sitenote_note":"","_monsterinsights_sitenote_category":0,"jetpack_post_was_ever_published":false},"product_brand":[63],"product_cat":[48,49],"product_tag":[],"class_list":{"0":"post-3706","1":"product","2":"type-product","3":"status-publish","4":"has-post-thumbnail","6":"product_brand-xbox","7":"product_cat-xbox-one","8":"product_cat-xbox-series-xs","10":"first","11":"instock","12":"sale","13":"virtual","14":"taxable","15":"purchasable","16":"product-type-simple"},"jetpack_sharing_enabled":true,"jetpack_likes_enabled":true,"_links":{"self":[{"href":"https:\/\/cdhubs.com\/ar\/wp-json\/wp\/v2\/product\/3706","targetHints":{"allow":["GET"]}}],"collection":[{"href":"https:\/\/cdhubs.com\/ar\/wp-json\/wp\/v2\/product"}],"about":[{"href":"https:\/\/cdhubs.com\/ar\/wp-json\/wp\/v2\/types\/product"}],"replies":[{"embeddable":true,"href":"https:\/\/cdhubs.com\/ar\/wp-json\/wp\/v2\/comments?post=3706"}],"version-history":[{"count":2,"href":"https:\/\/cdhubs.com\/ar\/wp-json\/wp\/v2\/product\/3706\/revisions"}],"predecessor-version":[{"id":3710,"href":"https:\/\/cdhubs.com\/ar\/wp-json\/wp\/v2\/product\/3706\/revisions\/3710"}],"wp:featuredmedia":[{"embeddable":true,"href":"https:\/\/cdhubs.com\/ar\/wp-json\/wp\/v2\/media\/3707"}],"wp:attachment":[{"href":"https:\/\/cdhubs.com\/ar\/wp-json\/wp\/v2\/media?parent=3706"}],"wp:term":[{"taxonomy":"product_brand","embeddable":true,"href":"https:\/\/cdhubs.com\/ar\/wp-json\/wp\/v2\/product_brand?post=3706"},{"taxonomy":"product_cat","embeddable":true,"href":"https:\/\/cdhubs.com\/ar\/wp-json\/wp\/v2\/product_cat?post=3706"},{"taxonomy":"product_tag","embeddable":true,"href":"https:\/\/cdhubs.com\/ar\/wp-json\/wp\/v2\/product_tag?post=3706"}],"curies":[{"name":"wp","href":"https:\/\/api.w.org\/{rel}","templated":true}]}}