{"id":3686,"date":"2025-05-10T21:42:55","date_gmt":"2025-05-10T20:42:55","guid":{"rendered":"https:\/\/cdhubs.com\/?post_type=product&#038;p=3686"},"modified":"2025-05-10T21:44:32","modified_gmt":"2025-05-10T20:44:32","slug":"balatro-xbox","status":"publish","type":"product","link":"https:\/\/cdhubs.com\/ar\/product\/balatro-xbox\/","title":{"rendered":"\u0628\u0627\u0644\u0627\u062a\u0631\u0648 \u0627\u0643\u0633 \u0628\u0648\u0643\u0633"},"content":{"rendered":"<div id=\"aboutThisGame\" class=\"game_page_autocollapse\" data-panel=\"{&quot;type&quot;:&quot;PanelGroup&quot;}\">\n<div id=\"game_area_description\" class=\"game_area_description\">\n<h2>\u00c0 propos de ce jeu<\/h2>\n<p><strong>Balatro \u0647\u064a \u0644\u0639\u0628\u0629 \u0628\u0646\u0627\u0621 \u062a\u0634\u0643\u064a\u0644\u0627\u062a \u0631\u0648\u062c\u0644\u0627\u064a\u0643 \u0645\u0628\u0646\u064a\u0629 \u0639\u0644\u0649 \u0644\u0639\u0628\u0629 \u0627\u0644\u0628\u0648\u0643\u0631 \u0648\u0627\u0644\u062a\u064a \u062a\u062c\u062a\u0645\u0639 \u0623\u0645\u0627\u0645 \u0627\u0644\u0642\u0648\u0649 \u0627\u0644\u0645\u062a\u0622\u0632\u0631\u0629 \u0644\u0643\u0633\u0628 \u0627\u0644\u0645\u0632\u064a\u062f.<\/strong><\/p>\n<p><img data-recalc-dims=\"1\" decoding=\"async\" class=\"bb_img\" src=\"https:\/\/i0.wp.com\/shared.fastly.steamstatic.com\/store_item_assets\/steam\/apps\/2379780\/extras\/Endless_Possibility.gif?ssl=1\" \/><\/p>\n<p>\u0627\u062c\u0645\u0639 \u0628\u064a\u0646 \u0639\u0646\u0627\u0635\u0631 \u0627\u0644\u0628\u0648\u0643\u0631 \u0627\u0644\u0631\u0626\u064a\u0633\u064a\u0629 \u0645\u0639 \u0627\u0644\u062c\u0648\u0643\u0631 \u0627\u0644\u0641\u0631\u064a\u062f\u064a\u0646 \u0644\u0625\u0646\u0634\u0627\u0621 \u0645\u062c\u0645\u0648\u0639\u0629 \u0645\u062a\u0646\u0648\u0639\u0629 \u0645\u0646 \u0627\u0644\u062a\u0622\u0632\u0631 \u0648\u0627\u0644\u062a\u0634\u0643\u064a\u0644\u0627\u062a. \u0627\u062c\u0645\u0639 \u0627\u0644\u0643\u062b\u064a\u0631 \u0645\u0646 \u0627\u0644\u0637\u0627\u0626\u0631\u0627\u062a \u0644\u062a\u0643\u062a\u0634\u0641 \u0627\u0644\u0645\u0632\u064a\u062f \u0645\u0646 \u0627\u0644\u0623\u062e\u0637\u0627\u0621\u060c \u0648\u0627\u0643\u062a\u0634\u0641 \u062c\u0645\u064a\u0639 \u0627\u0644\u0645\u0643\u0627\u0641\u0622\u062a \u0627\u0644\u0631\u0626\u064a\u0633\u064a\u0629 \u0648\u0623\u0633\u0631\u0627\u0631 \u0627\u0644\u0637\u0648\u0627\u0628\u0642. \u0633\u0648\u0641 \u062a\u0641\u0648\u0632 \u0628\u0643\u0644 \u0627\u0644\u0645\u0632\u0627\u064a\u0627 \u0627\u0644\u0645\u0645\u0643\u0646\u0629 \u0644\u062a\u062d\u0642\u064a\u0642 \u0646\u0647\u0627\u064a\u0629 \u0627\u0644\u0645\u0637\u0627\u0641 \u0644\u0644\u0645\u0643\u0641\u0648\u0641\u064a\u0646\u060c \u0648\u062a\u0639\u0648\u062f \u0625\u0644\u0649 \u0622\u062e\u0631 \u0645\u0631\u0629 \u0648\u062a\u0639\u0644\u0646 \u0627\u0644\u0646\u0635\u0631.<br \/>\n<img data-recalc-dims=\"1\" decoding=\"async\" class=\"bb_img\" src=\"https:\/\/i0.wp.com\/shared.fastly.steamstatic.com\/store_item_assets\/steam\/apps\/2379780\/extras\/Jokers_Clean_Thin.gif?ssl=1\" \/><\/p>\n<ul class=\"bb_ul\">\n<li>\u062a\u062c\u0631\u0628\u0629 \u0644\u0639\u0628\u0629 \u0627\u0644\u0628\u0648\u0643\u0631 \u0631\u0648\u062c\u0644\u0627\u064a\u0643 \u0641\u064a \u0646\u0647\u0627\u064a\u0629 \u0627\u0644\u0645\u0637\u0627\u0641.<\/li>\n<li>Des possibilit\u00e9s sans fin: chaque Bonus\u060c d\u00e9fausse\u060c joker peut alt\u00e9rer le d\u00e9roulement de votre party.<\/li>\n<li>\u0648\u0636\u0639 \u062d\u0645\u0644\u0629 \u0634\u0627\u0645\u0644 \u0645\u0639 8 \u0635\u0639\u0648\u0628\u0629\u060c \u0628\u0627\u0644\u0625\u0636\u0627\u0641\u0629 \u0625\u0644\u0649 \u0648\u0636\u0639 \u0635\u0639\u0628\u060c \u0648\u0636\u0639 \u064a\u0648\u0645\u064a \u0648\u0648\u0636\u0639 \u0641\u0626\u0629.<\/li>\n<\/ul>\n<p><img data-recalc-dims=\"1\" decoding=\"async\" class=\"bb_img\" src=\"https:\/\/i0.wp.com\/shared.fastly.steamstatic.com\/store_item_assets\/steam\/apps\/2379780\/extras\/Break_The_Game.gif?ssl=1\" \/><\/p>\n<p>\u0627\u0633\u062a\u062e\u062f\u0645 \u0645\u062c\u0645\u0648\u0639\u0629 \u0645\u062a\u0646\u0648\u0639\u0629 \u0645\u0646 \u0627\u0644\u0623\u062f\u0648\u0627\u062a: \u0645\u062c\u0645\u0648\u0639\u0627\u062a \u0645\u062e\u062a\u0644\u0641\u0629\u060c \u062c\u0648\u0643\u0631\u060c \u0628\u0637\u0627\u0642\u0627\u062a \u0627\u0644\u062a\u0627\u0631\u0648\u060c \u0628\u0637\u0627\u0642\u0627\u062a \u0627\u0644\u0643\u0648\u0643\u0628\u060c \u0628\u0637\u0627\u0642\u0627\u062a Spectral \u0648\u0627\u0644\u0642\u0633\u0627\u0626\u0645. \u0627\u0633\u062a\u062e\u062f\u0645 \u0647\u0630\u0647 \u0627\u0644\u0623\u062f\u0648\u0627\u062a \u0645\u062a\u0639\u062f\u062f\u0629 \u0627\u0644\u062a\u0643\u0627\u0641\u0624 \u0644\u062a\u062d\u0642\u064a\u0642 \u0627\u0644\u0645\u062c\u0645\u0648\u0639\u0627\u062a \u0627\u0644\u0645\u062a\u0641\u0648\u0642\u0629\u060c \u0648\u062a\u0639\u0632\u064a\u0632 \u0627\u0644\u062a\u064a\u0627\u0631 \u0627\u0644\u0643\u0647\u0631\u0628\u0627\u0626\u064a \u0644\u062f\u064a\u0643\u060c \u0648\u0625\u0646\u0634\u0627\u0621 \u0627\u0644\u062a\u0622\u0632\u0631\u0627\u062a \u0627\u0644\u0643\u0647\u0631\u0628\u0627\u0626\u064a\u0629.<br \/>\n<img data-recalc-dims=\"1\" decoding=\"async\" class=\"bb_img\" src=\"https:\/\/i0.wp.com\/shared.fastly.steamstatic.com\/store_item_assets\/steam\/apps\/2379780\/extras\/Balatro_5_Aces_GIF__HQ_.gif?ssl=1\" \/><\/p>\n<ul class=\"bb_ul\">\n<li>150 \u062c\u0648\u0643\u0631 \u064a\u062a\u0645\u062a\u0639\u0648\u0646 \u0628\u0642\u062f\u0631\u0627\u062a \u0641\u0631\u064a\u062f\u0629<\/li>\n<li>15 \u0645\u062c\u0645\u0648\u0639\u0629 \u0645\u0639 \u062a\u0639\u062f\u064a\u0644\u0627\u062a \u0645\u062e\u062a\u0644\u0641\u0629 \u0644\u0644\u0627\u062e\u062a\u064a\u0627\u0631 \u0645\u0646 \u0628\u064a\u0646\u0647\u0627<\/li>\n<li>5 \u062e\u064a\u0627\u0631\u0627\u062a \u0645\u062e\u062a\u0644\u0641\u0629 \u0645\u0646 \u0625\u0645\u0643\u0627\u0646\u064a\u0627\u062a \u0627\u0644\u062c\u0648\u0643\u0631 \u0627\u0644\u062a\u064a \u062a\u0632\u064a\u062f \u0645\u0646 \u0627\u0644\u0642\u062f\u0631\u0627\u062a \u0627\u0644\u0623\u062e\u0631\u0649<\/li>\n<li>22 \u0646\u0648\u0639\u064b\u0627 \u0645\u062e\u062a\u0644\u0641\u064b\u0627 \u0645\u0646 \u0628\u0637\u0627\u0642\u0627\u062a \u0627\u0644\u062a\u0627\u0631\u0648 \u0627\u0644\u062a\u064a \u064a\u0645\u0643\u0646 \u0623\u0646 \u062a\u0632\u064a\u0646 \u0628\u0637\u0627\u0642\u0627\u062a\u0643 \u0627\u0644\u0639\u0627\u062f\u064a\u0629<\/li>\n<li>11 \u0628\u0637\u0627\u0642\u0629 \u0627\u0644\u0643\u0648\u0643\u0628 \u0627\u0644\u062a\u064a \u064a\u0645\u0643\u0646 \u0623\u0646 \u062a\u0633\u0627\u0639\u062f\u0643 \u0639\u0644\u0649 \u062a\u062d\u0633\u064a\u0646 \u0623\u0646\u0627\u0628\u064a\u0628\u0643 \u0627\u0644\u0631\u0626\u064a\u0633\u064a\u0629<\/li>\n<li>32 \u0628\u0637\u0627\u0642\u0629 \u0642\u0633\u064a\u0645\u0629 \u0633\u062a\u0645\u0646\u062d\u0643 \u0645\u0643\u0627\u0641\u0623\u0629 \u062f\u0627\u0626\u0645\u0629 \u0645\u0646 \u0623\u062c\u0644 \u062d\u0641\u0644\u062a\u0643 \u0641\u064a \u0627\u0644\u062f\u0648\u0631\u0629<\/li>\n<\/ul>\n<p><img data-recalc-dims=\"1\" decoding=\"async\" class=\"bb_img\" src=\"https:\/\/i0.wp.com\/shared.fastly.steamstatic.com\/store_item_assets\/steam\/apps\/2379780\/extras\/Find_Your_Flow.gif?ssl=1\" \/><\/p>\n<p>\u0627\u0633\u062a\u0645\u062a\u0639 \u0628\u0627\u0644\u063a\u0648\u0635 \u0641\u064a \u0627\u0644\u0639\u0627\u0644\u0645 \u0627\u0644\u0641\u0631\u064a\u062f \u0648\u0627\u0644\u0645\u062e\u062f\u0631 \u0645\u0646 Balatro. \u062f\u0639\u0643 \u0645\u0646 \u0627\u0644\u0633\u0627\u062d\u0631\u0629 \u0645\u0646 \u062e\u0644\u0627\u0644 \u0627\u0644\u0645\u0648\u062c\u0629 \u0627\u0644\u0627\u0635\u0637\u0646\u0627\u0639\u064a\u0629. \u062a\u0648\u0642\u0641\u060c \u0642\u0645 \u0628\u0627\u0644\u0628\u062f\u0621 \u0641\u064a \u0627\u0644\u0631\u0648\u062a\u064a\u0646 \u0648\u0627\u0633\u062a\u0639\u062f \u0644\u0644\u0639\u0628 \u0641\u064a \u0644\u0639\u0628\u0629 \u0631\u0648\u062c\u0644\u0627\u064a\u0643 \u0627\u0644\u0646\u0647\u0627\u0626\u064a\u0629.<\/p>\n<ul class=\"bb_ul\">\n<li>Am\u00e9liorez votre Collection\u060c \u0648\u0627\u0643\u062a\u0634\u0641 \u0627\u0644\u0623\u0633\u0631\u0627\u0631 \u0648\u0627\u0644\u0628\u0637\u0627\u0642\u0627\u062a \u0627\u0644\u062c\u062f\u064a\u062f\u0629 \u0641\u064a \u0643\u0644 \u062d\u0641\u0644\u0629.<\/li>\n<li>Tirez parti de l&#039;\u00e9cran d\u00e9taill\u00e9 des statistiques pour analyz vos meilleures mains, vos jokers les plus utilis\u00e9s et bien plus encore!<\/li>\n<li>\u0642\u0645 \u0628\u0627\u0633\u062a\u0639\u0627\u062f\u0629 \u0645\u064a\u0632\u0627\u062a \u0627\u0644\u0634\u0627\u0634\u0627\u062a \u0627\u0644\u0645\u0631\u0626\u064a\u0629 \u0639\u0644\u0649 \u0627\u0644\u0623\u0646\u0628\u0648\u0628 \u0627\u0644\u0643\u0627\u062b\u0648\u062f\u064a \u0648\u0627\u0633\u062a\u0645\u062a\u0639 \u0628\u0647\u0630\u0647 \u0627\u0644\u062a\u0641\u0627\u0635\u064a\u0644 \u0627\u0644\u0641\u0646\u064a\u0629 \u0628\u0627\u0644\u0628\u0643\u0633\u0644.<\/li>\n<\/ul>\n<div class=\"bb_wide_img_ctn\"><img data-recalc-dims=\"1\" decoding=\"async\" class=\"bb_img\" src=\"https:\/\/i0.wp.com\/shared.fastly.steamstatic.com\/store_item_assets\/steam\/apps\/2379780\/extras\/Spectral_Pack.gif?ssl=1\" \/><\/div>\n<\/div>\n<\/div>\n<div class=\"game_page_autocollapse_fade\"><\/div>","protected":false},"excerpt":{"rendered":"<p>\u0644\u0639\u0628\u0629 \u0623\u0635\u0644\u064a\u0629 \u0645\u062c\u0633\u0645\u0629 \u0644\u0644\u0639\u0628\u0629 \u0645\u062c\u0633\u0645\u0629 \u0644\u0634\u062e\u0635\u064a\u0629!<br \/>\n\u0627\u0634\u062a\u0631\u0650 \u0627\u0644\u0644\u0639\u0628\u0629 \u0627\u0644\u0622\u0646 \u0648\u0627\u062d\u0635\u0644 \u0639\u0644\u0649 \u0631\u0645\u0632 \u0627\u0644\u062a\u0641\u0639\u064a\u0644 \u0627\u0644\u0631\u0642\u0645\u064a \u062e\u0644\u0627\u0644 10 \u0625\u0644\u0649 15 \u062f\u0642\u064a\u0642\u0629 \u0641\u0642\u0637 \u0628\u0639\u062f \u0627\u0644\u062f\u0641\u0639.<br \/>\n\u0642\u0645 \u0628\u0627\u0633\u062a\u062e\u062f\u0627\u0645 \u0627\u0644\u0643\u0648\u062f \u0627\u0644\u0645\u0648\u062c\u0648\u062f \u0639\u0644\u0649 \u0627\u0644\u0645\u0646\u0635\u0629 \u0627\u0644\u0623\u0633\u0627\u0633\u064a (Steam\u060c Xbox\u060c PSN\u2026) \u0648\u0633\u064a\u062a\u0645 \u0625\u0636\u0627\u0641\u0629 \u0627\u0644\u0644\u0639\u0628\u0629 \u062a\u0644\u0642\u0627\u0626\u064a\u064b\u0627 \u0625\u0644\u0649 \u062d\u0633\u0627\u0628\u0643 \u0645\u062f\u0649 \u0627\u0644\u062d\u064a\u0627\u0629.<\/p>\n<p>\u0645\u0645\u064a\u0632\u0627\u062a \u0627\u0644\u0645\u0646\u062a\u062c<br \/>\n\u0643\u0648\u062f \u0631\u0633\u0645\u064a \u0648\u0622\u0645\u0646 100%<\/p>\n<p>\u0627\u0644\u062a\u0633\u0644\u064a\u0645 \u0627\u0644\u0633\u0631\u064a\u0639 \u062e\u0644\u0627\u0644 10 \u2013 15 \u062f\u0642\u064a\u0642\u0629<\/p>\n<p>\u062f\u0639\u0645 \u0641\u0646\u064a \u0641\u064a \u062d\u0627\u0644 \u0648\u0627\u062c\u0647\u062a \u0623\u064a \u0645\u0634\u0643\u0644\u0629<\/p>\n<p>\u0628\u062f\u0648\u0646 \u0627\u0634\u062a\u0631\u0627\u0643 \u0634\u0647\u0631\u064a - \u0634\u0631\u0627\u0621 \u0644\u0645\u0631\u0629 \u0648\u0627\u062d\u062f\u0629 \u0641\u0642\u0637<\/p>\n<p>\u0627\u0644\u0633\u0639\u0631 \u0627\u0644\u0623\u0641\u0636\u0644 \u0641\u064a \u0627\u0644\u0633\u0648\u0642 \u0627\u0644\u062c\u0632\u0627\u0626\u0631\u064a<\/p>\n<p>\u0643\u064a\u0641\u064a\u0629 \u0627\u0644\u0627\u0633\u062a\u0631\u062f\u0627\u062f:<br \/>\n\u0625\u0630\u0627 \u0644\u0645 \u062a\u0643\u0646 \u062a\u0639\u0631\u0641 \u0637\u0631\u064a\u0642\u0629 \u062a\u0641\u0639\u064a\u0644 \u0627\u0644\u0643\u0648\u062f\u060c \u0641\u0644\u0627 \u062a\u0642\u0644\u0642!<br \/>\n\u0628\u0639\u062f \u0639\u0645\u0644\u064a\u0629 \u0627\u0644\u0634\u0631\u0627\u0621\u060c \u0633\u064a\u062a\u0645 \u062a\u0648\u062c\u064a\u0647\u0643 \u062a\u0644\u0642\u0627\u0626\u064a\u064b\u0627 \u0625\u0644\u0649 \u0635\u0641\u062d\u0629 \u0627\u0644\u0641\u064a\u062f\u064a\u0648\u0647\u0627\u062a \u0627\u0644\u062a\u064a \u062a\u0634\u0631\u062d \u062e\u0637\u0648\u0629 \u0628\u062e\u0637\u0648\u0629 \u0643\u064a\u0641\u064a\u0629 \u0627\u0633\u062a\u0631\u062f\u0627\u062f \u0627\u0644\u0643\u0648\u062f \u0639\u0644\u0649 \u0643\u0644 \u0645\u0646\u0635\u0629 (Steam\u060c Xbox\u060c PS...).<\/p>","protected":false},"featured_media":3683,"comment_status":"open","ping_status":"closed","template":"","meta":{"googlesitekit_rrm_CAowv7G7DA:productID":"","om_disable_all_campaigns":false,"_monsterinsights_skip_tracking":false,"_monsterinsights_sitenote_active":false,"_monsterinsights_sitenote_note":"","_monsterinsights_sitenote_category":0,"jetpack_post_was_ever_published":false},"product_brand":[63],"product_cat":[114,48,49],"product_tag":[],"class_list":{"0":"post-3686","1":"product","2":"type-product","3":"status-publish","4":"has-post-thumbnail","6":"product_brand-xbox","7":"product_cat-xbox-series-xs-one","8":"product_cat-xbox-one","9":"product_cat-xbox-series-xs","11":"first","12":"instock","13":"sale","14":"taxable","15":"shipping-taxable","16":"purchasable","17":"product-type-simple"},"jetpack_sharing_enabled":true,"jetpack_likes_enabled":true,"_links":{"self":[{"href":"https:\/\/cdhubs.com\/ar\/wp-json\/wp\/v2\/product\/3686","targetHints":{"allow":["GET"]}}],"collection":[{"href":"https:\/\/cdhubs.com\/ar\/wp-json\/wp\/v2\/product"}],"about":[{"href":"https:\/\/cdhubs.com\/ar\/wp-json\/wp\/v2\/types\/product"}],"replies":[{"embeddable":true,"href":"https:\/\/cdhubs.com\/ar\/wp-json\/wp\/v2\/comments?post=3686"}],"version-history":[{"count":1,"href":"https:\/\/cdhubs.com\/ar\/wp-json\/wp\/v2\/product\/3686\/revisions"}],"predecessor-version":[{"id":3687,"href":"https:\/\/cdhubs.com\/ar\/wp-json\/wp\/v2\/product\/3686\/revisions\/3687"}],"wp:featuredmedia":[{"embeddable":true,"href":"https:\/\/cdhubs.com\/ar\/wp-json\/wp\/v2\/media\/3683"}],"wp:attachment":[{"href":"https:\/\/cdhubs.com\/ar\/wp-json\/wp\/v2\/media?parent=3686"}],"wp:term":[{"taxonomy":"product_brand","embeddable":true,"href":"https:\/\/cdhubs.com\/ar\/wp-json\/wp\/v2\/product_brand?post=3686"},{"taxonomy":"product_cat","embeddable":true,"href":"https:\/\/cdhubs.com\/ar\/wp-json\/wp\/v2\/product_cat?post=3686"},{"taxonomy":"product_tag","embeddable":true,"href":"https:\/\/cdhubs.com\/ar\/wp-json\/wp\/v2\/product_tag?post=3686"}],"curies":[{"name":"wp","href":"https:\/\/api.w.org\/{rel}","templated":true}]}}