{"id":3499,"date":"2025-04-30T21:57:13","date_gmt":"2025-04-30T20:57:13","guid":{"rendered":"https:\/\/cdhubs.com\/?post_type=product&#038;p=3499"},"modified":"2025-04-30T21:59:21","modified_gmt":"2025-04-30T20:59:21","slug":"alien-isolation-xbox","status":"publish","type":"product","link":"https:\/\/cdhubs.com\/ar\/product\/alien-isolation-xbox\/","title":{"rendered":"\u0643\u0627\u0626\u0646 \u0641\u0636\u0627\u0626\u064a: \u0627\u0644\u0639\u0632\u0644\u0629 XBOX"},"content":{"rendered":"<h2>\u00c0 propos de ce jeu<\/h2>\n<p>\u0627\u0643\u062a\u0634\u0641 \u0627\u0644\u0648\u0627\u0642\u0639 \u0627\u0644\u062d\u0642\u064a\u0642\u064a \u0641\u064a Alien: Isolation\u060c \u0648\u0647\u0648 \u0631\u0639\u0628 \u0627\u0644\u0628\u0642\u0627\u0621 \u0639\u0644\u0649 \u0642\u064a\u062f \u0627\u0644\u062d\u064a\u0627\u0629 \u0627\u0644\u0630\u064a \u064a\u0646\u0641\u062c\u0631 \u0641\u064a \u062c\u0648 \u0645\u0646 \u0627\u0644\u0633\u0643\u0648\u0646 \u0648\u0627\u0644\u062e\u0637\u0631 \u0627\u0644\u0645\u0633\u062a\u0645\u0631. Quinze ans ont pass\u00e9 depuis les \u00e9v\u00e9nements d&#039;Alien\u2122. \u062a\u0646\u0637\u0644\u0642 \u0627\u0628\u0646\u0629 \u0625\u064a\u0644\u064a\u0646 \u0631\u064a\u0628\u0644\u064a\u060c \u0623\u0645\u0627\u0646\u062f\u0627\u060c \u0641\u064a \u0645\u0647\u0645\u0629 \u0644\u0627\u0643\u062a\u0634\u0627\u0641 \u0633\u0631 \u0636\u064a\u0627\u0639 \u0627\u0644\u0623\u0645\u060c \u0641\u064a \u0631\u062d\u0644\u0629 \u064a\u0627\u0626\u0633\u0629 \u0645\u0646 \u0623\u062c\u0644 \u0627\u0644\u0628\u0642\u0627\u0621.<\/p>\n<p>\u0641\u064a \u062d\u064a\u0648\u0627\u0646 \u0623\u0645\u0627\u0646\u062f\u0627\u060c \u0623\u0646\u062a \u062a\u062a\u0646\u0642\u0644 \u0641\u064a \u0639\u0627\u0644\u0645 \u062c\u062f\u064a\u062f \u0648\u0623\u0643\u062b\u0631 \u0642\u0644\u0642\u064b\u0627 \u0648\u062a\u0648\u0627\u062c\u0647 \u0633\u0643\u0627\u0646\u064b\u0627 \u0645\u0630\u0639\u0648\u0631\u064a\u0646 \u0648\u0645\u0643\u062a\u0634\u0641\u064a\u0646\u060c \u0628\u0627\u0644\u0625\u0636\u0627\u0641\u0629 \u0625\u0644\u0649 \u0643\u0627\u0626\u0646 \u0641\u0636\u0627\u0626\u064a \u063a\u064a\u0631 \u0645\u0631\u0626\u064a \u0648\u063a\u064a\u0631 \u0634\u0641\u0642\u0629.<\/p>\n<p>\u0628\u062f\u0648\u0646 \u0623\u064a \u0637\u0631\u0642 \u0623\u0648 \u062a\u062d\u0636\u064a\u0631\u0627\u062a\u060c \u0639\u0644\u064a\u0643 \u0623\u0646 \u062a\u0641\u0634\u0644 \u0641\u064a \u062a\u0648\u0641\u064a\u0631 \u0627\u0644\u0645\u0648\u0627\u0631\u062f\u060c \u0648\u0627\u0631\u062a\u062c\u0627\u0644 \u0627\u0644\u062d\u0644\u0648\u0644\u060c \u0648\u0627\u0633\u062a\u062e\u062f\u0627\u0645 \u0645\u0627 \u0644\u0627 \u062a\u0639\u0631\u0641\u0647 \u062c\u064a\u062f\u064b\u0627 \u0645\u0646 \u0623\u062c\u0644 \u0627\u0644\u0639\u0648\u062f\u0629 \u0625\u0644\u0649 \u0645\u0647\u0645\u062a\u0643 \u0627\u0644\u0625\u0636\u0627\u0641\u064a\u0629 \u0623\u064a\u0636\u064b\u0627 \u0644\u0644\u0628\u0642\u0627\u0621 \u0641\u064a \u0627\u0644\u062d\u064a\u0627\u0629.<\/p>\n<p><img decoding=\"async\" src=\"https:\/\/thaka.bing.com\/th\/id\/OIP.VRNk3hNGez_Q0xKzxU0f6QHaEE?cb=iwp1&amp;rs=1&amp;pid=ImgDetMain\" alt=\"Alien: Isolation - Corporate Lockdown on Steam\" \/><img decoding=\"async\" src=\"https:\/\/thaka.bing.com\/th\/id\/OIP.TYO6tM06X93cO8ULddfd_gHaD8?cb=iwp1&amp;w=3840&amp;h=2042&amp;rs=1&amp;pid=ImgDetMain\" alt=\"Nuevas im\u00e1genes de Alien Isolation\" \/><img data-recalc-dims=\"1\" decoding=\"async\" src=\"https:\/\/i0.wp.com\/www.purepc.pl\/image\/news\/2024\/08\/16_neo_berlin_2087_wzbudzajaca_skrajne_emocje_next_genowa_strzelanka_sf_z_efektownym_gameplay_trailerem_3_b.jpg?ssl=1\" alt=\"Neo Berlin 2087 - wzbudzaj\u0105ca skrajne emocje next-genowa strzelanka SF ...\" \/><img data-recalc-dims=\"1\" decoding=\"async\" src=\"https:\/\/i0.wp.com\/images.nintendolife.com\/7527089c5cd0f\/flashback-2-new-washington.large.jpg?ssl=1\" alt=\"Flashback 2 Modernises The Cinematic Platformer In New Trailer ...\" \/><\/p>","protected":false},"excerpt":{"rendered":"<p>\u0644\u0639\u0628\u0629 \u0623\u0635\u0644\u064a\u0629 \u0645\u062c\u0633\u0645\u0629 \u0644\u0644\u0639\u0628\u0629 \u0645\u062c\u0633\u0645\u0629 \u0644\u0634\u062e\u0635\u064a\u0629!<br \/>\n\u0627\u0634\u062a\u0631\u0650 \u0627\u0644\u0644\u0639\u0628\u0629 \u0627\u0644\u0622\u0646 \u0648\u0627\u062d\u0635\u0644 \u0639\u0644\u0649 \u0631\u0645\u0632 \u0627\u0644\u062a\u0641\u0639\u064a\u0644 \u0627\u0644\u0631\u0642\u0645\u064a \u062e\u0644\u0627\u0644 10 \u0625\u0644\u0649 15 \u062f\u0642\u064a\u0642\u0629 \u0641\u0642\u0637 \u0628\u0639\u062f \u0627\u0644\u062f\u0641\u0639.<br \/>\n\u0642\u0645 \u0628\u0627\u0633\u062a\u062e\u062f\u0627\u0645 \u0627\u0644\u0643\u0648\u062f \u0627\u0644\u0645\u0648\u062c\u0648\u062f \u0639\u0644\u0649 \u0627\u0644\u0645\u0646\u0635\u0629 \u0627\u0644\u0623\u0633\u0627\u0633\u064a (Steam\u060c Xbox\u060c PSN\u2026) \u0648\u0633\u064a\u062a\u0645 \u0625\u0636\u0627\u0641\u0629 \u0627\u0644\u0644\u0639\u0628\u0629 \u062a\u0644\u0642\u0627\u0626\u064a\u064b\u0627 \u0625\u0644\u0649 \u062d\u0633\u0627\u0628\u0643 \u0645\u062f\u0649 \u0627\u0644\u062d\u064a\u0627\u0629.<\/p>\n<p>\u0645\u0645\u064a\u0632\u0627\u062a \u0627\u0644\u0645\u0646\u062a\u062c<br \/>\n\u0643\u0648\u062f \u0631\u0633\u0645\u064a \u0648\u0622\u0645\u0646 100%<\/p>\n<p>\u0627\u0644\u062a\u0633\u0644\u064a\u0645 \u0627\u0644\u0633\u0631\u064a\u0639 \u062e\u0644\u0627\u0644 10 \u2013 15 \u062f\u0642\u064a\u0642\u0629<\/p>\n<p>\u062f\u0639\u0645 \u0641\u0646\u064a \u0641\u064a \u062d\u0627\u0644 \u0648\u0627\u062c\u0647\u062a \u0623\u064a \u0645\u0634\u0643\u0644\u0629<\/p>\n<p>\u0628\u062f\u0648\u0646 \u0627\u0634\u062a\u0631\u0627\u0643 \u0634\u0647\u0631\u064a - \u0634\u0631\u0627\u0621 \u0644\u0645\u0631\u0629 \u0648\u0627\u062d\u062f\u0629 \u0641\u0642\u0637<\/p>\n<p>\u0627\u0644\u0633\u0639\u0631 \u0627\u0644\u0623\u0641\u0636\u0644 \u0641\u064a \u0627\u0644\u0633\u0648\u0642 \u0627\u0644\u062c\u0632\u0627\u0626\u0631\u064a<\/p>\n<p>\u0643\u064a\u0641\u064a\u0629 \u0627\u0644\u0627\u0633\u062a\u0631\u062f\u0627\u062f:<br \/>\n\u0625\u0630\u0627 \u0644\u0645 \u062a\u0643\u0646 \u062a\u0639\u0631\u0641 \u0637\u0631\u064a\u0642\u0629 \u062a\u0641\u0639\u064a\u0644 \u0627\u0644\u0643\u0648\u062f\u060c \u0641\u0644\u0627 \u062a\u0642\u0644\u0642!<br \/>\n\u0628\u0639\u062f \u0639\u0645\u0644\u064a\u0629 \u0627\u0644\u0634\u0631\u0627\u0621\u060c \u0633\u064a\u062a\u0645 \u062a\u0648\u062c\u064a\u0647\u0643 \u062a\u0644\u0642\u0627\u0626\u064a\u064b\u0627 \u0625\u0644\u0649 \u0635\u0641\u062d\u0629 \u0627\u0644\u0641\u064a\u062f\u064a\u0648\u0647\u0627\u062a \u0627\u0644\u062a\u064a \u062a\u0634\u0631\u062d \u062e\u0637\u0648\u0629 \u0628\u062e\u0637\u0648\u0629 \u0643\u064a\u0641\u064a\u0629 \u0627\u0633\u062a\u0631\u062f\u0627\u062f \u0627\u0644\u0643\u0648\u062f \u0639\u0644\u0649 \u0643\u0644 \u0645\u0646\u0635\u0629 (Steam\u060c Xbox\u060c PS...).<\/p>","protected":false},"featured_media":3500,"comment_status":"open","ping_status":"closed","template":"","meta":{"googlesitekit_rrm_CAowv7G7DA:productID":"","om_disable_all_campaigns":false,"_monsterinsights_skip_tracking":false,"_monsterinsights_sitenote_active":false,"_monsterinsights_sitenote_note":"","_monsterinsights_sitenote_category":0,"jetpack_post_was_ever_published":false},"product_brand":[63],"product_cat":[114,48,49],"product_tag":[],"class_list":{"0":"post-3499","1":"product","2":"type-product","3":"status-publish","4":"has-post-thumbnail","6":"product_brand-xbox","7":"product_cat-xbox-series-xs-one","8":"product_cat-xbox-one","9":"product_cat-xbox-series-xs","11":"first","12":"instock","13":"sale","14":"virtual","15":"taxable","16":"purchasable","17":"product-type-simple"},"jetpack_sharing_enabled":true,"jetpack_likes_enabled":true,"_links":{"self":[{"href":"https:\/\/cdhubs.com\/ar\/wp-json\/wp\/v2\/product\/3499","targetHints":{"allow":["GET"]}}],"collection":[{"href":"https:\/\/cdhubs.com\/ar\/wp-json\/wp\/v2\/product"}],"about":[{"href":"https:\/\/cdhubs.com\/ar\/wp-json\/wp\/v2\/types\/product"}],"replies":[{"embeddable":true,"href":"https:\/\/cdhubs.com\/ar\/wp-json\/wp\/v2\/comments?post=3499"}],"version-history":[{"count":1,"href":"https:\/\/cdhubs.com\/ar\/wp-json\/wp\/v2\/product\/3499\/revisions"}],"predecessor-version":[{"id":3501,"href":"https:\/\/cdhubs.com\/ar\/wp-json\/wp\/v2\/product\/3499\/revisions\/3501"}],"wp:featuredmedia":[{"embeddable":true,"href":"https:\/\/cdhubs.com\/ar\/wp-json\/wp\/v2\/media\/3500"}],"wp:attachment":[{"href":"https:\/\/cdhubs.com\/ar\/wp-json\/wp\/v2\/media?parent=3499"}],"wp:term":[{"taxonomy":"product_brand","embeddable":true,"href":"https:\/\/cdhubs.com\/ar\/wp-json\/wp\/v2\/product_brand?post=3499"},{"taxonomy":"product_cat","embeddable":true,"href":"https:\/\/cdhubs.com\/ar\/wp-json\/wp\/v2\/product_cat?post=3499"},{"taxonomy":"product_tag","embeddable":true,"href":"https:\/\/cdhubs.com\/ar\/wp-json\/wp\/v2\/product_tag?post=3499"}],"curies":[{"name":"wp","href":"https:\/\/api.w.org\/{rel}","templated":true}]}}