{"id":3206,"date":"2025-04-28T23:06:34","date_gmt":"2025-04-28T23:06:34","guid":{"rendered":"https:\/\/cdhubs.com\/?post_type=product&#038;p=3206"},"modified":"2025-04-28T23:06:34","modified_gmt":"2025-04-28T23:06:34","slug":"minecraft-legends-pc","status":"publish","type":"product","link":"https:\/\/cdhubs.com\/ar\/product\/minecraft-legends-pc\/","title":{"rendered":"\u0623\u0633\u0627\u0637\u064a\u0631 \u0645\u0627\u064a\u0646 \u0643\u0631\u0627\u0641\u062a \u0644\u0644\u0643\u0645\u0628\u064a\u0648\u062a\u0631 \u0627\u0644\u0634\u062e\u0635\u064a"},"content":{"rendered":"<h2 class=\"MC_Heading_2 MC_Carousel_header_heading\">\u0627\u0643\u062a\u0634\u0641 \u0645\u0627\u064a\u0646 \u0643\u0631\u0627\u0641\u062a<\/h2>\n<div class=\"MC_Carousel_header_description\" data-bi-id=\"c1c1c1m1r5a3\" data-bi-cn=\"c1c1c1m1r5a3\">\n<p>\u0642\u0645 \u0628\u0628\u0646\u0627\u0621 \u0643\u0644 \u0645\u0627 \u064a\u0645\u0643\u0646\u0643 \u062a\u062e\u064a\u0644\u0647\u060c \u0648\u0627\u0643\u062a\u0634\u0641 \u0627\u0644\u0623\u0644\u063a\u0627\u0632 \u0627\u0644\u063a\u0631\u064a\u0628\u0629 \u0648\u0627\u0644\u0628\u0642\u0627\u0621 \u0639\u0644\u0649 \u0642\u064a\u062f \u0627\u0644\u062d\u064a\u0627\u0629 \u0641\u064a \u0627\u0644\u0644\u064a\u0644 \u0641\u064a \u0644\u0639\u0628\u0629 \u0627\u0644\u0628\u0643\u0627\u0621 \u0641\u064a \u0627\u0644\u0646\u0647\u0627\u064a\u0629. \u0641\u064a Minecraft\u060c \u0643\u0644 \u062c\u0632\u0621 \u0647\u0648 \u0645\u062e\u062a\u0644\u0641\u060c \u0648\u0627\u0644\u0645\u063a\u0627\u0645\u0631\u0627\u062a \u0627\u0644\u062a\u064a \u0644\u0627 \u064a\u0645\u0643\u0646 \u0644\u0623\u062d\u062f \u0623\u0646 \u062a\u062d\u0636\u0631\u0647\u0627 \u0643\u0644 \u0639\u0645\u0644\u0629. \u0627\u0633\u062a\u0643\u0634\u0641 \u0648\u0635\u0646\u0639 \u0637\u0631\u064a\u0642\u0643 \u0641\u064a \u0639\u0627\u0644\u0645 \u0644\u0627 \u0646\u0647\u0627\u064a\u0629 \u0644\u0647 \u062d\u064a\u062b \u064a\u0645\u0643\u0646\u0643 \u0627\u0644\u0642\u064a\u0627\u0645 \u0628\u0630\u0644\u0643\u060c \u0643\u062a\u0644\u0629 \u0641\u064a \u0627\u0644\u0645\u0631\u0629 \u0627\u0644\u0648\u0627\u062d\u062f\u0629.<\/p>\n<p><img data-recalc-dims=\"1\" decoding=\"async\" src=\"https:\/\/i0.wp.com\/www.minecraft.net\/content\/dam\/minecraftnet\/games\/minecraft\/screenshots\/EXPERIENCE_MORE_MinecraftEDU_PrivacyProdigy_darkWeb.png?ssl=1\" alt=\"Une s\u00e9rie de passerelles en bois couvertes d'araign\u00e9es et de toiles d'araign\u00e9e quadrillent une sombre caverne.\" \/><img data-recalc-dims=\"1\" decoding=\"async\" src=\"https:\/\/i0.wp.com\/www.minecraft.net\/content\/dam\/minecraftnet\/games\/minecraft\/screenshots\/PLAYTOGETHERPDPScreenshotRefresh2024_exitingPortal_01.png?ssl=1\" alt=\"3\u00a0personnages Minecraft sortent d'un portail des t\u00e9n\u00e8bres pour rejoindre la Surface.\" \/><img data-recalc-dims=\"1\" decoding=\"async\" src=\"https:\/\/i0.wp.com\/www.minecraft.net\/content\/dam\/minecraftnet\/games\/minecraft\/screenshots\/EXPLORE_PDPScreenshotRefresh2024_multipleBiomes_01.png?ssl=1\" alt=\"Dans Minecraft, un flanc de montagne enneig\u00e9 est couvert de ch\u00eanes, de pins et de cerisiers.\" \/><img data-recalc-dims=\"1\" decoding=\"async\" src=\"https:\/\/i0.wp.com\/www.minecraft.net\/content\/dam\/minecraftnet\/games\/minecraft\/screenshots\/CREATE_BuildAlmostAnything.png?ssl=1\" alt=\"Steve et Alex construisent un ch\u00e2teau et une tour de guet \u00e0 flanc de colline.\" \/><\/p>\n<\/div>","protected":false},"excerpt":{"rendered":"<p>\u0644\u0639\u0628\u0629 \u0623\u0635\u0644\u064a\u0629 \u0645\u062c\u0633\u0645\u0629 \u0644\u0644\u0639\u0628\u0629 \u0645\u062c\u0633\u0645\u0629 \u0644\u0634\u062e\u0635\u064a\u0629!<br \/>\n\u0627\u0634\u062a\u0631\u0650 \u0627\u0644\u0644\u0639\u0628\u0629 \u0627\u0644\u0622\u0646 \u0648\u0627\u062d\u0635\u0644 \u0639\u0644\u0649 \u0631\u0645\u0632 \u0627\u0644\u062a\u0641\u0639\u064a\u0644 \u0627\u0644\u0631\u0642\u0645\u064a \u062e\u0644\u0627\u0644 10 \u0625\u0644\u0649 15 \u062f\u0642\u064a\u0642\u0629 \u0641\u0642\u0637 \u0628\u0639\u062f \u0627\u0644\u062f\u0641\u0639.<br \/>\n\u0642\u0645 \u0628\u0627\u0633\u062a\u062e\u062f\u0627\u0645 \u0627\u0644\u0643\u0648\u062f \u0627\u0644\u0645\u0648\u062c\u0648\u062f \u0639\u0644\u0649 \u0627\u0644\u0645\u0646\u0635\u0629 \u0627\u0644\u0623\u0633\u0627\u0633\u064a (Steam\u060c Xbox\u060c PSN\u2026) \u0648\u0633\u064a\u062a\u0645 \u0625\u0636\u0627\u0641\u0629 \u0627\u0644\u0644\u0639\u0628\u0629 \u062a\u0644\u0642\u0627\u0626\u064a\u064b\u0627 \u0625\u0644\u0649 \u062d\u0633\u0627\u0628\u0643 \u0645\u062f\u0649 \u0627\u0644\u062d\u064a\u0627\u0629.<\/p>\n<p>\u0645\u0645\u064a\u0632\u0627\u062a \u0627\u0644\u0645\u0646\u062a\u062c<br \/>\n\u0643\u0648\u062f \u0631\u0633\u0645\u064a \u0648\u0622\u0645\u0646 100%<\/p>\n<p>\u0627\u0644\u062a\u0633\u0644\u064a\u0645 \u0627\u0644\u0633\u0631\u064a\u0639 \u062e\u0644\u0627\u0644 10 \u2013 15 \u062f\u0642\u064a\u0642\u0629<\/p>\n<p>\u062f\u0639\u0645 \u0641\u0646\u064a \u0641\u064a \u062d\u0627\u0644 \u0648\u0627\u062c\u0647\u062a \u0623\u064a \u0645\u0634\u0643\u0644\u0629<\/p>\n<p>\u0628\u062f\u0648\u0646 \u0627\u0634\u062a\u0631\u0627\u0643 \u0634\u0647\u0631\u064a - \u0634\u0631\u0627\u0621 \u0644\u0645\u0631\u0629 \u0648\u0627\u062d\u062f\u0629 \u0641\u0642\u0637<\/p>\n<p>\u0627\u0644\u0633\u0639\u0631 \u0627\u0644\u0623\u0641\u0636\u0644 \u0641\u064a \u0627\u0644\u0633\u0648\u0642 \u0627\u0644\u062c\u0632\u0627\u0626\u0631\u064a<\/p>\n<p>\u0643\u064a\u0641\u064a\u0629 \u0627\u0644\u0627\u0633\u062a\u0631\u062f\u0627\u062f:<br \/>\n\u0625\u0630\u0627 \u0644\u0645 \u062a\u0643\u0646 \u062a\u0639\u0631\u0641 \u0637\u0631\u064a\u0642\u0629 \u062a\u0641\u0639\u064a\u0644 \u0627\u0644\u0643\u0648\u062f\u060c \u0641\u0644\u0627 \u062a\u0642\u0644\u0642!<br \/>\n\u0628\u0639\u062f \u0639\u0645\u0644\u064a\u0629 \u0627\u0644\u0634\u0631\u0627\u0621\u060c \u0633\u064a\u062a\u0645 \u062a\u0648\u062c\u064a\u0647\u0643 \u062a\u0644\u0642\u0627\u0626\u064a\u064b\u0627 \u0625\u0644\u0649 \u0635\u0641\u062d\u0629 \u0627\u0644\u0641\u064a\u062f\u064a\u0648\u0647\u0627\u062a \u0627\u0644\u062a\u064a \u062a\u0634\u0631\u062d \u062e\u0637\u0648\u0629 \u0628\u062e\u0637\u0648\u0629 \u0643\u064a\u0641\u064a\u0629 \u0627\u0633\u062a\u0631\u062f\u0627\u062f \u0627\u0644\u0643\u0648\u062f \u0639\u0644\u0649 \u0643\u0644 \u0645\u0646\u0635\u0629 (Steam\u060c Xbox\u060c PS...).<\/p>","protected":false},"featured_media":3207,"comment_status":"open","ping_status":"closed","template":"","meta":{"googlesitekit_rrm_CAowv7G7DA:productID":"","om_disable_all_campaigns":false,"_monsterinsights_skip_tracking":false,"_monsterinsights_sitenote_active":false,"_monsterinsights_sitenote_note":"","_monsterinsights_sitenote_category":0,"jetpack_post_was_ever_published":false},"product_brand":[],"product_cat":[],"product_tag":[],"class_list":{"0":"post-3206","1":"product","2":"type-product","3":"status-publish","4":"has-post-thumbnail","7":"first","8":"instock","9":"sale","10":"virtual","11":"taxable","12":"purchasable","13":"product-type-simple"},"jetpack_sharing_enabled":true,"jetpack_likes_enabled":true,"_links":{"self":[{"href":"https:\/\/cdhubs.com\/ar\/wp-json\/wp\/v2\/product\/3206","targetHints":{"allow":["GET"]}}],"collection":[{"href":"https:\/\/cdhubs.com\/ar\/wp-json\/wp\/v2\/product"}],"about":[{"href":"https:\/\/cdhubs.com\/ar\/wp-json\/wp\/v2\/types\/product"}],"replies":[{"embeddable":true,"href":"https:\/\/cdhubs.com\/ar\/wp-json\/wp\/v2\/comments?post=3206"}],"version-history":[{"count":2,"href":"https:\/\/cdhubs.com\/ar\/wp-json\/wp\/v2\/product\/3206\/revisions"}],"predecessor-version":[{"id":3209,"href":"https:\/\/cdhubs.com\/ar\/wp-json\/wp\/v2\/product\/3206\/revisions\/3209"}],"wp:featuredmedia":[{"embeddable":true,"href":"https:\/\/cdhubs.com\/ar\/wp-json\/wp\/v2\/media\/3207"}],"wp:attachment":[{"href":"https:\/\/cdhubs.com\/ar\/wp-json\/wp\/v2\/media?parent=3206"}],"wp:term":[{"taxonomy":"product_brand","embeddable":true,"href":"https:\/\/cdhubs.com\/ar\/wp-json\/wp\/v2\/product_brand?post=3206"},{"taxonomy":"product_cat","embeddable":true,"href":"https:\/\/cdhubs.com\/ar\/wp-json\/wp\/v2\/product_cat?post=3206"},{"taxonomy":"product_tag","embeddable":true,"href":"https:\/\/cdhubs.com\/ar\/wp-json\/wp\/v2\/product_tag?post=3206"}],"curies":[{"name":"wp","href":"https:\/\/api.w.org\/{rel}","templated":true}]}}