{"id":3019,"date":"2025-04-24T23:04:59","date_gmt":"2025-04-24T23:04:59","guid":{"rendered":"https:\/\/cdhubs.com\/?post_type=product&#038;p=3019"},"modified":"2025-04-26T14:09:46","modified_gmt":"2025-04-26T14:09:46","slug":"crime-boss-rockay-city-xbox","status":"publish","type":"product","link":"https:\/\/cdhubs.com\/ar\/product\/crime-boss-rockay-city-xbox\/","title":{"rendered":"\u0632\u0639\u064a\u0645 \u0627\u0644\u062c\u0631\u064a\u0645\u0629: \u0631\u0648\u0643\u064a \u0633\u064a\u062a\u064a XBOX"},"content":{"rendered":"<div id=\"aboutThisGame\" class=\"game_page_autocollapse\" data-panel=\"{&quot;type&quot;:&quot;PanelGroup&quot;}\">\n<div id=\"game_area_description\" class=\"game_area_description\">\n<h2>\u00c0 propos de ce jeu<\/h2>\n<p class=\"bb_paragraph\">\u0645\u062f\u064a\u0646\u0629 Rockay \u0647\u064a \u062f\u0627\u0626\u0645\u064b\u0627 \u0645\u0644\u064a\u0626\u0629 \u0628\u0627\u0644\u062d\u064a\u0648\u064a\u0629: \u0633\u062a\u0633\u062a\u0641\u064a\u062f \u0645\u0646 \u0627\u0644\u0645\u062d\u062a\u0648\u0649 \u0627\u0644\u062c\u062f\u064a\u062f \u0637\u0648\u0627\u0644 \u0639\u0627\u0645 2025! \u0645\u063a\u0627\u0645\u0631\u0627\u062a \u062c\u062f\u064a\u062f\u0629 \u0644\u0643!<\/p>\n<p class=\"bb_paragraph\">\u0627\u062e\u062a\u0631 \u0645\u062c\u0645\u0648\u0639\u0629 \u0645\u062a\u0646\u0648\u0639\u0629 \u0645\u0646 \u0627\u0644\u0645\u0643\u0627\u0628\u062d \u0648\u0627\u0644\u062a\u0645\u0648\u064a\u062c\u0627\u062a\u060c \u0648\u0642\u0645 \u0628\u0631\u0641\u0639 \u0645\u0633\u062a\u0648\u064a\u0627\u062a \u0627\u0644\u0633\u0645\u0643\u0629 \u0648\u062a\u062e\u0644\u0635 \u0645\u0646 \u0632\u0639\u064a\u0645 \u0627\u0644\u062c\u0631\u064a\u0645\u0629 \u0641\u064a \u0631\u0648\u0643\u0627\u064a \u0633\u064a\u062a\u064a!<\/p>\n<p class=\"bb_paragraph\"><img data-recalc-dims=\"1\" decoding=\"async\" class=\"bb_img\" src=\"https:\/\/i0.wp.com\/shared.fastly.steamstatic.com\/store_item_assets\/steam\/apps\/2933080\/extras\/Steam_gif_Combat_with_vault.gif?ssl=1\" \/><\/p>\n<p class=\"bb_paragraph\"><strong>Jouez en coop avec vos amis.<\/strong><\/p>\n<p class=\"bb_paragraph\">\u0642\u0645 \u0628\u062c\u0645\u0639 \u0645\u0627 \u064a\u0635\u0644 \u0625\u0644\u0649 4 \u0644\u0627\u0639\u0628\u064a\u0646 \u0648\u062a\u062d\u0642\u064a\u0642 \u0627\u0644\u0645\u0643\u0627\u0628\u062d \u0645\u062a\u0639\u062f\u062f\u0629 \u0627\u0644\u0644\u0627\u0639\u0628\u064a\u0646 \u0627\u0644\u0645\u062a\u0639\u0627\u0648\u0646\u064a\u0646 \u0644\u0644\u062d\u0635\u0648\u0644 \u0639\u0644\u0649 \u0627\u0644\u062d\u062f \u0627\u0644\u0623\u0642\u0635\u0649 \u0645\u0646 \u0627\u0644\u0627\u062d\u062a\u0643\u0627\u0643.<\/p>\n<p class=\"bb_paragraph\">\u0627\u062e\u062a\u0631 \u0627\u0644\u0635\u0639\u0648\u0628\u0629 \u0627\u0644\u062a\u064a \u062a\u0648\u0627\u062c\u0647\u0647\u0627\u060c \u0648\u0635\u0646\u0639 \u0631\u0626\u064a\u0633\u0643\u060c \u0648\u062c\u0647\u0632 \u0623\u0633\u0644\u062d\u062a\u0643 \u0648\u0645\u0632\u0627\u064a\u0627\u0643\u060c \u062b\u0645 \u0627\u0646\u0637\u0644\u0642 \u0641\u064a \u0627\u0644\u0645\u0647\u0627\u0645 \u0645\u0639 \u0627\u0644\u0631\u0648\u0628\u0648\u062a\u0627\u062a \u0623\u0648 \u0627\u0644\u0623\u0635\u062f\u0642\u0627\u0621. \u0627\u0644\u0639\u0628 \u0628\u0645\u0641\u0631\u062f\u0643\u060c \u0648\u0627\u0646\u063a\u0645\u0633 \u0641\u064a \u0627\u0644\u062d\u0645\u0644\u0627\u062a \u0627\u0644\u0635\u063a\u064a\u0631\u0629 \u00abL\u00e9gendes urbaines\u00bb \u0641\u064a \u0644\u0639\u0628\u0629 \u062a\u0627\u0631\u064a\u062e\u064a\u0629 \u063a\u0627\u0645\u0631\u0629\u060c \u0648\u0648\u0627\u062c\u0647 \u063a\u0645\u0648\u0636 \u0627\u0644\u0623\u0639\u062f\u0627\u0621 \u0641\u064a Rockay Rumble\u060c \u0623\u0648 \u062e\u0636 \u0645\u0647\u0645\u0629 \u0628\u0627\u0644\u0645\u063a\u0627\u0645\u0631\u0629 \u0645\u0639 \u0648\u0636\u0639 Al\u00e9atoire!<\/p>\n<p class=\"bb_paragraph\">\u0642\u0645 \u0628\u062a\u062c\u0645\u064a\u0639 \u0627\u0644\u0623\u0645\u0648\u0627\u0644 \u0627\u0644\u0646\u0642\u062f\u064a\u0629 \u0648\u062a\u062c\u0646\u064a\u062f \u0627\u0644\u0634\u062e\u0635\u064a\u0627\u062a \u0627\u0644\u062c\u062f\u064a\u062f\u0629 \u0648\u0627\u062d\u0635\u0644 \u0639\u0644\u0649 \u0627\u0644\u0623\u0633\u0644\u062d\u0629 \u0648\u062d\u0633\u0651\u0646 \u0645\u0632\u0627\u064a\u0627\u0643 \u0645\u0646 \u0623\u062c\u0644 \u062a\u0639\u0632\u064a\u0632 \u062a\u0643\u0627\u0645\u0644 \u0627\u0644\u0632\u0631.<\/p>\n<p class=\"bb_paragraph\">\u0627\u0644\u0639\u0628 \u0645\u0639 \u0623\u0635\u062f\u0642\u0627\u0626\u0643 \u0639\u0644\u0649 \u062c\u0645\u064a\u0639 \u0623\u0634\u0643\u0627\u0644 \u0627\u0644\u0644\u0648\u062d\u0627\u062a \u0627\u0644\u0645\u062a\u0648\u0627\u0641\u0642\u0629 \u0645\u0639 \u0627\u0644\u0644\u0639\u0628 \u0627\u0644\u0645\u062a\u0642\u0627\u0637\u0639 \u0648\u062d\u0642\u0642 \u0643\u0644 \u0641\u0631\u0635\u0643.<\/p>\n<p class=\"bb_paragraph\"><img data-recalc-dims=\"1\" decoding=\"async\" class=\"bb_img\" src=\"https:\/\/i0.wp.com\/shared.fastly.steamstatic.com\/store_item_assets\/steam\/apps\/2933080\/extras\/Steam_GIF_Progression.gif?ssl=1\" \/><\/p>\n<p class=\"bb_paragraph\"><strong>Gagnez des r\u00e9compenses.<\/strong><\/p>\n<p class=\"bb_paragraph\">\u0642\u0645 \u0628\u062a\u062c\u0645\u064a\u0639 \u0646\u0639\u0645\u0629 \u0627\u0644\u062e\u0628\u0631\u0629 \u0641\u064a \u0646\u0638\u0627\u0645 \u062a\u0642\u062f\u0645 \u0645\u0648\u062d\u062f\u060c \u0628\u0627\u0644\u0625\u0636\u0627\u0641\u0629 \u0625\u0644\u0649 \u0643\u0648\u0646\u0647\u0627 \u062a\u0639\u0627\u0648\u0646\u064a\u0629 \u0641\u0642\u0637!<\/p>\n<p class=\"bb_paragraph\">Chaque niveau vous permet de d\u00e9bloquer de nouvelles Arms\u060c Braqueurs\u060c \u0627\u0644\u0645\u0639\u062f\u0627\u062a \u0648\u0627\u0644\u062c\u0644\u0648\u062f. \u0627\u0633\u062a\u0639\u062f \u0644\u0644\u0646\u062c\u0627\u062d \u0641\u064a \u062a\u062e\u0635\u064a\u0635 \u0645\u0639\u062f\u0627\u062a\u0643 \u0648\u0641\u0631\u064a\u0642\u0643.<\/p>\n<p class=\"bb_paragraph\">\u0627\u062d\u0635\u0644 \u0639\u0644\u0649 \u0153il sur les \u00e9v\u00e9nements double EXP \u0645\u0646 \u0623\u062c\u0644 \u0627\u0644\u062a\u0642\u062f\u0645 \u0645\u0631\u0629 \u0623\u062e\u0631\u0649 \u0628\u0627\u0644\u0625\u0636\u0627\u0641\u0629 \u0625\u0644\u0649 \u0627\u0644\u0633\u0631\u0639\u0629.<\/p>\n<p class=\"bb_paragraph\"><img data-recalc-dims=\"1\" decoding=\"async\" class=\"bb_img\" src=\"https:\/\/i0.wp.com\/shared.fastly.steamstatic.com\/store_item_assets\/steam\/apps\/2933080\/extras\/Steam_GIF_Map_2.gif?ssl=1\" \/><\/p>\n<p class=\"bb_paragraph\"><strong>\u062e\u0630 \u0627\u0644\u0623\u0648\u0627\u0645\u0631 \u0641\u064a \u0627\u0644\u062d\u0645\u0644\u0629 \u0627\u0644\u0645\u0646\u0641\u0631\u062f\u0629!<\/strong><\/p>\n<p class=\"bb_paragraph\">\u064a\u0645\u0643\u0646 \u0623\u0646 \u064a\u062c\u0633\u062f \u0627\u0644\u0644\u0627\u0639\u0628\u0648\u0646 \u0627\u0644\u0645\u062a\u0633\u0627\u0628\u0642\u0648\u0646 \u062a\u0631\u0627\u0641\u064a\u0633 \u0628\u064a\u0643\u0631 \u0648\u064a\u062d\u0627\u0648\u0644 \u0627\u0644\u0627\u0646\u062a\u0642\u0627\u0644 \u0645\u0646 \u062c\u0645\u064a\u0639 \u0623\u0631\u0627\u0636\u064a \u0645\u062f\u064a\u0646\u0629 \u0631\u0648\u0643\u0627\u064a \u0641\u064a \u062d\u0645\u0644\u0629 \u0631\u0648\u062c\u0648\u064a\u0644 \u0645\u0646\u0641\u0631\u062f\u064b\u0627.<\/p>\n<p class=\"bb_paragraph\">\u0645\u0648\u0646\u062a\u064a\u0632 \u0639\u0635\u0627\u0628\u062a\u0643\u060c \u064a\u062a\u062d\u0643\u0645 \u0641\u064a \u0627\u0644\u0645\u062f\u064a\u0646\u0629 \u0648\u064a\u0639\u0643\u0633 \u0627\u0644\u0637\u0647\u0627\u0629 \u0627\u0644\u0645\u0646\u0627\u0641\u0633\u064a\u0646. \u0623\u0646\u062c\u0632 \u0627\u0644\u0645\u0647\u0627\u0645 \u0644\u062a\u062c\u062f\u064a\u062f \u062c\u064a\u0648\u0628\u0643\u060c \u0648\u062a\u062d\u0633\u064a\u0646 \u0642\u0648\u0627\u0637\u0639\u0643\u060c \u0648\u0625\u0644\u063a\u0627\u0621 \u0642\u0641\u0644 \u0627\u0644\u062a\u062d\u0633\u064a\u0646\u0627\u062a \u0627\u0644\u062f\u0627\u0626\u0645\u0629 \u0644\u062a\u0642\u062a\u0631\u0628 \u0645\u0646 \u0647\u062f\u0641\u0643 \u0627\u0644\u0646\u0647\u0627\u0626\u064a.<\/p>\n<p class=\"bb_paragraph\">\u0639\u0632\u0632 \u0633\u0645\u0639\u062a\u0643 \u0645\u0646 \u062e\u0644\u0627\u0644 \u0627\u0644\u0627\u062e\u062a\u064a\u0627\u0631 \u0628\u064a\u0646 \u0627\u0644\u0627\u0646\u0642\u0644\u0627\u0628\u0627\u062a \u0627\u0644\u0635\u063a\u064a\u0631\u0629 \u0627\u0644\u0633\u0631\u064a\u0629 \u0623\u0648 \u0627\u0644\u0645\u0641\u0627\u062e\u0631\u0629 \u0627\u0644\u0645\u0630\u0647\u0644\u0629\u060c \u0645\u0646 \u062e\u0644\u0627\u0644 \u0627\u0644\u0642\u064a\u0627\u0645 \u0628\u0645\u0647\u0627\u0645 \u0628\u062f\u064a\u0644\u0629.<\/p>\n<\/div>\n<\/div>\n<div class=\"game_page_autocollapse_fade\"><\/div>","protected":false},"excerpt":{"rendered":"<p>\u0644\u0639\u0628\u0629 \u0623\u0635\u0644\u064a\u0629 \u0645\u062c\u0633\u0645\u0629 \u0644\u0644\u0639\u0628\u0629 \u0645\u062c\u0633\u0645\u0629 \u0644\u0634\u062e\u0635\u064a\u0629!<br \/>\n\u0627\u0634\u062a\u0631\u0650 \u0627\u0644\u0644\u0639\u0628\u0629 \u0627\u0644\u0622\u0646 \u0648\u0627\u062d\u0635\u0644 \u0639\u0644\u0649 \u0631\u0645\u0632 \u0627\u0644\u062a\u0641\u0639\u064a\u0644 \u0627\u0644\u0631\u0642\u0645\u064a \u062e\u0644\u0627\u0644 10 \u0625\u0644\u0649 15 \u062f\u0642\u064a\u0642\u0629 \u0641\u0642\u0637 \u0628\u0639\u062f \u0627\u0644\u062f\u0641\u0639.<br \/>\n\u0642\u0645 \u0628\u0627\u0633\u062a\u062e\u062f\u0627\u0645 \u0627\u0644\u0643\u0648\u062f \u0627\u0644\u0645\u0648\u062c\u0648\u062f \u0639\u0644\u0649 \u0627\u0644\u0645\u0646\u0635\u0629 \u0627\u0644\u0623\u0633\u0627\u0633\u064a (Steam\u060c Xbox\u060c PSN\u2026) \u0648\u0633\u064a\u062a\u0645 \u0625\u0636\u0627\u0641\u0629 \u0627\u0644\u0644\u0639\u0628\u0629 \u062a\u0644\u0642\u0627\u0626\u064a\u064b\u0627 \u0625\u0644\u0649 \u062d\u0633\u0627\u0628\u0643 \u0645\u062f\u0649 \u0627\u0644\u062d\u064a\u0627\u0629.<\/p>\n<p>\u0645\u0645\u064a\u0632\u0627\u062a \u0627\u0644\u0645\u0646\u062a\u062c<br \/>\n\u0643\u0648\u062f \u0631\u0633\u0645\u064a \u0648\u0622\u0645\u0646 100%<\/p>\n<p>\u0627\u0644\u062a\u0633\u0644\u064a\u0645 \u0627\u0644\u0633\u0631\u064a\u0639 \u062e\u0644\u0627\u0644 10 \u2013 15 \u062f\u0642\u064a\u0642\u0629<\/p>\n<p>\u062f\u0639\u0645 \u0641\u0646\u064a \u0641\u064a \u062d\u0627\u0644 \u0648\u0627\u062c\u0647\u062a \u0623\u064a \u0645\u0634\u0643\u0644\u0629<\/p>\n<p>\u0628\u062f\u0648\u0646 \u0627\u0634\u062a\u0631\u0627\u0643 \u0634\u0647\u0631\u064a - \u0634\u0631\u0627\u0621 \u0644\u0645\u0631\u0629 \u0648\u0627\u062d\u062f\u0629 \u0641\u0642\u0637<\/p>\n<p>\u0627\u0644\u0633\u0639\u0631 \u0627\u0644\u0623\u0641\u0636\u0644 \u0641\u064a \u0627\u0644\u0633\u0648\u0642 \u0627\u0644\u062c\u0632\u0627\u0626\u0631\u064a<\/p>\n<p>\u0643\u064a\u0641\u064a\u0629 \u0627\u0644\u0627\u0633\u062a\u0631\u062f\u0627\u062f:<br \/>\n\u0625\u0630\u0627 \u0644\u0645 \u062a\u0643\u0646 \u062a\u0639\u0631\u0641 \u0637\u0631\u064a\u0642\u0629 \u062a\u0641\u0639\u064a\u0644 \u0627\u0644\u0643\u0648\u062f\u060c \u0641\u0644\u0627 \u062a\u0642\u0644\u0642!<br \/>\n\u0628\u0639\u062f \u0639\u0645\u0644\u064a\u0629 \u0627\u0644\u0634\u0631\u0627\u0621\u060c \u0633\u064a\u062a\u0645 \u062a\u0648\u062c\u064a\u0647\u0643 \u062a\u0644\u0642\u0627\u0626\u064a\u064b\u0627 \u0625\u0644\u0649 \u0635\u0641\u062d\u0629 \u0627\u0644\u0641\u064a\u062f\u064a\u0648\u0647\u0627\u062a \u0627\u0644\u062a\u064a \u062a\u0634\u0631\u062d \u062e\u0637\u0648\u0629 \u0628\u062e\u0637\u0648\u0629 \u0643\u064a\u0641\u064a\u0629 \u0627\u0633\u062a\u0631\u062f\u0627\u062f \u0627\u0644\u0643\u0648\u062f \u0639\u0644\u0649 \u0643\u0644 \u0645\u0646\u0635\u0629 (Steam\u060c Xbox\u060c PS...).<\/p>\n<div id=\"aboutThisGame\" class=\"game_page_autocollapse\" data-panel=\"{&quot;type&quot;:&quot;PanelGroup&quot;}\">\n<div id=\"game_area_description\" class=\"game_area_description\"><\/div>\n<\/div>","protected":false},"featured_media":3020,"comment_status":"open","ping_status":"closed","template":"","meta":{"googlesitekit_rrm_CAowv7G7DA:productID":"","om_disable_all_campaigns":false,"_monsterinsights_skip_tracking":false,"_monsterinsights_sitenote_active":false,"_monsterinsights_sitenote_note":"","_monsterinsights_sitenote_category":0,"jetpack_post_was_ever_published":false},"product_brand":[63],"product_cat":[48,49],"product_tag":[],"class_list":{"0":"post-3019","1":"product","2":"type-product","3":"status-publish","4":"has-post-thumbnail","6":"product_brand-xbox","7":"product_cat-xbox-one","8":"product_cat-xbox-series-xs","10":"first","11":"instock","12":"sale","13":"virtual","14":"taxable","15":"purchasable","16":"product-type-simple"},"jetpack_sharing_enabled":true,"jetpack_likes_enabled":true,"_links":{"self":[{"href":"https:\/\/cdhubs.com\/ar\/wp-json\/wp\/v2\/product\/3019","targetHints":{"allow":["GET"]}}],"collection":[{"href":"https:\/\/cdhubs.com\/ar\/wp-json\/wp\/v2\/product"}],"about":[{"href":"https:\/\/cdhubs.com\/ar\/wp-json\/wp\/v2\/types\/product"}],"replies":[{"embeddable":true,"href":"https:\/\/cdhubs.com\/ar\/wp-json\/wp\/v2\/comments?post=3019"}],"version-history":[{"count":3,"href":"https:\/\/cdhubs.com\/ar\/wp-json\/wp\/v2\/product\/3019\/revisions"}],"predecessor-version":[{"id":3041,"href":"https:\/\/cdhubs.com\/ar\/wp-json\/wp\/v2\/product\/3019\/revisions\/3041"}],"wp:featuredmedia":[{"embeddable":true,"href":"https:\/\/cdhubs.com\/ar\/wp-json\/wp\/v2\/media\/3020"}],"wp:attachment":[{"href":"https:\/\/cdhubs.com\/ar\/wp-json\/wp\/v2\/media?parent=3019"}],"wp:term":[{"taxonomy":"product_brand","embeddable":true,"href":"https:\/\/cdhubs.com\/ar\/wp-json\/wp\/v2\/product_brand?post=3019"},{"taxonomy":"product_cat","embeddable":true,"href":"https:\/\/cdhubs.com\/ar\/wp-json\/wp\/v2\/product_cat?post=3019"},{"taxonomy":"product_tag","embeddable":true,"href":"https:\/\/cdhubs.com\/ar\/wp-json\/wp\/v2\/product_tag?post=3019"}],"curies":[{"name":"wp","href":"https:\/\/api.w.org\/{rel}","templated":true}]}}