{"id":2826,"date":"2025-04-22T13:02:18","date_gmt":"2025-04-22T13:02:18","guid":{"rendered":"https:\/\/cdhubs.com\/?post_type=product&#038;p=2826"},"modified":"2025-04-26T16:49:21","modified_gmt":"2025-04-26T16:49:21","slug":"hitman-3-pc-xbox","status":"publish","type":"product","link":"https:\/\/cdhubs.com\/ar\/product\/hitman-3-pc-xbox\/","title":{"rendered":"\u0647\u064a\u062a\u0645\u0627\u0646 3 \u0644\u0644\u0643\u0645\u0628\u064a\u0648\u062a\u0631 \u0627\u0644\u0634\u062e\u0635\u064a \u0627\u0643\u0633 \u0628\u0648\u0643\u0633"},"content":{"rendered":"<div class=\"game_page_autocollapse_ctn\">\n<div id=\"aboutThisGame\" class=\"game_page_autocollapse\" data-panel=\"{&quot;type&quot;:&quot;PanelGroup&quot;}\">\n<div id=\"game_area_description\" class=\"game_area_description\">\n<h2>\u00c0 propos de ce contenu<\/h2>\n<p>Le pack Deluxe HITMAN\u00a03 ajoute du nouveau contenu pour HITMAN\u00a03.<\/p>\n<p>&#8211; Contrats Escalade Deluxe<br \/>\n&#8211; Costumes et objets Deluxe<br \/>\n&#8211; Bande originale num\u00e9rique<br \/>\n&#8211; Livre num\u00e9rique \u00ab\u00a0World of HITMAN\u00a0\u00bb<br \/>\n&#8211; Commentaires r\u00e9alisateur (Introduction Mission)<\/p>\n<p>Une connexion \u00e0 Internet et un compte IOI gratuit sont n\u00e9cessaires pour obtenir la bande originale et le livre \u00ab\u00a0World of Hitman\u00a0\u00bb, tous deux au format num\u00e9rique. Pour en savoir plus, rendez-vous sur ioi.dk\/ioi-account<\/p>\n<\/div>\n<\/div>\n<\/div>\n<div class=\"game_page_autocollapse_ctn\">\n<div class=\"game_page_autocollapse\">\n<div id=\"game_area_content_descriptors\" class=\"game_area_description\">\n<h2>Description du contenu pour adultes<\/h2>\n<p>Voici la description de l&#8217;\u00e9quipe de d\u00e9veloppement \u00e0 propos du contenu du produit\u00a0:<\/p>\n<p><i>This Game may contain content not appropriate for all ages, or may not be appropriate for viewing at work: Frequent Violence or Gore, General Mature Content.<\/i><\/p>\n<\/div>\n<\/div>\n<\/div>","protected":false},"excerpt":{"rendered":"<div class=\"game_page_autocollapse_ctn\">\n<div id=\"aboutThisGame\" class=\"game_page_autocollapse\" data-panel=\"{&quot;type&quot;:&quot;PanelGroup&quot;}\">\n<div id=\"game_area_description\" class=\"game_area_description\">\n<p>\u0644\u0639\u0628\u0629 \u0623\u0635\u0644\u064a\u0629 \u0645\u062c\u0633\u0645\u0629 \u0644\u0644\u0639\u0628\u0629 \u0645\u062c\u0633\u0645\u0629 \u0644\u0634\u062e\u0635\u064a\u0629!<br \/>\n\u0627\u0634\u062a\u0631\u0650 \u0627\u0644\u0644\u0639\u0628\u0629 \u0627\u0644\u0622\u0646 \u0648\u0627\u062d\u0635\u0644 \u0639\u0644\u0649 \u0631\u0645\u0632 \u0627\u0644\u062a\u0641\u0639\u064a\u0644 \u0627\u0644\u0631\u0642\u0645\u064a \u062e\u0644\u0627\u0644 10 \u0625\u0644\u0649 15 \u062f\u0642\u064a\u0642\u0629 \u0641\u0642\u0637 \u0628\u0639\u062f \u0627\u0644\u062f\u0641\u0639.<br \/>\n\u0642\u0645 \u0628\u0627\u0633\u062a\u062e\u062f\u0627\u0645 \u0627\u0644\u0643\u0648\u062f \u0627\u0644\u0645\u0648\u062c\u0648\u062f \u0639\u0644\u0649 \u0627\u0644\u0645\u0646\u0635\u0629 \u0627\u0644\u0623\u0633\u0627\u0633\u064a (Steam\u060c Xbox\u060c PSN\u2026) \u0648\u0633\u064a\u062a\u0645 \u0625\u0636\u0627\u0641\u0629 \u0627\u0644\u0644\u0639\u0628\u0629 \u062a\u0644\u0642\u0627\u0626\u064a\u064b\u0627 \u0625\u0644\u0649 \u062d\u0633\u0627\u0628\u0643 \u0645\u062f\u0649 \u0627\u0644\u062d\u064a\u0627\u0629.<\/p>\n<p>\u0645\u0645\u064a\u0632\u0627\u062a \u0627\u0644\u0645\u0646\u062a\u062c<br \/>\n\u0643\u0648\u062f \u0631\u0633\u0645\u064a \u0648\u0622\u0645\u0646 100%<\/p>\n<p>\u0627\u0644\u062a\u0633\u0644\u064a\u0645 \u0627\u0644\u0633\u0631\u064a\u0639 \u062e\u0644\u0627\u0644 10 \u2013 15 \u062f\u0642\u064a\u0642\u0629<\/p>\n<p>\u062f\u0639\u0645 \u0641\u0646\u064a \u0641\u064a \u062d\u0627\u0644 \u0648\u0627\u062c\u0647\u062a \u0623\u064a \u0645\u0634\u0643\u0644\u0629<\/p>\n<p>\u0628\u062f\u0648\u0646 \u0627\u0634\u062a\u0631\u0627\u0643 \u0634\u0647\u0631\u064a - \u0634\u0631\u0627\u0621 \u0644\u0645\u0631\u0629 \u0648\u0627\u062d\u062f\u0629 \u0641\u0642\u0637<\/p>\n<p>\u0627\u0644\u0633\u0639\u0631 \u0627\u0644\u0623\u0641\u0636\u0644 \u0641\u064a \u0627\u0644\u0633\u0648\u0642 \u0627\u0644\u062c\u0632\u0627\u0626\u0631\u064a<\/p>\n<p>\u0643\u064a\u0641\u064a\u0629 \u0627\u0644\u0627\u0633\u062a\u0631\u062f\u0627\u062f:<br \/>\n\u0625\u0630\u0627 \u0644\u0645 \u062a\u0643\u0646 \u062a\u0639\u0631\u0641 \u0637\u0631\u064a\u0642\u0629 \u062a\u0641\u0639\u064a\u0644 \u0627\u0644\u0643\u0648\u062f\u060c \u0641\u0644\u0627 \u062a\u0642\u0644\u0642!<br \/>\n\u0628\u0639\u062f \u0639\u0645\u0644\u064a\u0629 \u0627\u0644\u0634\u0631\u0627\u0621\u060c \u0633\u064a\u062a\u0645 \u062a\u0648\u062c\u064a\u0647\u0643 \u062a\u0644\u0642\u0627\u0626\u064a\u064b\u0627 \u0625\u0644\u0649 \u0635\u0641\u062d\u0629 \u0627\u0644\u0641\u064a\u062f\u064a\u0648\u0647\u0627\u062a \u0627\u0644\u062a\u064a \u062a\u0634\u0631\u062d \u062e\u0637\u0648\u0629 \u0628\u062e\u0637\u0648\u0629 \u0643\u064a\u0641\u064a\u0629 \u0627\u0633\u062a\u0631\u062f\u0627\u062f \u0627\u0644\u0643\u0648\u062f \u0639\u0644\u0649 \u0643\u0644 \u0645\u0646\u0635\u0629 (Steam\u060c Xbox\u060c PS...).<\/p>\n<\/div>\n<\/div>\n<\/div>","protected":false},"featured_media":2827,"comment_status":"open","ping_status":"closed","template":"","meta":{"googlesitekit_rrm_CAowv7G7DA:productID":"","om_disable_all_campaigns":false,"_monsterinsights_skip_tracking":false,"_monsterinsights_sitenote_active":false,"_monsterinsights_sitenote_note":"","_monsterinsights_sitenote_category":0,"jetpack_post_was_ever_published":false},"product_brand":[63],"product_cat":[48],"product_tag":[],"class_list":{"0":"post-2826","1":"product","2":"type-product","3":"status-publish","4":"has-post-thumbnail","6":"product_brand-xbox","7":"product_cat-xbox-one","9":"first","10":"instock","11":"sale","12":"virtual","13":"taxable","14":"purchasable","15":"product-type-simple"},"jetpack_sharing_enabled":true,"jetpack_likes_enabled":true,"_links":{"self":[{"href":"https:\/\/cdhubs.com\/ar\/wp-json\/wp\/v2\/product\/2826","targetHints":{"allow":["GET"]}}],"collection":[{"href":"https:\/\/cdhubs.com\/ar\/wp-json\/wp\/v2\/product"}],"about":[{"href":"https:\/\/cdhubs.com\/ar\/wp-json\/wp\/v2\/types\/product"}],"replies":[{"embeddable":true,"href":"https:\/\/cdhubs.com\/ar\/wp-json\/wp\/v2\/comments?post=2826"}],"version-history":[{"count":2,"href":"https:\/\/cdhubs.com\/ar\/wp-json\/wp\/v2\/product\/2826\/revisions"}],"predecessor-version":[{"id":3085,"href":"https:\/\/cdhubs.com\/ar\/wp-json\/wp\/v2\/product\/2826\/revisions\/3085"}],"wp:featuredmedia":[{"embeddable":true,"href":"https:\/\/cdhubs.com\/ar\/wp-json\/wp\/v2\/media\/2827"}],"wp:attachment":[{"href":"https:\/\/cdhubs.com\/ar\/wp-json\/wp\/v2\/media?parent=2826"}],"wp:term":[{"taxonomy":"product_brand","embeddable":true,"href":"https:\/\/cdhubs.com\/ar\/wp-json\/wp\/v2\/product_brand?post=2826"},{"taxonomy":"product_cat","embeddable":true,"href":"https:\/\/cdhubs.com\/ar\/wp-json\/wp\/v2\/product_cat?post=2826"},{"taxonomy":"product_tag","embeddable":true,"href":"https:\/\/cdhubs.com\/ar\/wp-json\/wp\/v2\/product_tag?post=2826"}],"curies":[{"name":"wp","href":"https:\/\/api.w.org\/{rel}","templated":true}]}}